{"id":6363,"date":"2026-02-27T15:20:31","date_gmt":"2026-02-27T14:20:31","guid":{"rendered":"https:\/\/artofcosy.com\/?post_type=product&#038;p=6363"},"modified":"2026-02-27T15:38:02","modified_gmt":"2026-02-27T14:38:02","slug":"aura-side-table-smoked-oak-l","status":"publish","type":"product","link":"https:\/\/artofcosy.com\/hu\/termek\/aura-side-table-smoked-oak-l\/","title":{"rendered":"Aura Side Table Smoked Oak &#8211; L"},"content":{"rendered":"<p class=\" translation-block\">Leny\u0171g\u00f6z\u0151 darabj\u00e1t, mely harmonikusan \u00f6tv\u00f6zi a rusztikus \u00e9s modern eszt\u00e9tikai elemeket. A sima, matt fel\u00fclet\u00e9r\u0151l ismert luxus m\u00e1rv\u00e1nylap eleg\u00e1ns kontrasztot alkot a term\u00e9szetes fa gazdag t\u00f3nusaival, \u00edgy egy vizu\u00e1lisan mag\u00e1val ragad\u00f3 \u00e9lm\u00e9nyt teremt b\u00e1rmely enteri\u0151rben.<\/p>\n<p>The <b>Aura Side Table &#8211; Large <\/b>is a refined <b>Smoked Oak <\/b><b>wooden veneer side table,<\/b> modern \u00e9s id\u0151t\u00e1ll\u00f3 enteri\u0151r\u00f6kbe tervezve.<\/p>\n<p>This elegant side table highlights the natural beauty of wood while maintaining a clean, minimalist aesthetic. The warm tones and visible wood grain create a sophisticated balance between contemporary design and organic materials.<\/p>\n<p>Crafted with precision and durability in mind, this <b>wood and natural stone side table<\/b> is built to last. Every detail reflects careful craftsmanship, ensuring stability, longevity, and everyday usability. The Aura Side Table is a design statement that elevates interiors through natural materials and thoughtful proportions.<\/p>\n<p>Alak\u00edtsd \u00e1t a saj\u00e1t \u00edzl\u00e9sed szerint. Ne habozz \u00edrni nek\u00fcnk, \u00e9s mi megval\u00f3s\u00edtjuk \u00e1lmaidat.<\/p>\n<p>Ide\u00e1lis lehet nappaliba, h\u00e1l\u00f3szob\u00e1ba vagy az otthonod b\u00e1rmely helyis\u00e9gbe, hiszen ez az asztal modern kifinomults\u00e1got k\u00f6lcs\u00f6n\u00f6z b\u00e1rmely t\u00e9rnek. Legyen sz\u00f3 l\u00e1mp\u00e1r\u00f3l, k\u00f6nyvr\u0151l vagy egy cs\u00e9sze k\u00e1v\u00e9r\u00f3l, ez a funkcion\u00e1lis, m\u00e9gis m\u0171v\u00e9szi alkot\u00e1s t\u00f6k\u00e9letesen illeszkedik mind modern, mind klasszikus enteri\u0151r\u00f6kbe. Prec\u00edzen \u00e9s tart\u00f3san megmunk\u00e1lt, \u00edgy hossz\u00fa t\u00e1von is min\u0151s\u00e9gi \u00e9s maradand\u00f3 \u00e9lm\u00e9nyt ny\u00fajt.<\/p>\n<p>Szem\u00e9lyre szabhat\u00f3 term\u00e9k, keress minket bizalommal. <strong>info@artofcosy.com<\/strong><\/p>\n<p><strong>Please NOTE that each marble piece is unique. We cannot guarantee the exact same veining or pater as shown.<\/strong><\/p>","protected":false},"excerpt":{"rendered":"<p>Our new AURA Side Table &#8211; Large \u00a0combines steel, wood and elegant marble for a stylish, modern touch. Perfect for adding special style and sophistication to any space.<\/p>","protected":false},"featured_media":6342,"template":"","meta":{"_acf_changed":false,"footnotes":""},"product_cat":[179],"product_tag":[208],"class_list":{"0":"post-6363","1":"product","2":"type-product","3":"status-publish","4":"has-post-thumbnail","6":"product_cat-side-table","7":"product_tag-side-table","8":"product_shipping_class-side-table","10":"first","11":"instock","12":"taxable","13":"shipping-taxable","14":"purchasable","15":"product-type-variable"},"acf":[],"yoast_head":"<!-- This site is optimized with the Yoast SEO plugin v26.2 - https:\/\/yoast.com\/wordpress\/plugins\/seo\/ -->\n<title>Aura Side Table Smoked Oak - L - Art of Cosy<\/title>\n<meta name=\"description\" content=\"The Aura side table combines smoked oak and natural marble in refined, minimalist design. A timeless accent piece for modern, elegant interiors.\" \/>\n<meta name=\"robots\" content=\"index, follow, max-snippet:-1, max-image-preview:large, max-video-preview:-1\" \/>\n<link rel=\"canonical\" href=\"https:\/\/artofcosy.com\/hu\/termek\/aura-side-table-smoked-oak-l\/\" \/>\n<meta property=\"og:locale\" content=\"hu_HU\" \/>\n<meta property=\"og:type\" content=\"article\" \/>\n<meta property=\"og:title\" content=\"Aura Side Table Smoked Oak - L - Art of Cosy\" \/>\n<meta property=\"og:description\" content=\"The Aura side table combines smoked oak and natural marble in refined, minimalist design. A timeless accent piece for modern, elegant interiors.\" \/>\n<meta property=\"og:url\" content=\"https:\/\/artofcosy.com\/hu\/termek\/aura-side-table-smoked-oak-l\/\" \/>\n<meta property=\"og:site_name\" content=\"Art of Cosy\" \/>\n<meta property=\"article:modified_time\" content=\"2026-02-27T14:38:02+00:00\" \/>\n<meta property=\"og:image\" content=\"https:\/\/artofcosy.com\/wp-content\/uploads\/2025\/12\/Aura-Smoked-Oak-Side-Table-Rosso-Levanto-Marble.png\" \/>\n\t<meta property=\"og:image:width\" content=\"1024\" \/>\n\t<meta property=\"og:image:height\" content=\"1024\" \/>\n\t<meta property=\"og:image:type\" content=\"image\/png\" \/>\n<meta name=\"twitter:card\" content=\"summary_large_image\" \/>\n<meta name=\"twitter:label1\" content=\"Becs\u00fclt olvas\u00e1si id\u0151\" \/>\n\t<meta name=\"twitter:data1\" content=\"2 perc\" \/>\n<script type=\"application\/ld+json\" class=\"yoast-schema-graph\">{\"@context\":\"https:\/\/schema.org\",\"@graph\":[{\"@type\":\"WebPage\",\"@id\":\"https:\/\/artofcosy.com\/product\/aura-side-table-smoked-oak-l\/\",\"url\":\"https:\/\/artofcosy.com\/product\/aura-side-table-smoked-oak-l\/\",\"name\":\"Aura Side Table Smoked Oak - L - Art of Cosy\",\"isPartOf\":{\"@id\":\"https:\/\/artofcosy.com\/#website\"},\"primaryImageOfPage\":{\"@id\":\"https:\/\/artofcosy.com\/product\/aura-side-table-smoked-oak-l\/#primaryimage\"},\"image\":{\"@id\":\"https:\/\/artofcosy.com\/product\/aura-side-table-smoked-oak-l\/#primaryimage\"},\"thumbnailUrl\":\"https:\/\/artofcosy.com\/wp-content\/uploads\/2025\/12\/Aura-Smoked-Oak-Side-Table-Rosso-Levanto-Marble.png\",\"datePublished\":\"2026-02-27T14:20:31+00:00\",\"dateModified\":\"2026-02-27T14:38:02+00:00\",\"description\":\"The Aura side table combines smoked oak and natural marble in refined, minimalist design. A timeless accent piece for modern, elegant interiors.\",\"breadcrumb\":{\"@id\":\"https:\/\/artofcosy.com\/product\/aura-side-table-smoked-oak-l\/#breadcrumb\"},\"inLanguage\":\"hu\",\"potentialAction\":[{\"@type\":\"ReadAction\",\"target\":[\"https:\/\/artofcosy.com\/product\/aura-side-table-smoked-oak-l\/\"]}]},{\"@type\":\"ImageObject\",\"inLanguage\":\"hu\",\"@id\":\"https:\/\/artofcosy.com\/product\/aura-side-table-smoked-oak-l\/#primaryimage\",\"url\":\"https:\/\/artofcosy.com\/wp-content\/uploads\/2025\/12\/Aura-Smoked-Oak-Side-Table-Rosso-Levanto-Marble.png\",\"contentUrl\":\"https:\/\/artofcosy.com\/wp-content\/uploads\/2025\/12\/Aura-Smoked-Oak-Side-Table-Rosso-Levanto-Marble.png\",\"width\":1024,\"height\":1024},{\"@type\":\"BreadcrumbList\",\"@id\":\"https:\/\/artofcosy.com\/product\/aura-side-table-smoked-oak-l\/#breadcrumb\",\"itemListElement\":[{\"@type\":\"ListItem\",\"position\":1,\"name\":\"Home\",\"item\":\"https:\/\/artofcosy.com\/en\/\"},{\"@type\":\"ListItem\",\"position\":2,\"name\":\"Products\",\"item\":\"https:\/\/artofcosy.com\/shop__trashed\/\"},{\"@type\":\"ListItem\",\"position\":3,\"name\":\"Aura Side Table Smoked Oak &#8211; L\"}]},{\"@type\":\"WebSite\",\"@id\":\"https:\/\/artofcosy.com\/#website\",\"url\":\"https:\/\/artofcosy.com\/\",\"name\":\"Art of Cosy\",\"description\":\"\",\"publisher\":{\"@id\":\"https:\/\/artofcosy.com\/#organization\"},\"potentialAction\":[{\"@type\":\"SearchAction\",\"target\":{\"@type\":\"EntryPoint\",\"urlTemplate\":\"https:\/\/artofcosy.com\/?s={search_term_string}\"},\"query-input\":{\"@type\":\"PropertyValueSpecification\",\"valueRequired\":true,\"valueName\":\"search_term_string\"}}],\"inLanguage\":\"hu\"},{\"@type\":\"Organization\",\"@id\":\"https:\/\/artofcosy.com\/#organization\",\"name\":\"Art of Cosy\",\"url\":\"https:\/\/artofcosy.com\/\",\"logo\":{\"@type\":\"ImageObject\",\"inLanguage\":\"hu\",\"@id\":\"https:\/\/artofcosy.com\/#\/schema\/logo\/image\/\",\"url\":\"https:\/\/artofcosy.com\/wp-content\/uploads\/2023\/07\/AOC_new_logo-1.png\",\"contentUrl\":\"https:\/\/artofcosy.com\/wp-content\/uploads\/2023\/07\/AOC_new_logo-1.png\",\"width\":1200,\"height\":703,\"caption\":\"Art of Cosy\"},\"image\":{\"@id\":\"https:\/\/artofcosy.com\/#\/schema\/logo\/image\/\"}}]}<\/script>\n<!-- \/ Yoast SEO plugin. -->","yoast_head_json":{"title":"Aura Side Table Smoked Oak - L - Art of Cosy","description":"The Aura side table combines smoked oak and natural marble in refined, minimalist design. A timeless accent piece for modern, elegant interiors.","robots":{"index":"index","follow":"follow","max-snippet":"max-snippet:-1","max-image-preview":"max-image-preview:large","max-video-preview":"max-video-preview:-1"},"canonical":"https:\/\/artofcosy.com\/hu\/termek\/aura-side-table-smoked-oak-l\/","og_locale":"hu_HU","og_type":"article","og_title":"Aura Side Table Smoked Oak - L - Art of Cosy","og_description":"The Aura side table combines smoked oak and natural marble in refined, minimalist design. A timeless accent piece for modern, elegant interiors.","og_url":"https:\/\/artofcosy.com\/hu\/termek\/aura-side-table-smoked-oak-l\/","og_site_name":"Art of Cosy","article_modified_time":"2026-02-27T14:38:02+00:00","og_image":[{"width":1024,"height":1024,"url":"https:\/\/artofcosy.com\/wp-content\/uploads\/2025\/12\/Aura-Smoked-Oak-Side-Table-Rosso-Levanto-Marble.png","type":"image\/png"}],"twitter_card":"summary_large_image","twitter_misc":{"Becs\u00fclt olvas\u00e1si id\u0151":"2 perc"},"schema":{"@context":"https:\/\/schema.org","@graph":[{"@type":"WebPage","@id":"https:\/\/artofcosy.com\/product\/aura-side-table-smoked-oak-l\/","url":"https:\/\/artofcosy.com\/product\/aura-side-table-smoked-oak-l\/","name":"Aura Side Table Smoked Oak - L - Art of Cosy","isPartOf":{"@id":"https:\/\/artofcosy.com\/#website"},"primaryImageOfPage":{"@id":"https:\/\/artofcosy.com\/product\/aura-side-table-smoked-oak-l\/#primaryimage"},"image":{"@id":"https:\/\/artofcosy.com\/product\/aura-side-table-smoked-oak-l\/#primaryimage"},"thumbnailUrl":"https:\/\/artofcosy.com\/wp-content\/uploads\/2025\/12\/Aura-Smoked-Oak-Side-Table-Rosso-Levanto-Marble.png","datePublished":"2026-02-27T14:20:31+00:00","dateModified":"2026-02-27T14:38:02+00:00","description":"The Aura side table combines smoked oak and natural marble in refined, minimalist design. A timeless accent piece for modern, elegant interiors.","breadcrumb":{"@id":"https:\/\/artofcosy.com\/product\/aura-side-table-smoked-oak-l\/#breadcrumb"},"inLanguage":"hu","potentialAction":[{"@type":"ReadAction","target":["https:\/\/artofcosy.com\/product\/aura-side-table-smoked-oak-l\/"]}]},{"@type":"ImageObject","inLanguage":"hu","@id":"https:\/\/artofcosy.com\/product\/aura-side-table-smoked-oak-l\/#primaryimage","url":"https:\/\/artofcosy.com\/wp-content\/uploads\/2025\/12\/Aura-Smoked-Oak-Side-Table-Rosso-Levanto-Marble.png","contentUrl":"https:\/\/artofcosy.com\/wp-content\/uploads\/2025\/12\/Aura-Smoked-Oak-Side-Table-Rosso-Levanto-Marble.png","width":1024,"height":1024},{"@type":"BreadcrumbList","@id":"https:\/\/artofcosy.com\/product\/aura-side-table-smoked-oak-l\/#breadcrumb","itemListElement":[{"@type":"ListItem","position":1,"name":"Home","item":"https:\/\/artofcosy.com\/en\/"},{"@type":"ListItem","position":2,"name":"Products","item":"https:\/\/artofcosy.com\/shop__trashed\/"},{"@type":"ListItem","position":3,"name":"Aura Side Table Smoked Oak &#8211; L"}]},{"@type":"WebSite","@id":"https:\/\/artofcosy.com\/#website","url":"https:\/\/artofcosy.com\/","name":"Art of Cozy","description":"","publisher":{"@id":"https:\/\/artofcosy.com\/#organization"},"potentialAction":[{"@type":"SearchAction","target":{"@type":"EntryPoint","urlTemplate":"https:\/\/artofcosy.com\/?s={search_term_string}"},"query-input":{"@type":"PropertyValueSpecification","valueRequired":true,"valueName":"search_term_string"}}],"inLanguage":"hu"},{"@type":"Organization","@id":"https:\/\/artofcosy.com\/#organization","name":"Art of Cozy","url":"https:\/\/artofcosy.com\/","logo":{"@type":"ImageObject","inLanguage":"hu","@id":"https:\/\/artofcosy.com\/#\/schema\/logo\/image\/","url":"https:\/\/artofcosy.com\/wp-content\/uploads\/2023\/07\/AOC_new_logo-1.png","contentUrl":"https:\/\/artofcosy.com\/wp-content\/uploads\/2023\/07\/AOC_new_logo-1.png","width":1200,"height":703,"caption":"Art of Cosy"},"image":{"@id":"https:\/\/artofcosy.com\/#\/schema\/logo\/image\/"}}]}},"_links":{"self":[{"href":"https:\/\/artofcosy.com\/hu\/wp-json\/wp\/v2\/product\/6363","targetHints":{"allow":["GET"]}}],"collection":[{"href":"https:\/\/artofcosy.com\/hu\/wp-json\/wp\/v2\/product"}],"about":[{"href":"https:\/\/artofcosy.com\/hu\/wp-json\/wp\/v2\/types\/product"}],"version-history":[{"count":2,"href":"https:\/\/artofcosy.com\/hu\/wp-json\/wp\/v2\/product\/6363\/revisions"}],"predecessor-version":[{"id":6370,"href":"https:\/\/artofcosy.com\/hu\/wp-json\/wp\/v2\/product\/6363\/revisions\/6370"}],"wp:featuredmedia":[{"embeddable":true,"href":"https:\/\/artofcosy.com\/hu\/wp-json\/wp\/v2\/media\/6342"}],"wp:attachment":[{"href":"https:\/\/artofcosy.com\/hu\/wp-json\/wp\/v2\/media?parent=6363"}],"wp:term":[{"taxonomy":"product_cat","embeddable":true,"href":"https:\/\/artofcosy.com\/hu\/wp-json\/wp\/v2\/product_cat?post=6363"},{"taxonomy":"product_tag","embeddable":true,"href":"https:\/\/artofcosy.com\/hu\/wp-json\/wp\/v2\/product_tag?post=6363"}],"curies":[{"name":"wp","href":"https:\/\/api.w.org\/{rel}","templated":true}]}}