{"id":5327,"date":"2025-10-24T22:55:21","date_gmt":"2025-10-24T20:55:21","guid":{"rendered":"https:\/\/artofcosy.com\/?post_type=product&#038;p=5327"},"modified":"2025-12-02T21:08:43","modified_gmt":"2025-12-02T20:08:43","slug":"handmade-black-ceramic-forma-iii","status":"publish","type":"product","link":"https:\/\/artofcosy.com\/hu\/termek\/handmade-black-ceramic-forma-iii\/","title":{"rendered":"Handmade Black ker\u00e1mia t\u00e1l Forma III"},"content":{"rendered":"<p>Our Black Ceramic three legs Bowl called Forma III, \u00a0is a unique<span style=\"font-family: var(--body-font-family),sans-serif; font-size: 1.125rem;\"> beautiful &amp; modern design decor piece. This handmade bowl embodies refined minimalism and timeless craftsmanship.<\/span><\/p>\n<p>Sculpted with care and precision, its organic form highlights subtle irregularities that make each piece unique. The deep matte black glaze enhances its sculptural silhouette, creating a sophisticated contrast between light and shadow. Both functional and decorative, the bowl can be used as a statement centerpiece, a serving vessel, or a timeless accent in any modern interior. Its artisanal finish and understated elegance make it a perfect fusion of contemporary design and traditional craftsmanship.<\/p>\n<p>Handcrafted HORA Ceramics by Art of Cosy.<\/p>\n<p>&nbsp;<\/p>","protected":false},"excerpt":{"rendered":"<p>Timeless elegance in pure form, a bowl that defines the space.<\/p>","protected":false},"featured_media":5336,"template":"","meta":{"_acf_changed":false,"footnotes":""},"product_cat":[52],"product_tag":[],"class_list":{"0":"post-5327","1":"product","2":"type-product","3":"status-publish","4":"has-post-thumbnail","6":"product_cat-home-decor","8":"first","9":"instock","10":"taxable","11":"shipping-taxable","12":"product-type-variable"},"acf":[],"yoast_head":"<!-- This site is optimized with the Yoast SEO plugin v26.2 - https:\/\/yoast.com\/wordpress\/plugins\/seo\/ -->\n<title>Handmade Black Ceramic Forma III - Art of Cosy<\/title>\n<meta name=\"robots\" content=\"index, follow, max-snippet:-1, max-image-preview:large, max-video-preview:-1\" \/>\n<link rel=\"canonical\" href=\"https:\/\/artofcosy.com\/hu\/termek\/handmade-black-ceramic-forma-iii\/\" \/>\n<meta property=\"og:locale\" content=\"hu_HU\" \/>\n<meta property=\"og:type\" content=\"article\" \/>\n<meta property=\"og:title\" content=\"Handmade Black Ceramic Forma III - Art of Cosy\" \/>\n<meta property=\"og:description\" content=\"Timeless elegance in pure form, a bowl that defines the space.\" \/>\n<meta property=\"og:url\" content=\"https:\/\/artofcosy.com\/hu\/termek\/handmade-black-ceramic-forma-iii\/\" \/>\n<meta property=\"og:site_name\" content=\"Art of Cosy\" \/>\n<meta property=\"article:modified_time\" content=\"2025-12-02T20:08:43+00:00\" \/>\n<meta property=\"og:image\" content=\"https:\/\/artofcosy.com\/wp-content\/uploads\/2025\/10\/4-scaled.png\" \/>\n\t<meta property=\"og:image:width\" content=\"2560\" \/>\n\t<meta property=\"og:image:height\" content=\"2560\" \/>\n\t<meta property=\"og:image:type\" content=\"image\/png\" \/>\n<meta name=\"twitter:card\" content=\"summary_large_image\" \/>\n<meta name=\"twitter:label1\" content=\"Becs\u00fclt olvas\u00e1si id\u0151\" \/>\n\t<meta name=\"twitter:data1\" content=\"1 perc\" \/>\n<script type=\"application\/ld+json\" class=\"yoast-schema-graph\">{\"@context\":\"https:\/\/schema.org\",\"@graph\":[{\"@type\":\"WebPage\",\"@id\":\"https:\/\/artofcosy.com\/product\/handmade-black-ceramic-forma-iii\/\",\"url\":\"https:\/\/artofcosy.com\/product\/handmade-black-ceramic-forma-iii\/\",\"name\":\"Handmade Black Ceramic Forma III - Art of Cosy\",\"isPartOf\":{\"@id\":\"https:\/\/artofcosy.com\/#website\"},\"primaryImageOfPage\":{\"@id\":\"https:\/\/artofcosy.com\/product\/handmade-black-ceramic-forma-iii\/#primaryimage\"},\"image\":{\"@id\":\"https:\/\/artofcosy.com\/product\/handmade-black-ceramic-forma-iii\/#primaryimage\"},\"thumbnailUrl\":\"https:\/\/artofcosy.com\/wp-content\/uploads\/2025\/10\/4-scaled.png\",\"datePublished\":\"2025-10-24T20:55:21+00:00\",\"dateModified\":\"2025-12-02T20:08:43+00:00\",\"breadcrumb\":{\"@id\":\"https:\/\/artofcosy.com\/product\/handmade-black-ceramic-forma-iii\/#breadcrumb\"},\"inLanguage\":\"hu\",\"potentialAction\":[{\"@type\":\"ReadAction\",\"target\":[\"https:\/\/artofcosy.com\/product\/handmade-black-ceramic-forma-iii\/\"]}]},{\"@type\":\"ImageObject\",\"inLanguage\":\"hu\",\"@id\":\"https:\/\/artofcosy.com\/product\/handmade-black-ceramic-forma-iii\/#primaryimage\",\"url\":\"https:\/\/artofcosy.com\/wp-content\/uploads\/2025\/10\/4-scaled.png\",\"contentUrl\":\"https:\/\/artofcosy.com\/wp-content\/uploads\/2025\/10\/4-scaled.png\",\"width\":2560,\"height\":2560},{\"@type\":\"BreadcrumbList\",\"@id\":\"https:\/\/artofcosy.com\/product\/handmade-black-ceramic-forma-iii\/#breadcrumb\",\"itemListElement\":[{\"@type\":\"ListItem\",\"position\":1,\"name\":\"Home\",\"item\":\"https:\/\/artofcosy.com\/en\/\"},{\"@type\":\"ListItem\",\"position\":2,\"name\":\"Products\",\"item\":\"https:\/\/artofcosy.com\/shop__trashed\/\"},{\"@type\":\"ListItem\",\"position\":3,\"name\":\"Handmade Black Ceramic Forma III\"}]},{\"@type\":\"WebSite\",\"@id\":\"https:\/\/artofcosy.com\/#website\",\"url\":\"https:\/\/artofcosy.com\/\",\"name\":\"Art of Cosy\",\"description\":\"\",\"publisher\":{\"@id\":\"https:\/\/artofcosy.com\/#organization\"},\"potentialAction\":[{\"@type\":\"SearchAction\",\"target\":{\"@type\":\"EntryPoint\",\"urlTemplate\":\"https:\/\/artofcosy.com\/?s={search_term_string}\"},\"query-input\":{\"@type\":\"PropertyValueSpecification\",\"valueRequired\":true,\"valueName\":\"search_term_string\"}}],\"inLanguage\":\"hu\"},{\"@type\":\"Organization\",\"@id\":\"https:\/\/artofcosy.com\/#organization\",\"name\":\"Art of Cosy\",\"url\":\"https:\/\/artofcosy.com\/\",\"logo\":{\"@type\":\"ImageObject\",\"inLanguage\":\"hu\",\"@id\":\"https:\/\/artofcosy.com\/#\/schema\/logo\/image\/\",\"url\":\"https:\/\/artofcosy.com\/wp-content\/uploads\/2023\/07\/AOC_new_logo-1.png\",\"contentUrl\":\"https:\/\/artofcosy.com\/wp-content\/uploads\/2023\/07\/AOC_new_logo-1.png\",\"width\":1200,\"height\":703,\"caption\":\"Art of Cosy\"},\"image\":{\"@id\":\"https:\/\/artofcosy.com\/#\/schema\/logo\/image\/\"}}]}<\/script>\n<!-- \/ Yoast SEO plugin. -->","yoast_head_json":{"title":"Handmade Black Ceramic Forma III - Art of Cosy","robots":{"index":"index","follow":"follow","max-snippet":"max-snippet:-1","max-image-preview":"max-image-preview:large","max-video-preview":"max-video-preview:-1"},"canonical":"https:\/\/artofcosy.com\/hu\/termek\/handmade-black-ceramic-forma-iii\/","og_locale":"hu_HU","og_type":"article","og_title":"Handmade Black Ceramic Forma III - Art of Cosy","og_description":"Timeless elegance in pure form, a bowl that defines the space.","og_url":"https:\/\/artofcosy.com\/hu\/termek\/handmade-black-ceramic-forma-iii\/","og_site_name":"Art of Cosy","article_modified_time":"2025-12-02T20:08:43+00:00","og_image":[{"width":2560,"height":2560,"url":"https:\/\/artofcosy.com\/wp-content\/uploads\/2025\/10\/4-scaled.png","type":"image\/png"}],"twitter_card":"summary_large_image","twitter_misc":{"Becs\u00fclt olvas\u00e1si id\u0151":"1 perc"},"schema":{"@context":"https:\/\/schema.org","@graph":[{"@type":"WebPage","@id":"https:\/\/artofcosy.com\/product\/handmade-black-ceramic-forma-iii\/","url":"https:\/\/artofcosy.com\/product\/handmade-black-ceramic-forma-iii\/","name":"Handmade Black Ceramic Forma III - Art of Cosy","isPartOf":{"@id":"https:\/\/artofcosy.com\/#website"},"primaryImageOfPage":{"@id":"https:\/\/artofcosy.com\/product\/handmade-black-ceramic-forma-iii\/#primaryimage"},"image":{"@id":"https:\/\/artofcosy.com\/product\/handmade-black-ceramic-forma-iii\/#primaryimage"},"thumbnailUrl":"https:\/\/artofcosy.com\/wp-content\/uploads\/2025\/10\/4-scaled.png","datePublished":"2025-10-24T20:55:21+00:00","dateModified":"2025-12-02T20:08:43+00:00","breadcrumb":{"@id":"https:\/\/artofcosy.com\/product\/handmade-black-ceramic-forma-iii\/#breadcrumb"},"inLanguage":"hu","potentialAction":[{"@type":"ReadAction","target":["https:\/\/artofcosy.com\/product\/handmade-black-ceramic-forma-iii\/"]}]},{"@type":"ImageObject","inLanguage":"hu","@id":"https:\/\/artofcosy.com\/product\/handmade-black-ceramic-forma-iii\/#primaryimage","url":"https:\/\/artofcosy.com\/wp-content\/uploads\/2025\/10\/4-scaled.png","contentUrl":"https:\/\/artofcosy.com\/wp-content\/uploads\/2025\/10\/4-scaled.png","width":2560,"height":2560},{"@type":"BreadcrumbList","@id":"https:\/\/artofcosy.com\/product\/handmade-black-ceramic-forma-iii\/#breadcrumb","itemListElement":[{"@type":"ListItem","position":1,"name":"Home","item":"https:\/\/artofcosy.com\/en\/"},{"@type":"ListItem","position":2,"name":"Products","item":"https:\/\/artofcosy.com\/shop__trashed\/"},{"@type":"ListItem","position":3,"name":"Handmade Black Ceramic Forma III"}]},{"@type":"WebSite","@id":"https:\/\/artofcosy.com\/#website","url":"https:\/\/artofcosy.com\/","name":"Art of Cozy","description":"","publisher":{"@id":"https:\/\/artofcosy.com\/#organization"},"potentialAction":[{"@type":"SearchAction","target":{"@type":"EntryPoint","urlTemplate":"https:\/\/artofcosy.com\/?s={search_term_string}"},"query-input":{"@type":"PropertyValueSpecification","valueRequired":true,"valueName":"search_term_string"}}],"inLanguage":"hu"},{"@type":"Organization","@id":"https:\/\/artofcosy.com\/#organization","name":"Art of Cozy","url":"https:\/\/artofcosy.com\/","logo":{"@type":"ImageObject","inLanguage":"hu","@id":"https:\/\/artofcosy.com\/#\/schema\/logo\/image\/","url":"https:\/\/artofcosy.com\/wp-content\/uploads\/2023\/07\/AOC_new_logo-1.png","contentUrl":"https:\/\/artofcosy.com\/wp-content\/uploads\/2023\/07\/AOC_new_logo-1.png","width":1200,"height":703,"caption":"Art of Cosy"},"image":{"@id":"https:\/\/artofcosy.com\/#\/schema\/logo\/image\/"}}]}},"_links":{"self":[{"href":"https:\/\/artofcosy.com\/hu\/wp-json\/wp\/v2\/product\/5327","targetHints":{"allow":["GET"]}}],"collection":[{"href":"https:\/\/artofcosy.com\/hu\/wp-json\/wp\/v2\/product"}],"about":[{"href":"https:\/\/artofcosy.com\/hu\/wp-json\/wp\/v2\/types\/product"}],"version-history":[{"count":1,"href":"https:\/\/artofcosy.com\/hu\/wp-json\/wp\/v2\/product\/5327\/revisions"}],"predecessor-version":[{"id":5333,"href":"https:\/\/artofcosy.com\/hu\/wp-json\/wp\/v2\/product\/5327\/revisions\/5333"}],"wp:featuredmedia":[{"embeddable":true,"href":"https:\/\/artofcosy.com\/hu\/wp-json\/wp\/v2\/media\/5336"}],"wp:attachment":[{"href":"https:\/\/artofcosy.com\/hu\/wp-json\/wp\/v2\/media?parent=5327"}],"wp:term":[{"taxonomy":"product_cat","embeddable":true,"href":"https:\/\/artofcosy.com\/hu\/wp-json\/wp\/v2\/product_cat?post=5327"},{"taxonomy":"product_tag","embeddable":true,"href":"https:\/\/artofcosy.com\/hu\/wp-json\/wp\/v2\/product_tag?post=5327"}],"curies":[{"name":"wp","href":"https:\/\/api.w.org\/{rel}","templated":true}]}}