{"id":4667,"date":"2025-07-14T23:56:19","date_gmt":"2025-07-14T21:56:19","guid":{"rendered":"https:\/\/artofcosy.com\/?post_type=product&#038;p=4667"},"modified":"2026-03-04T09:52:14","modified_gmt":"2026-03-04T08:52:14","slug":"calacatta-viola-marble-coffee-table","status":"publish","type":"product","link":"https:\/\/artofcosy.com\/hu\/termek\/calacatta-viola-marble-coffee-table\/","title":{"rendered":"Calacatta Viola Marble doh\u00e1nyz\u00f3 asztal"},"content":{"rendered":"<p>Calacatta Viola m\u00e1rv\u00e1ny asztalainkat pr\u00e9mium min\u0151s\u00e9g\u0171 olasz m\u00e1rv\u00e1nyb\u00f3l k\u00e9sz\u00edtj\u00fck el neked.<\/p>\n<p>This variety of solid marbles gets its rich luxurious color from the natural geological processes that occurred over millions of years deep within the Earth&#8217;s crust. It&#8217; has a fine and compact grain with a white background and colorful veins, matte finish.<\/p>\n<p>M\u00e1rv\u00e1nyb\u00f3l k\u00e9sz\u00fclt asztalaink b\u00e1r leny\u0171g\u00f6z\u0151en sz\u00e9pek, a m\u00e1rv\u00e1ny egy nagyon finom, por\u00f3zus anyag, amely \u00e9rz\u00e9keny, \u00e9s gondos odafigyel\u00e9st, karbantart\u00e1st ig\u00e9nyel.<\/p>\n<p><b>Szem\u00e9lyre szabhat\u00f3 k\u00e9zm\u0171ves term\u00e9k, keress minket bizalommal.<\/b><\/p>\n<p>Minden darab a kollekci\u00f3n bel\u00fcl gondosan megtervezett ar\u00e1nyokkal k\u00e9sz\u00fclt, hogy \u00f6n\u00e1ll\u00f3an \u00e9s egym\u00e1ssal kombin\u00e1lva is harmonikusan m\u0171k\u00f6dj\u00f6n.\nEz az asztal lehet\u0151v\u00e9 teszi, hogy k\u00f6nnyen \u00e9s tudatosan megkompon\u00e1lt, v\u00e1ltozatos enteri\u0151r\u00f6ket hozz l\u00e9tre.<\/p>\n<p>A term\u00e9szetes k\u0151 asztal a kifinomult minimalizmus esszenci\u00e1j\u00e1t testes\u00edti meg.\nCsendes luxus, ami nem a t\u00falz\u00f3 r\u00e9szletekben, hanem az anyag, a text\u00fara \u00e9s a forma harm\u00f3ni\u00e1j\u00e1n kereszt\u00fcl sz\u00f3lal meg.<\/p>\n<p>Please <b>NOTE:<\/b> A m\u00e1rv\u00e1ny fel\u00fclete megmutatja egyedi rajzolat\u00e1t, \u00e9s biztos\u00edt afel\u0151l, <b>hogy nincs k\u00e9t t\u00f6k\u00e9letesen egyforma asztal<\/b>.<\/p>\n<p>. Ez az egyedis\u00e9g minden \u00f6ssze\u00e1ll\u00edt\u00e1st k\u00fcl\u00f6nleges kompoz\u00edci\u00f3v\u00e1 tesz. <b>Egyed\u00fcl\u00e1ll\u00f3<\/b> statement.<\/p>\n<p>Finom karakterrel \u00e9s m\u00e9lys\u00e9ggel gazdag\u00edtja otthonod.<\/p>\n<p>Szem\u00e9lyre szabhat\u00f3 term\u00e9k. Oszd meg vel\u00fcnk elk\u00e9pzel\u00e9sedet, mi pedig \u00e9letre keltj\u00fck azokat.<\/p>\n<p><strong>K\u00c9ZZEL K\u00c9SZ\u00cdTETT TERM\u00c9K.<\/strong> a legnagyobb odafigyel\u00e9ssel a min\u0151s\u00e9get szem el\u0151tt tartva.<\/p>","protected":false},"excerpt":{"rendered":"<p>Calacatta m\u00e1rv\u00e1ny doh\u00e1nyz\u00f3 asztal pr\u00e9mium olasz term\u00e9szetes k\u0151b\u0151l. Eleg\u00e1ns \u00e9s leny\u0171g\u00f6z\u0151 megjelen\u00e9s\u0171 darab, amelynek k\u00fcl\u00f6nleges text\u00far\u00e1ja vizu\u00e1lis gazdags\u00e1got k\u00f6lcs\u00f6n\u00f6z a t\u00e9rnek. A Calacatta  Viola vagy Monet elnevez\u00e9s\u0171 m\u00e1rv\u00e1ny egyedi erezete minden egyes asztalt megism\u00e9telhetetlenn\u00e9 tesz.\nM\u00e9retre szabjuk egy\u00e9ni ig\u00e9nyek szerint. Minden egyes darab egy val\u00f3di egyedis\u00e9g.<\/p>","protected":false},"featured_media":6385,"template":"","meta":{"_acf_changed":false,"footnotes":""},"product_cat":[50],"product_tag":[225,226,227,229,228],"class_list":{"0":"post-4667","1":"product","2":"type-product","3":"status-publish","4":"has-post-thumbnail","6":"product_cat-coffee-table","7":"product_tag-calacatta-monet","8":"product_tag-calacatta-viola","9":"product_tag-marble-coffee-table","10":"product_tag-marble-furniture","11":"product_tag-stone-table","12":"product_shipping_class-coffee-table","14":"first","15":"instock","16":"taxable","17":"shipping-taxable","18":"purchasable","19":"product-type-variable"},"acf":[],"yoast_head":"<!-- This site is optimized with the Yoast SEO plugin v26.2 - https:\/\/yoast.com\/wordpress\/plugins\/seo\/ -->\n<title>Calacatta Viola Marble Coffee Table - Art of Cosy<\/title>\n<meta name=\"description\" content=\"Calacatta marble coffee table, handcrafted from solid italian marble stone. Sculptural marble block design for a timeless, refined interiors.\" \/>\n<meta name=\"robots\" content=\"index, follow, max-snippet:-1, max-image-preview:large, max-video-preview:-1\" \/>\n<link rel=\"canonical\" href=\"https:\/\/artofcosy.com\/hu\/termek\/calacatta-viola-marble-coffee-table\/\" \/>\n<meta property=\"og:locale\" content=\"hu_HU\" \/>\n<meta property=\"og:type\" content=\"article\" \/>\n<meta property=\"og:title\" content=\"Calacatta Viola Marble Coffee Table - Art of Cosy\" \/>\n<meta property=\"og:description\" content=\"Calacatta marble coffee table, handcrafted from solid italian marble stone. Sculptural marble block design for a timeless, refined interiors.\" \/>\n<meta property=\"og:url\" content=\"https:\/\/artofcosy.com\/hu\/termek\/calacatta-viola-marble-coffee-table\/\" \/>\n<meta property=\"og:site_name\" content=\"Art of Cosy\" \/>\n<meta property=\"article:modified_time\" content=\"2026-03-04T08:52:14+00:00\" \/>\n<meta property=\"og:image\" content=\"https:\/\/artofcosy.com\/wp-content\/uploads\/2025\/07\/calacatta-viola-marble-coffee-table-1024x1024.png\" \/>\n\t<meta property=\"og:image:width\" content=\"1024\" \/>\n\t<meta property=\"og:image:height\" content=\"1024\" \/>\n\t<meta property=\"og:image:type\" content=\"image\/png\" \/>\n<meta name=\"twitter:card\" content=\"summary_large_image\" \/>\n<meta name=\"twitter:label1\" content=\"Becs\u00fclt olvas\u00e1si id\u0151\" \/>\n\t<meta name=\"twitter:data1\" content=\"2 perc\" \/>\n<script type=\"application\/ld+json\" class=\"yoast-schema-graph\">{\"@context\":\"https:\/\/schema.org\",\"@graph\":[{\"@type\":\"WebPage\",\"@id\":\"https:\/\/artofcosy.com\/product\/calacatta-viola-marble-coffee-table\/\",\"url\":\"https:\/\/artofcosy.com\/product\/calacatta-viola-marble-coffee-table\/\",\"name\":\"Calacatta Viola Marble Coffee Table - Art of Cosy\",\"isPartOf\":{\"@id\":\"https:\/\/artofcosy.com\/#website\"},\"primaryImageOfPage\":{\"@id\":\"https:\/\/artofcosy.com\/product\/calacatta-viola-marble-coffee-table\/#primaryimage\"},\"image\":{\"@id\":\"https:\/\/artofcosy.com\/product\/calacatta-viola-marble-coffee-table\/#primaryimage\"},\"thumbnailUrl\":\"https:\/\/artofcosy.com\/wp-content\/uploads\/2025\/07\/calacatta-viola-marble-coffee-table.png\",\"datePublished\":\"2025-07-14T21:56:19+00:00\",\"dateModified\":\"2026-03-04T08:52:14+00:00\",\"description\":\"Calacatta marble coffee table, handcrafted from solid italian marble stone. Sculptural marble block design for a timeless, refined interiors.\",\"breadcrumb\":{\"@id\":\"https:\/\/artofcosy.com\/product\/calacatta-viola-marble-coffee-table\/#breadcrumb\"},\"inLanguage\":\"hu\",\"potentialAction\":[{\"@type\":\"ReadAction\",\"target\":[\"https:\/\/artofcosy.com\/product\/calacatta-viola-marble-coffee-table\/\"]}]},{\"@type\":\"ImageObject\",\"inLanguage\":\"hu\",\"@id\":\"https:\/\/artofcosy.com\/product\/calacatta-viola-marble-coffee-table\/#primaryimage\",\"url\":\"https:\/\/artofcosy.com\/wp-content\/uploads\/2025\/07\/calacatta-viola-marble-coffee-table.png\",\"contentUrl\":\"https:\/\/artofcosy.com\/wp-content\/uploads\/2025\/07\/calacatta-viola-marble-coffee-table.png\",\"width\":2304,\"height\":2304},{\"@type\":\"BreadcrumbList\",\"@id\":\"https:\/\/artofcosy.com\/product\/calacatta-viola-marble-coffee-table\/#breadcrumb\",\"itemListElement\":[{\"@type\":\"ListItem\",\"position\":1,\"name\":\"Home\",\"item\":\"https:\/\/artofcosy.com\/en\/\"},{\"@type\":\"ListItem\",\"position\":2,\"name\":\"Products\",\"item\":\"https:\/\/artofcosy.com\/shop__trashed\/\"},{\"@type\":\"ListItem\",\"position\":3,\"name\":\"Calacatta Viola Marble Coffee Table\"}]},{\"@type\":\"WebSite\",\"@id\":\"https:\/\/artofcosy.com\/#website\",\"url\":\"https:\/\/artofcosy.com\/\",\"name\":\"Art of Cosy\",\"description\":\"\",\"publisher\":{\"@id\":\"https:\/\/artofcosy.com\/#organization\"},\"potentialAction\":[{\"@type\":\"SearchAction\",\"target\":{\"@type\":\"EntryPoint\",\"urlTemplate\":\"https:\/\/artofcosy.com\/?s={search_term_string}\"},\"query-input\":{\"@type\":\"PropertyValueSpecification\",\"valueRequired\":true,\"valueName\":\"search_term_string\"}}],\"inLanguage\":\"hu\"},{\"@type\":\"Organization\",\"@id\":\"https:\/\/artofcosy.com\/#organization\",\"name\":\"Art of Cosy\",\"url\":\"https:\/\/artofcosy.com\/\",\"logo\":{\"@type\":\"ImageObject\",\"inLanguage\":\"hu\",\"@id\":\"https:\/\/artofcosy.com\/#\/schema\/logo\/image\/\",\"url\":\"https:\/\/artofcosy.com\/wp-content\/uploads\/2023\/07\/AOC_new_logo-1.png\",\"contentUrl\":\"https:\/\/artofcosy.com\/wp-content\/uploads\/2023\/07\/AOC_new_logo-1.png\",\"width\":1200,\"height\":703,\"caption\":\"Art of Cosy\"},\"image\":{\"@id\":\"https:\/\/artofcosy.com\/#\/schema\/logo\/image\/\"}}]}<\/script>\n<!-- \/ Yoast SEO plugin. -->","yoast_head_json":{"title":"Calacatta Viola Marble Coffee Table - Art of Cosy","description":"Calacatta marble coffee table, handcrafted from solid italian marble stone. Sculptural marble block design for a timeless, refined interiors.","robots":{"index":"index","follow":"follow","max-snippet":"max-snippet:-1","max-image-preview":"max-image-preview:large","max-video-preview":"max-video-preview:-1"},"canonical":"https:\/\/artofcosy.com\/hu\/termek\/calacatta-viola-marble-coffee-table\/","og_locale":"hu_HU","og_type":"article","og_title":"Calacatta Viola Marble Coffee Table - Art of Cosy","og_description":"Calacatta marble coffee table, handcrafted from solid italian marble stone. Sculptural marble block design for a timeless, refined interiors.","og_url":"https:\/\/artofcosy.com\/hu\/termek\/calacatta-viola-marble-coffee-table\/","og_site_name":"Art of Cosy","article_modified_time":"2026-03-04T08:52:14+00:00","og_image":[{"width":1024,"height":1024,"url":"https:\/\/artofcosy.com\/wp-content\/uploads\/2025\/07\/calacatta-viola-marble-coffee-table-1024x1024.png","type":"image\/png"}],"twitter_card":"summary_large_image","twitter_misc":{"Becs\u00fclt olvas\u00e1si id\u0151":"2 perc"},"schema":{"@context":"https:\/\/schema.org","@graph":[{"@type":"WebPage","@id":"https:\/\/artofcosy.com\/product\/calacatta-viola-marble-coffee-table\/","url":"https:\/\/artofcosy.com\/product\/calacatta-viola-marble-coffee-table\/","name":"Calacatta Viola Marble Coffee Table - Art of Cosy","isPartOf":{"@id":"https:\/\/artofcosy.com\/#website"},"primaryImageOfPage":{"@id":"https:\/\/artofcosy.com\/product\/calacatta-viola-marble-coffee-table\/#primaryimage"},"image":{"@id":"https:\/\/artofcosy.com\/product\/calacatta-viola-marble-coffee-table\/#primaryimage"},"thumbnailUrl":"https:\/\/artofcosy.com\/wp-content\/uploads\/2025\/07\/calacatta-viola-marble-coffee-table.png","datePublished":"2025-07-14T21:56:19+00:00","dateModified":"2026-03-04T08:52:14+00:00","description":"Calacatta marble coffee table, handcrafted from solid italian marble stone. Sculptural marble block design for a timeless, refined interiors.","breadcrumb":{"@id":"https:\/\/artofcosy.com\/product\/calacatta-viola-marble-coffee-table\/#breadcrumb"},"inLanguage":"hu","potentialAction":[{"@type":"ReadAction","target":["https:\/\/artofcosy.com\/product\/calacatta-viola-marble-coffee-table\/"]}]},{"@type":"ImageObject","inLanguage":"hu","@id":"https:\/\/artofcosy.com\/product\/calacatta-viola-marble-coffee-table\/#primaryimage","url":"https:\/\/artofcosy.com\/wp-content\/uploads\/2025\/07\/calacatta-viola-marble-coffee-table.png","contentUrl":"https:\/\/artofcosy.com\/wp-content\/uploads\/2025\/07\/calacatta-viola-marble-coffee-table.png","width":2304,"height":2304},{"@type":"BreadcrumbList","@id":"https:\/\/artofcosy.com\/product\/calacatta-viola-marble-coffee-table\/#breadcrumb","itemListElement":[{"@type":"ListItem","position":1,"name":"Home","item":"https:\/\/artofcosy.com\/en\/"},{"@type":"ListItem","position":2,"name":"Products","item":"https:\/\/artofcosy.com\/shop__trashed\/"},{"@type":"ListItem","position":3,"name":"Calacatta Viola Marble Coffee Table"}]},{"@type":"WebSite","@id":"https:\/\/artofcosy.com\/#website","url":"https:\/\/artofcosy.com\/","name":"Art of Cozy","description":"","publisher":{"@id":"https:\/\/artofcosy.com\/#organization"},"potentialAction":[{"@type":"SearchAction","target":{"@type":"EntryPoint","urlTemplate":"https:\/\/artofcosy.com\/?s={search_term_string}"},"query-input":{"@type":"PropertyValueSpecification","valueRequired":true,"valueName":"search_term_string"}}],"inLanguage":"hu"},{"@type":"Organization","@id":"https:\/\/artofcosy.com\/#organization","name":"Art of Cozy","url":"https:\/\/artofcosy.com\/","logo":{"@type":"ImageObject","inLanguage":"hu","@id":"https:\/\/artofcosy.com\/#\/schema\/logo\/image\/","url":"https:\/\/artofcosy.com\/wp-content\/uploads\/2023\/07\/AOC_new_logo-1.png","contentUrl":"https:\/\/artofcosy.com\/wp-content\/uploads\/2023\/07\/AOC_new_logo-1.png","width":1200,"height":703,"caption":"Art of Cosy"},"image":{"@id":"https:\/\/artofcosy.com\/#\/schema\/logo\/image\/"}}]}},"_links":{"self":[{"href":"https:\/\/artofcosy.com\/hu\/wp-json\/wp\/v2\/product\/4667","targetHints":{"allow":["GET"]}}],"collection":[{"href":"https:\/\/artofcosy.com\/hu\/wp-json\/wp\/v2\/product"}],"about":[{"href":"https:\/\/artofcosy.com\/hu\/wp-json\/wp\/v2\/types\/product"}],"version-history":[{"count":8,"href":"https:\/\/artofcosy.com\/hu\/wp-json\/wp\/v2\/product\/4667\/revisions"}],"predecessor-version":[{"id":6384,"href":"https:\/\/artofcosy.com\/hu\/wp-json\/wp\/v2\/product\/4667\/revisions\/6384"}],"wp:featuredmedia":[{"embeddable":true,"href":"https:\/\/artofcosy.com\/hu\/wp-json\/wp\/v2\/media\/6385"}],"wp:attachment":[{"href":"https:\/\/artofcosy.com\/hu\/wp-json\/wp\/v2\/media?parent=4667"}],"wp:term":[{"taxonomy":"product_cat","embeddable":true,"href":"https:\/\/artofcosy.com\/hu\/wp-json\/wp\/v2\/product_cat?post=4667"},{"taxonomy":"product_tag","embeddable":true,"href":"https:\/\/artofcosy.com\/hu\/wp-json\/wp\/v2\/product_tag?post=4667"}],"curies":[{"name":"wp","href":"https:\/\/api.w.org\/{rel}","templated":true}]}}