{"id":4617,"date":"2025-05-30T17:23:27","date_gmt":"2025-05-30T15:23:27","guid":{"rendered":"https:\/\/artofcosy.com\/?post_type=product&#038;p=4617"},"modified":"2026-03-11T21:00:35","modified_gmt":"2026-03-11T20:00:35","slug":"black-marble-stone-plinth","status":"publish","type":"product","link":"https:\/\/artofcosy.com\/hu\/termek\/black-marble-stone-plinth\/","title":{"rendered":"Black Marble Stone Plinth"},"content":{"rendered":"<p><strong>Black Marble Stone Plinth. &#8211; Nero Marquina Marble<\/strong><\/p>\n<p>Designed to captivate and inspire, this sleek black marble stone plinth effortlessly blends modern aesthetics with classic sophistication. Crafted from Nero Marquina marble, it exudes luxury and refinement, making it a focal point in any room. Ideal for displaying sculptures, vases, or decorative items. Our plinth adds an element of prestige and elevates the ambiance of your space. The timeless appeal of this piece makes it a must-have for interior designers, art collectors, and anyone who appreciates the beauty of finely crafted marble. Discover the epitome of elegance with our Black Marble Plinth today.<\/p>\n<p>Black Marble Stone Plinths are <strong>real marble product.<\/strong><\/p>\n<p>Real Marble Stone is amazingly beautiful, but very sensitive, fragile, porous material, requiring careful use and maintenance. Highly sustainable, long lasting &amp; RECYCLABLE.<\/p>\n<p>Amennyiben tetszik a term\u00e9k, de a m\u00e9retei nem illeszkednek az otthonodba, \u00edrj nek\u00fcnk \u00e9s mi m\u00e9retre szabjuk neked.<\/p>\n<p><strong>K\u00c9ZZEL K\u00c9SZ\u00cdTETT TERM\u00c9K.<\/strong> a legnagyobb odafigyel\u00e9ssel a min\u0151s\u00e9get szem el\u0151tt tartva.<\/p>\n<p>&nbsp;<\/p>\n<p>&nbsp;<\/p>\n<p>&nbsp;<\/p>","protected":false},"excerpt":{"rendered":"<p class=\"p1\">Choose our Black Marble Stone Plinth and make a statement of refinement. Elevate your home decor with a touch of luxury.<\/p>\n<p>HANDCRAFTED and CUSTOMIZABLE product. Choose from a variety of materials, sizes and finishes to match your style. Contact us.<\/p>\n<p>&nbsp;<\/p>","protected":false},"featured_media":2686,"template":"","meta":{"_acf_changed":false,"footnotes":""},"product_cat":[51],"product_tag":[235,233,234,231,230,208,232],"class_list":{"0":"post-4617","1":"product","2":"type-product","3":"status-publish","4":"has-post-thumbnail","6":"product_cat-plinth","7":"product_tag-black-marble","8":"product_tag-design-furniture","9":"product_tag-marble-stone","10":"product_tag-pedestal-table","11":"product_tag-plinth","12":"product_tag-side-table","13":"product_tag-stone-furniture","14":"product_shipping_class-plinth","16":"first","17":"instock","18":"taxable","19":"shipping-taxable","20":"purchasable","21":"product-type-variable"},"acf":[],"yoast_head":"<!-- This site is optimized with the Yoast SEO plugin v26.2 - https:\/\/yoast.com\/wordpress\/plugins\/seo\/ -->\n<title>Black Marble Stone Plinth - Art of Cosy<\/title>\n<meta name=\"description\" content=\"Black Marble Stone Plinth with timeless elegance. Discover handcrafted natural stone furniture that elevate modern and contemporary luxury and style.\" \/>\n<meta name=\"robots\" content=\"index, follow, max-snippet:-1, max-image-preview:large, max-video-preview:-1\" \/>\n<link rel=\"canonical\" href=\"https:\/\/artofcosy.com\/hu\/termek\/black-marble-stone-plinth\/\" \/>\n<meta property=\"og:locale\" content=\"hu_HU\" \/>\n<meta property=\"og:type\" content=\"article\" \/>\n<meta property=\"og:title\" content=\"Black Marble Stone Plinth - Art of Cosy\" \/>\n<meta property=\"og:description\" content=\"Black Marble Stone Plinth with timeless elegance. Discover handcrafted natural stone furniture that elevate modern and contemporary luxury and style.\" \/>\n<meta property=\"og:url\" content=\"https:\/\/artofcosy.com\/hu\/termek\/black-marble-stone-plinth\/\" \/>\n<meta property=\"og:site_name\" content=\"Art of Cosy\" \/>\n<meta property=\"article:modified_time\" content=\"2026-03-11T20:00:35+00:00\" \/>\n<meta property=\"og:image\" content=\"https:\/\/artofcosy.com\/wp-content\/uploads\/2023\/06\/8_Pro-Capture-One-0515_CUT.png\" \/>\n\t<meta property=\"og:image:width\" content=\"2000\" \/>\n\t<meta property=\"og:image:height\" content=\"2000\" \/>\n\t<meta property=\"og:image:type\" content=\"image\/png\" \/>\n<meta name=\"twitter:card\" content=\"summary_large_image\" \/>\n<meta name=\"twitter:label1\" content=\"Becs\u00fclt olvas\u00e1si id\u0151\" \/>\n\t<meta name=\"twitter:data1\" content=\"2 perc\" \/>\n<script type=\"application\/ld+json\" class=\"yoast-schema-graph\">{\"@context\":\"https:\/\/schema.org\",\"@graph\":[{\"@type\":\"WebPage\",\"@id\":\"https:\/\/artofcosy.com\/product\/black-marble-stone-plinth\/\",\"url\":\"https:\/\/artofcosy.com\/product\/black-marble-stone-plinth\/\",\"name\":\"Black Marble Stone Plinth - Art of Cosy\",\"isPartOf\":{\"@id\":\"https:\/\/artofcosy.com\/#website\"},\"primaryImageOfPage\":{\"@id\":\"https:\/\/artofcosy.com\/product\/black-marble-stone-plinth\/#primaryimage\"},\"image\":{\"@id\":\"https:\/\/artofcosy.com\/product\/black-marble-stone-plinth\/#primaryimage\"},\"thumbnailUrl\":\"https:\/\/artofcosy.com\/wp-content\/uploads\/2023\/06\/8_Pro-Capture-One-0515_CUT.png\",\"datePublished\":\"2025-05-30T15:23:27+00:00\",\"dateModified\":\"2026-03-11T20:00:35+00:00\",\"description\":\"Black Marble Stone Plinth with timeless elegance. Discover handcrafted natural stone furniture that elevate modern and contemporary luxury and style.\",\"breadcrumb\":{\"@id\":\"https:\/\/artofcosy.com\/product\/black-marble-stone-plinth\/#breadcrumb\"},\"inLanguage\":\"hu\",\"potentialAction\":[{\"@type\":\"ReadAction\",\"target\":[\"https:\/\/artofcosy.com\/product\/black-marble-stone-plinth\/\"]}]},{\"@type\":\"ImageObject\",\"inLanguage\":\"hu\",\"@id\":\"https:\/\/artofcosy.com\/product\/black-marble-stone-plinth\/#primaryimage\",\"url\":\"https:\/\/artofcosy.com\/wp-content\/uploads\/2023\/06\/8_Pro-Capture-One-0515_CUT.png\",\"contentUrl\":\"https:\/\/artofcosy.com\/wp-content\/uploads\/2023\/06\/8_Pro-Capture-One-0515_CUT.png\",\"width\":2000,\"height\":2000},{\"@type\":\"BreadcrumbList\",\"@id\":\"https:\/\/artofcosy.com\/product\/black-marble-stone-plinth\/#breadcrumb\",\"itemListElement\":[{\"@type\":\"ListItem\",\"position\":1,\"name\":\"Home\",\"item\":\"https:\/\/artofcosy.com\/en\/\"},{\"@type\":\"ListItem\",\"position\":2,\"name\":\"Products\",\"item\":\"https:\/\/artofcosy.com\/shop__trashed\/\"},{\"@type\":\"ListItem\",\"position\":3,\"name\":\"Black Marble Stone Plinth\"}]},{\"@type\":\"WebSite\",\"@id\":\"https:\/\/artofcosy.com\/#website\",\"url\":\"https:\/\/artofcosy.com\/\",\"name\":\"Art of Cosy\",\"description\":\"\",\"publisher\":{\"@id\":\"https:\/\/artofcosy.com\/#organization\"},\"potentialAction\":[{\"@type\":\"SearchAction\",\"target\":{\"@type\":\"EntryPoint\",\"urlTemplate\":\"https:\/\/artofcosy.com\/?s={search_term_string}\"},\"query-input\":{\"@type\":\"PropertyValueSpecification\",\"valueRequired\":true,\"valueName\":\"search_term_string\"}}],\"inLanguage\":\"hu\"},{\"@type\":\"Organization\",\"@id\":\"https:\/\/artofcosy.com\/#organization\",\"name\":\"Art of Cosy\",\"url\":\"https:\/\/artofcosy.com\/\",\"logo\":{\"@type\":\"ImageObject\",\"inLanguage\":\"hu\",\"@id\":\"https:\/\/artofcosy.com\/#\/schema\/logo\/image\/\",\"url\":\"https:\/\/artofcosy.com\/wp-content\/uploads\/2023\/07\/AOC_new_logo-1.png\",\"contentUrl\":\"https:\/\/artofcosy.com\/wp-content\/uploads\/2023\/07\/AOC_new_logo-1.png\",\"width\":1200,\"height\":703,\"caption\":\"Art of Cosy\"},\"image\":{\"@id\":\"https:\/\/artofcosy.com\/#\/schema\/logo\/image\/\"}}]}<\/script>\n<!-- \/ Yoast SEO plugin. -->","yoast_head_json":{"title":"Black Marble Stone Plinth - Art of Cosy","description":"Black Marble Stone Plinth with timeless elegance. Discover handcrafted natural stone furniture that elevate modern and contemporary luxury and style.","robots":{"index":"index","follow":"follow","max-snippet":"max-snippet:-1","max-image-preview":"max-image-preview:large","max-video-preview":"max-video-preview:-1"},"canonical":"https:\/\/artofcosy.com\/hu\/termek\/black-marble-stone-plinth\/","og_locale":"hu_HU","og_type":"article","og_title":"Black Marble Stone Plinth - Art of Cosy","og_description":"Black Marble Stone Plinth with timeless elegance. Discover handcrafted natural stone furniture that elevate modern and contemporary luxury and style.","og_url":"https:\/\/artofcosy.com\/hu\/termek\/black-marble-stone-plinth\/","og_site_name":"Art of Cosy","article_modified_time":"2026-03-11T20:00:35+00:00","og_image":[{"width":2000,"height":2000,"url":"https:\/\/artofcosy.com\/wp-content\/uploads\/2023\/06\/8_Pro-Capture-One-0515_CUT.png","type":"image\/png"}],"twitter_card":"summary_large_image","twitter_misc":{"Becs\u00fclt olvas\u00e1si id\u0151":"2 perc"},"schema":{"@context":"https:\/\/schema.org","@graph":[{"@type":"WebPage","@id":"https:\/\/artofcosy.com\/product\/black-marble-stone-plinth\/","url":"https:\/\/artofcosy.com\/product\/black-marble-stone-plinth\/","name":"Black Marble Stone Plinth - Art of Cosy","isPartOf":{"@id":"https:\/\/artofcosy.com\/#website"},"primaryImageOfPage":{"@id":"https:\/\/artofcosy.com\/product\/black-marble-stone-plinth\/#primaryimage"},"image":{"@id":"https:\/\/artofcosy.com\/product\/black-marble-stone-plinth\/#primaryimage"},"thumbnailUrl":"https:\/\/artofcosy.com\/wp-content\/uploads\/2023\/06\/8_Pro-Capture-One-0515_CUT.png","datePublished":"2025-05-30T15:23:27+00:00","dateModified":"2026-03-11T20:00:35+00:00","description":"Black Marble Stone Plinth with timeless elegance. Discover handcrafted natural stone furniture that elevate modern and contemporary luxury and style.","breadcrumb":{"@id":"https:\/\/artofcosy.com\/product\/black-marble-stone-plinth\/#breadcrumb"},"inLanguage":"hu","potentialAction":[{"@type":"ReadAction","target":["https:\/\/artofcosy.com\/product\/black-marble-stone-plinth\/"]}]},{"@type":"ImageObject","inLanguage":"hu","@id":"https:\/\/artofcosy.com\/product\/black-marble-stone-plinth\/#primaryimage","url":"https:\/\/artofcosy.com\/wp-content\/uploads\/2023\/06\/8_Pro-Capture-One-0515_CUT.png","contentUrl":"https:\/\/artofcosy.com\/wp-content\/uploads\/2023\/06\/8_Pro-Capture-One-0515_CUT.png","width":2000,"height":2000},{"@type":"BreadcrumbList","@id":"https:\/\/artofcosy.com\/product\/black-marble-stone-plinth\/#breadcrumb","itemListElement":[{"@type":"ListItem","position":1,"name":"Home","item":"https:\/\/artofcosy.com\/en\/"},{"@type":"ListItem","position":2,"name":"Products","item":"https:\/\/artofcosy.com\/shop__trashed\/"},{"@type":"ListItem","position":3,"name":"Black Marble Stone Plinth"}]},{"@type":"WebSite","@id":"https:\/\/artofcosy.com\/#website","url":"https:\/\/artofcosy.com\/","name":"Art of Cozy","description":"","publisher":{"@id":"https:\/\/artofcosy.com\/#organization"},"potentialAction":[{"@type":"SearchAction","target":{"@type":"EntryPoint","urlTemplate":"https:\/\/artofcosy.com\/?s={search_term_string}"},"query-input":{"@type":"PropertyValueSpecification","valueRequired":true,"valueName":"search_term_string"}}],"inLanguage":"hu"},{"@type":"Organization","@id":"https:\/\/artofcosy.com\/#organization","name":"Art of Cozy","url":"https:\/\/artofcosy.com\/","logo":{"@type":"ImageObject","inLanguage":"hu","@id":"https:\/\/artofcosy.com\/#\/schema\/logo\/image\/","url":"https:\/\/artofcosy.com\/wp-content\/uploads\/2023\/07\/AOC_new_logo-1.png","contentUrl":"https:\/\/artofcosy.com\/wp-content\/uploads\/2023\/07\/AOC_new_logo-1.png","width":1200,"height":703,"caption":"Art of Cosy"},"image":{"@id":"https:\/\/artofcosy.com\/#\/schema\/logo\/image\/"}}]}},"_links":{"self":[{"href":"https:\/\/artofcosy.com\/hu\/wp-json\/wp\/v2\/product\/4617","targetHints":{"allow":["GET"]}}],"collection":[{"href":"https:\/\/artofcosy.com\/hu\/wp-json\/wp\/v2\/product"}],"about":[{"href":"https:\/\/artofcosy.com\/hu\/wp-json\/wp\/v2\/types\/product"}],"version-history":[{"count":4,"href":"https:\/\/artofcosy.com\/hu\/wp-json\/wp\/v2\/product\/4617\/revisions"}],"predecessor-version":[{"id":6395,"href":"https:\/\/artofcosy.com\/hu\/wp-json\/wp\/v2\/product\/4617\/revisions\/6395"}],"wp:featuredmedia":[{"embeddable":true,"href":"https:\/\/artofcosy.com\/hu\/wp-json\/wp\/v2\/media\/2686"}],"wp:attachment":[{"href":"https:\/\/artofcosy.com\/hu\/wp-json\/wp\/v2\/media?parent=4617"}],"wp:term":[{"taxonomy":"product_cat","embeddable":true,"href":"https:\/\/artofcosy.com\/hu\/wp-json\/wp\/v2\/product_cat?post=4617"},{"taxonomy":"product_tag","embeddable":true,"href":"https:\/\/artofcosy.com\/hu\/wp-json\/wp\/v2\/product_tag?post=4617"}],"curies":[{"name":"wp","href":"https:\/\/api.w.org\/{rel}","templated":true}]}}