{"id":4494,"date":"2025-04-05T18:01:25","date_gmt":"2025-04-05T16:01:25","guid":{"rendered":"https:\/\/artofcosy.com\/?post_type=product&#038;p=4494"},"modified":"2025-12-18T15:40:18","modified_gmt":"2025-12-18T14:40:18","slug":"treasure-natural-oak-side-table-tall","status":"publish","type":"product","link":"https:\/\/artofcosy.com\/hu\/termek\/treasure-natural-oak-side-table-tall\/","title":{"rendered":"Treasure Natural T\u00f6lgy lerak\u00f3 asztal\u2013 M"},"content":{"rendered":"<p>Ismerd meg Te is<b>\u00a0a Wood &amp; Marmi asztal kollekci\u00f3<\/b>leny\u0171g\u00f6z\u0151 darabj\u00e1t, mely harmonikusan \u00f6tv\u00f6zi a rusztikus \u00e9s modern eszt\u00e9tikai elemeket. A sima, matt fel\u00fclet\u00e9r\u0151l ismert luxus m\u00e1rv\u00e1nylap eleg\u00e1ns kontrasztot alkot a term\u00e9szetes fa gazdag, t\u00f3nusaival, \u00edgy egy vizu\u00e1lisan mag\u00e1val ragad\u00f3 \u00e9lm\u00e9nyt teremt b\u00e1rmely enteri\u0151rbe.<\/p>\n<p>Alak\u00edtsd \u00e1t a saj\u00e1t \u00edzl\u00e9sed szerint. Ne habozz \u00edrni nek\u00fcnk, \u00e9s mi megval\u00f3s\u00edtjuk \u00e1lmaidat.<\/p>\n<p>Ide\u00e1lis lehet nappaliba, h\u00e1l\u00f3szob\u00e1ba vagy az otthonod b\u00e1rmely helyis\u00e9gbe, hiszen ez az asztal modern kifinomults\u00e1got k\u00f6lcs\u00f6n\u00f6z b\u00e1rmely t\u00e9rnek. Legyen sz\u00f3 l\u00e1mp\u00e1r\u00f3l, k\u00f6nyvr\u0151l vagy egy cs\u00e9sze k\u00e1v\u00e9r\u00f3l, ez a funkcion\u00e1lis, m\u00e9gis m\u0171v\u00e9szi alkot\u00e1s t\u00f6k\u00e9letesen illeszkedik mind modern, mind klasszikus enteri\u0151r\u00f6kbe. Prec\u00edzen \u00e9s tart\u00f3san megmunk\u00e1lt, \u00edgy hossz\u00fa t\u00e1von is min\u0151s\u00e9gi \u00e9s maradand\u00f3 \u00e9lm\u00e9nyt ny\u00fajt.<\/p>\n<p>Szem\u00e9lyre szabhat\u00f3 term\u00e9k, keress minket bizalommal.<\/p>","protected":false},"excerpt":{"rendered":"<p>Treasure kisasztal kollekci\u00f3nkban kombin\u00e1ltuk a nat\u00far fa \u00e9s az eleg\u00e1ns, st\u00edlusgazdag, m\u00e9lt\u00e1n kedvelt olasz m\u00e1rv\u00e1nyt. T\u00f6k\u00e9letes v\u00e1laszt\u00e1s otthonod b\u00e1rmely ter\u00fclet\u00e9n, kfinomult, melegs\u00e9get \u00e1raszt \u00e9s egyben trendet teremt. Jelenleg 4 f\u00e9le k\u0151top k\u00f6z\u00fcl v\u00e1laszthatsz.<\/p>","protected":false},"featured_media":5245,"template":"","meta":{"_acf_changed":false,"footnotes":""},"product_cat":[179],"product_tag":[],"class_list":{"0":"post-4494","1":"product","2":"type-product","3":"status-publish","4":"has-post-thumbnail","6":"product_cat-side-table","7":"product_shipping_class-side-table","9":"first","10":"instock","11":"taxable","12":"shipping-taxable","13":"purchasable","14":"product-type-variable"},"acf":[],"yoast_head":"<!-- This site is optimized with the Yoast SEO plugin v26.2 - https:\/\/yoast.com\/wordpress\/plugins\/seo\/ -->\n<title>Treasure Natural Oak Side Table - M - Art of Cosy<\/title>\n<meta name=\"robots\" content=\"index, follow, max-snippet:-1, max-image-preview:large, max-video-preview:-1\" \/>\n<link rel=\"canonical\" href=\"https:\/\/artofcosy.com\/hu\/termek\/treasure-natural-oak-side-table-tall\/\" \/>\n<meta property=\"og:locale\" content=\"hu_HU\" \/>\n<meta property=\"og:type\" content=\"article\" \/>\n<meta property=\"og:title\" content=\"Treasure Natural Oak Side Table - M - Art of Cosy\" \/>\n<meta property=\"og:description\" content=\"Our new Treasure Side Table Collection combines natural wood and elegant marble for a stylish, modern touch. Perfect for adding warmth and sophistication to any space.\" \/>\n<meta property=\"og:url\" content=\"https:\/\/artofcosy.com\/hu\/termek\/treasure-natural-oak-side-table-tall\/\" \/>\n<meta property=\"og:site_name\" content=\"Art of Cosy\" \/>\n<meta property=\"article:modified_time\" content=\"2025-12-18T14:40:18+00:00\" \/>\n<meta property=\"og:image\" content=\"https:\/\/artofcosy.com\/wp-content\/uploads\/2025\/04\/AOC-TREASURE-NATURAL-OAK-MEDIUM-40-cm-e1761305903234.png\" \/>\n\t<meta property=\"og:image:width\" content=\"1000\" \/>\n\t<meta property=\"og:image:height\" content=\"1000\" \/>\n\t<meta property=\"og:image:type\" content=\"image\/png\" \/>\n<meta name=\"twitter:card\" content=\"summary_large_image\" \/>\n<meta name=\"twitter:label1\" content=\"Becs\u00fclt olvas\u00e1si id\u0151\" \/>\n\t<meta name=\"twitter:data1\" content=\"1 perc\" \/>\n<script type=\"application\/ld+json\" class=\"yoast-schema-graph\">{\"@context\":\"https:\/\/schema.org\",\"@graph\":[{\"@type\":\"WebPage\",\"@id\":\"https:\/\/artofcosy.com\/product\/treasure-natural-oak-side-table-tall\/\",\"url\":\"https:\/\/artofcosy.com\/product\/treasure-natural-oak-side-table-tall\/\",\"name\":\"Treasure Natural Oak Side Table - M - Art of Cosy\",\"isPartOf\":{\"@id\":\"https:\/\/artofcosy.com\/#website\"},\"primaryImageOfPage\":{\"@id\":\"https:\/\/artofcosy.com\/product\/treasure-natural-oak-side-table-tall\/#primaryimage\"},\"image\":{\"@id\":\"https:\/\/artofcosy.com\/product\/treasure-natural-oak-side-table-tall\/#primaryimage\"},\"thumbnailUrl\":\"https:\/\/artofcosy.com\/wp-content\/uploads\/2025\/04\/AOC-TREASURE-NATURAL-OAK-MEDIUM-40-cm-e1761305903234.png\",\"datePublished\":\"2025-04-05T16:01:25+00:00\",\"dateModified\":\"2025-12-18T14:40:18+00:00\",\"breadcrumb\":{\"@id\":\"https:\/\/artofcosy.com\/product\/treasure-natural-oak-side-table-tall\/#breadcrumb\"},\"inLanguage\":\"hu\",\"potentialAction\":[{\"@type\":\"ReadAction\",\"target\":[\"https:\/\/artofcosy.com\/product\/treasure-natural-oak-side-table-tall\/\"]}]},{\"@type\":\"ImageObject\",\"inLanguage\":\"hu\",\"@id\":\"https:\/\/artofcosy.com\/product\/treasure-natural-oak-side-table-tall\/#primaryimage\",\"url\":\"https:\/\/artofcosy.com\/wp-content\/uploads\/2025\/04\/AOC-TREASURE-NATURAL-OAK-MEDIUM-40-cm-e1761305903234.png\",\"contentUrl\":\"https:\/\/artofcosy.com\/wp-content\/uploads\/2025\/04\/AOC-TREASURE-NATURAL-OAK-MEDIUM-40-cm-e1761305903234.png\",\"width\":1000,\"height\":1000},{\"@type\":\"BreadcrumbList\",\"@id\":\"https:\/\/artofcosy.com\/product\/treasure-natural-oak-side-table-tall\/#breadcrumb\",\"itemListElement\":[{\"@type\":\"ListItem\",\"position\":1,\"name\":\"Home\",\"item\":\"https:\/\/artofcosy.com\/en\/\"},{\"@type\":\"ListItem\",\"position\":2,\"name\":\"Products\",\"item\":\"https:\/\/artofcosy.com\/shop__trashed\/\"},{\"@type\":\"ListItem\",\"position\":3,\"name\":\"Treasure Natural Oak Side Table &#8211; M\"}]},{\"@type\":\"WebSite\",\"@id\":\"https:\/\/artofcosy.com\/#website\",\"url\":\"https:\/\/artofcosy.com\/\",\"name\":\"Art of Cosy\",\"description\":\"\",\"publisher\":{\"@id\":\"https:\/\/artofcosy.com\/#organization\"},\"potentialAction\":[{\"@type\":\"SearchAction\",\"target\":{\"@type\":\"EntryPoint\",\"urlTemplate\":\"https:\/\/artofcosy.com\/?s={search_term_string}\"},\"query-input\":{\"@type\":\"PropertyValueSpecification\",\"valueRequired\":true,\"valueName\":\"search_term_string\"}}],\"inLanguage\":\"hu\"},{\"@type\":\"Organization\",\"@id\":\"https:\/\/artofcosy.com\/#organization\",\"name\":\"Art of Cosy\",\"url\":\"https:\/\/artofcosy.com\/\",\"logo\":{\"@type\":\"ImageObject\",\"inLanguage\":\"hu\",\"@id\":\"https:\/\/artofcosy.com\/#\/schema\/logo\/image\/\",\"url\":\"https:\/\/artofcosy.com\/wp-content\/uploads\/2023\/07\/AOC_new_logo-1.png\",\"contentUrl\":\"https:\/\/artofcosy.com\/wp-content\/uploads\/2023\/07\/AOC_new_logo-1.png\",\"width\":1200,\"height\":703,\"caption\":\"Art of Cosy\"},\"image\":{\"@id\":\"https:\/\/artofcosy.com\/#\/schema\/logo\/image\/\"}}]}<\/script>\n<!-- \/ Yoast SEO plugin. -->","yoast_head_json":{"title":"Treasure Natural Oak Side Table - M - Art of Cosy","robots":{"index":"index","follow":"follow","max-snippet":"max-snippet:-1","max-image-preview":"max-image-preview:large","max-video-preview":"max-video-preview:-1"},"canonical":"https:\/\/artofcosy.com\/hu\/termek\/treasure-natural-oak-side-table-tall\/","og_locale":"hu_HU","og_type":"article","og_title":"Treasure Natural Oak Side Table - M - Art of Cosy","og_description":"Our new Treasure Side Table Collection combines natural wood and elegant marble for a stylish, modern touch. Perfect for adding warmth and sophistication to any space.","og_url":"https:\/\/artofcosy.com\/hu\/termek\/treasure-natural-oak-side-table-tall\/","og_site_name":"Art of Cosy","article_modified_time":"2025-12-18T14:40:18+00:00","og_image":[{"width":1000,"height":1000,"url":"https:\/\/artofcosy.com\/wp-content\/uploads\/2025\/04\/AOC-TREASURE-NATURAL-OAK-MEDIUM-40-cm-e1761305903234.png","type":"image\/png"}],"twitter_card":"summary_large_image","twitter_misc":{"Becs\u00fclt olvas\u00e1si id\u0151":"1 perc"},"schema":{"@context":"https:\/\/schema.org","@graph":[{"@type":"WebPage","@id":"https:\/\/artofcosy.com\/product\/treasure-natural-oak-side-table-tall\/","url":"https:\/\/artofcosy.com\/product\/treasure-natural-oak-side-table-tall\/","name":"Treasure Natural Oak Side Table - M - Art of Cosy","isPartOf":{"@id":"https:\/\/artofcosy.com\/#website"},"primaryImageOfPage":{"@id":"https:\/\/artofcosy.com\/product\/treasure-natural-oak-side-table-tall\/#primaryimage"},"image":{"@id":"https:\/\/artofcosy.com\/product\/treasure-natural-oak-side-table-tall\/#primaryimage"},"thumbnailUrl":"https:\/\/artofcosy.com\/wp-content\/uploads\/2025\/04\/AOC-TREASURE-NATURAL-OAK-MEDIUM-40-cm-e1761305903234.png","datePublished":"2025-04-05T16:01:25+00:00","dateModified":"2025-12-18T14:40:18+00:00","breadcrumb":{"@id":"https:\/\/artofcosy.com\/product\/treasure-natural-oak-side-table-tall\/#breadcrumb"},"inLanguage":"hu","potentialAction":[{"@type":"ReadAction","target":["https:\/\/artofcosy.com\/product\/treasure-natural-oak-side-table-tall\/"]}]},{"@type":"ImageObject","inLanguage":"hu","@id":"https:\/\/artofcosy.com\/product\/treasure-natural-oak-side-table-tall\/#primaryimage","url":"https:\/\/artofcosy.com\/wp-content\/uploads\/2025\/04\/AOC-TREASURE-NATURAL-OAK-MEDIUM-40-cm-e1761305903234.png","contentUrl":"https:\/\/artofcosy.com\/wp-content\/uploads\/2025\/04\/AOC-TREASURE-NATURAL-OAK-MEDIUM-40-cm-e1761305903234.png","width":1000,"height":1000},{"@type":"BreadcrumbList","@id":"https:\/\/artofcosy.com\/product\/treasure-natural-oak-side-table-tall\/#breadcrumb","itemListElement":[{"@type":"ListItem","position":1,"name":"Home","item":"https:\/\/artofcosy.com\/en\/"},{"@type":"ListItem","position":2,"name":"Products","item":"https:\/\/artofcosy.com\/shop__trashed\/"},{"@type":"ListItem","position":3,"name":"Treasure Natural Oak Side Table &#8211; M"}]},{"@type":"WebSite","@id":"https:\/\/artofcosy.com\/#website","url":"https:\/\/artofcosy.com\/","name":"Art of Cozy","description":"","publisher":{"@id":"https:\/\/artofcosy.com\/#organization"},"potentialAction":[{"@type":"SearchAction","target":{"@type":"EntryPoint","urlTemplate":"https:\/\/artofcosy.com\/?s={search_term_string}"},"query-input":{"@type":"PropertyValueSpecification","valueRequired":true,"valueName":"search_term_string"}}],"inLanguage":"hu"},{"@type":"Organization","@id":"https:\/\/artofcosy.com\/#organization","name":"Art of Cozy","url":"https:\/\/artofcosy.com\/","logo":{"@type":"ImageObject","inLanguage":"hu","@id":"https:\/\/artofcosy.com\/#\/schema\/logo\/image\/","url":"https:\/\/artofcosy.com\/wp-content\/uploads\/2023\/07\/AOC_new_logo-1.png","contentUrl":"https:\/\/artofcosy.com\/wp-content\/uploads\/2023\/07\/AOC_new_logo-1.png","width":1200,"height":703,"caption":"Art of Cosy"},"image":{"@id":"https:\/\/artofcosy.com\/#\/schema\/logo\/image\/"}}]}},"_links":{"self":[{"href":"https:\/\/artofcosy.com\/hu\/wp-json\/wp\/v2\/product\/4494","targetHints":{"allow":["GET"]}}],"collection":[{"href":"https:\/\/artofcosy.com\/hu\/wp-json\/wp\/v2\/product"}],"about":[{"href":"https:\/\/artofcosy.com\/hu\/wp-json\/wp\/v2\/types\/product"}],"version-history":[{"count":6,"href":"https:\/\/artofcosy.com\/hu\/wp-json\/wp\/v2\/product\/4494\/revisions"}],"predecessor-version":[{"id":5590,"href":"https:\/\/artofcosy.com\/hu\/wp-json\/wp\/v2\/product\/4494\/revisions\/5590"}],"wp:featuredmedia":[{"embeddable":true,"href":"https:\/\/artofcosy.com\/hu\/wp-json\/wp\/v2\/media\/5245"}],"wp:attachment":[{"href":"https:\/\/artofcosy.com\/hu\/wp-json\/wp\/v2\/media?parent=4494"}],"wp:term":[{"taxonomy":"product_cat","embeddable":true,"href":"https:\/\/artofcosy.com\/hu\/wp-json\/wp\/v2\/product_cat?post=4494"},{"taxonomy":"product_tag","embeddable":true,"href":"https:\/\/artofcosy.com\/hu\/wp-json\/wp\/v2\/product_tag?post=4494"}],"curies":[{"name":"wp","href":"https:\/\/api.w.org\/{rel}","templated":true}]}}