{"id":3852,"date":"2024-04-14T13:34:55","date_gmt":"2024-04-14T11:34:55","guid":{"rendered":"https:\/\/artofcosy.com\/?post_type=product&#038;p=3852"},"modified":"2025-11-08T15:48:45","modified_gmt":"2025-11-08T14:48:45","slug":"neroli-candle","status":"publish","type":"product","link":"https:\/\/artofcosy.com\/hu\/termek\/neroli-candle\/","title":{"rendered":"N\u00e9roli gyeryta feh\u00e9r"},"content":{"rendered":"<p>Add \u00e1t magad a luxus N\u00e9roli Sz\u00f3jagyerty\u00e1nk egyedi var\u00e1zs\u00e1nak. Gyerty\u00e1ink pr\u00e9mium ill\u00f3olajb\u00f3l, bio sz\u00f3ja-k\u00f3kuszviaszb\u00f3l k\u00e9sz\u00fclnek. Tapasztald meg Te is a melegs\u00e9get \u00e9s az eleganci\u00e1t a pisl\u00e1kol\u00f3 l\u00e1ng mag\u00e1val ragad\u00f3 arom\u00e1j\u00e1n kereszt\u00fcl, ami val\u00f3di nyugalommal t\u00f6lti meg otthonod.<\/p>\n<p>K\u00e9zzel k\u00e9sz\u00fclt term\u00e9k. V\u00e1lassz a pamut vagy fa kan\u00f3cok k\u00f6z\u00fcl. Fa kan\u00f3c a ropog\u00f3 t\u0171z hangulat\u00e1t hozza el otthonodba, a len vagy pamut kan\u00f3c pedig a klasszikus gyertya csendes relax\u00e1ci\u00f3s \u00e9lm\u00e9ny\u00e9t. T\u00e1j\u00e9koztat\u00f3: Gyerty\u00e1ink maximum 80 n\u00e9gyzetm\u00e9teres helyis\u00e9get illatos\u00edtanak be kellemesen. A kan\u00f3cot mindig v\u00e1gjuk vissza, 4 \u00f3r\u00e1n\u00e1l t\u00f6bbet ne \u00e9gess\u00fck egyszerre. Term\u00e9kbiztons\u00e1gi tan\u00e1csokat a term\u00e9k doboz\u00e1n, illetve a csomagol\u00e1s belsej\u00e9ben tal\u00e1l.<\/p>\n<p><strong>Fejjegyek: neroli, mandarin<\/strong><\/p>\n<p><strong>Sz\u00edvjegyek: mim\u00f3za, fah\u00e9j, \u00e1nizs<\/strong><\/p>\n<p><strong>Alapillat: tonka, szant\u00e1lfa, pacsuli<\/strong><\/p>\n<p>&nbsp;<\/p>","protected":false},"excerpt":{"rendered":"<p>Dobd fel otthonod hangulat\u00e1t luxus N\u00e9roli Sz\u00f3jagyerty\u00e1nk id\u0151tlen var\u00e1zs\u00e1val.<\/p>\n<ul>\n<li><strong>100% Soy wax<\/strong><\/li>\n<li><strong>Paraben and SLS free<\/strong><\/li>\n<li><strong>Paraffin free<\/strong><\/li>\n<li><strong>Long lasting fragrance<\/strong><\/li>\n<\/ul>\n<p><strong>\u00a0Neroli, Mandarine,\u00a0Mimosa, Cinnamon, Anise,\u00a0Tonka, Sandalwood, Patchouli.<\/strong><\/p>","protected":false},"featured_media":4797,"template":"","meta":{"_acf_changed":false,"footnotes":""},"product_cat":[108,52],"product_tag":[],"class_list":{"0":"post-3852","1":"product","2":"type-product","3":"status-publish","4":"has-post-thumbnail","6":"product_cat-candles","7":"product_cat-home-decor","8":"product_shipping_class-candles","10":"first","11":"instock","12":"taxable","13":"shipping-taxable","14":"purchasable","15":"product-type-variable","16":"has-default-attributes"},"acf":[],"yoast_head":"<!-- This site is optimized with the Yoast SEO plugin v26.2 - https:\/\/yoast.com\/wordpress\/plugins\/seo\/ -->\n<title>N\u00e9roli Candle White - Art of Cosy<\/title>\n<meta name=\"robots\" content=\"index, follow, max-snippet:-1, max-image-preview:large, max-video-preview:-1\" \/>\n<link rel=\"canonical\" href=\"https:\/\/artofcosy.com\/hu\/termek\/neroli-candle\/\" \/>\n<meta property=\"og:locale\" content=\"hu_HU\" \/>\n<meta property=\"og:type\" content=\"article\" \/>\n<meta property=\"og:title\" content=\"N\u00e9roli Candle White - Art of Cosy\" \/>\n<meta property=\"og:description\" content=\"Elevate the ambience of your home with the timeless charm of our luxury N\u00e9roli Soy Candle.   100% Soy wax  Paraben and SLS free  Paraffin free  Long lasting fragrance  \u00a0Neroli, Mandarine,\u00a0Mimosa, Cinnamon, Anise,\u00a0Tonka, Sandalwood, Patchouli.\" \/>\n<meta property=\"og:url\" content=\"https:\/\/artofcosy.com\/hu\/termek\/neroli-candle\/\" \/>\n<meta property=\"og:site_name\" content=\"Art of Cosy\" \/>\n<meta property=\"article:modified_time\" content=\"2025-11-08T14:48:45+00:00\" \/>\n<meta property=\"og:image\" content=\"https:\/\/artofcosy.com\/wp-content\/uploads\/2025\/10\/WHITE-NEROLI-2.jpeg\" \/>\n\t<meta property=\"og:image:width\" content=\"853\" \/>\n\t<meta property=\"og:image:height\" content=\"1280\" \/>\n\t<meta property=\"og:image:type\" content=\"image\/jpeg\" \/>\n<meta name=\"twitter:card\" content=\"summary_large_image\" \/>\n<meta name=\"twitter:label1\" content=\"Becs\u00fclt olvas\u00e1si id\u0151\" \/>\n\t<meta name=\"twitter:data1\" content=\"1 perc\" \/>\n<script type=\"application\/ld+json\" class=\"yoast-schema-graph\">{\"@context\":\"https:\/\/schema.org\",\"@graph\":[{\"@type\":\"WebPage\",\"@id\":\"https:\/\/artofcosy.com\/product\/neroli-candle\/\",\"url\":\"https:\/\/artofcosy.com\/product\/neroli-candle\/\",\"name\":\"N\u00e9roli Candle White - Art of Cosy\",\"isPartOf\":{\"@id\":\"https:\/\/artofcosy.com\/#website\"},\"primaryImageOfPage\":{\"@id\":\"https:\/\/artofcosy.com\/product\/neroli-candle\/#primaryimage\"},\"image\":{\"@id\":\"https:\/\/artofcosy.com\/product\/neroli-candle\/#primaryimage\"},\"thumbnailUrl\":\"https:\/\/artofcosy.com\/wp-content\/uploads\/2025\/10\/WHITE-NEROLI-2.jpeg\",\"datePublished\":\"2024-04-14T11:34:55+00:00\",\"dateModified\":\"2025-11-08T14:48:45+00:00\",\"breadcrumb\":{\"@id\":\"https:\/\/artofcosy.com\/product\/neroli-candle\/#breadcrumb\"},\"inLanguage\":\"hu\",\"potentialAction\":[{\"@type\":\"ReadAction\",\"target\":[\"https:\/\/artofcosy.com\/product\/neroli-candle\/\"]}]},{\"@type\":\"ImageObject\",\"inLanguage\":\"hu\",\"@id\":\"https:\/\/artofcosy.com\/product\/neroli-candle\/#primaryimage\",\"url\":\"https:\/\/artofcosy.com\/wp-content\/uploads\/2025\/10\/WHITE-NEROLI-2.jpeg\",\"contentUrl\":\"https:\/\/artofcosy.com\/wp-content\/uploads\/2025\/10\/WHITE-NEROLI-2.jpeg\",\"width\":853,\"height\":1280},{\"@type\":\"BreadcrumbList\",\"@id\":\"https:\/\/artofcosy.com\/product\/neroli-candle\/#breadcrumb\",\"itemListElement\":[{\"@type\":\"ListItem\",\"position\":1,\"name\":\"Home\",\"item\":\"https:\/\/artofcosy.com\/en\/\"},{\"@type\":\"ListItem\",\"position\":2,\"name\":\"Products\",\"item\":\"https:\/\/artofcosy.com\/shop__trashed\/\"},{\"@type\":\"ListItem\",\"position\":3,\"name\":\"N\u00e9roli Candle White\"}]},{\"@type\":\"WebSite\",\"@id\":\"https:\/\/artofcosy.com\/#website\",\"url\":\"https:\/\/artofcosy.com\/\",\"name\":\"Art of Cosy\",\"description\":\"\",\"publisher\":{\"@id\":\"https:\/\/artofcosy.com\/#organization\"},\"potentialAction\":[{\"@type\":\"SearchAction\",\"target\":{\"@type\":\"EntryPoint\",\"urlTemplate\":\"https:\/\/artofcosy.com\/?s={search_term_string}\"},\"query-input\":{\"@type\":\"PropertyValueSpecification\",\"valueRequired\":true,\"valueName\":\"search_term_string\"}}],\"inLanguage\":\"hu\"},{\"@type\":\"Organization\",\"@id\":\"https:\/\/artofcosy.com\/#organization\",\"name\":\"Art of Cosy\",\"url\":\"https:\/\/artofcosy.com\/\",\"logo\":{\"@type\":\"ImageObject\",\"inLanguage\":\"hu\",\"@id\":\"https:\/\/artofcosy.com\/#\/schema\/logo\/image\/\",\"url\":\"https:\/\/artofcosy.com\/wp-content\/uploads\/2023\/07\/AOC_new_logo-1.png\",\"contentUrl\":\"https:\/\/artofcosy.com\/wp-content\/uploads\/2023\/07\/AOC_new_logo-1.png\",\"width\":1200,\"height\":703,\"caption\":\"Art of Cosy\"},\"image\":{\"@id\":\"https:\/\/artofcosy.com\/#\/schema\/logo\/image\/\"}}]}<\/script>\n<!-- \/ Yoast SEO plugin. -->","yoast_head_json":{"title":"N\u00e9roli Candle White - Art of Cosy","robots":{"index":"index","follow":"follow","max-snippet":"max-snippet:-1","max-image-preview":"max-image-preview:large","max-video-preview":"max-video-preview:-1"},"canonical":"https:\/\/artofcosy.com\/hu\/termek\/neroli-candle\/","og_locale":"hu_HU","og_type":"article","og_title":"N\u00e9roli Candle White - Art of Cosy","og_description":"Elevate the ambience of your home with the timeless charm of our luxury N\u00e9roli Soy Candle.   100% Soy wax  Paraben and SLS free  Paraffin free  Long lasting fragrance  \u00a0Neroli, Mandarine,\u00a0Mimosa, Cinnamon, Anise,\u00a0Tonka, Sandalwood, Patchouli.","og_url":"https:\/\/artofcosy.com\/hu\/termek\/neroli-candle\/","og_site_name":"Art of Cosy","article_modified_time":"2025-11-08T14:48:45+00:00","og_image":[{"width":853,"height":1280,"url":"https:\/\/artofcosy.com\/wp-content\/uploads\/2025\/10\/WHITE-NEROLI-2.jpeg","type":"image\/jpeg"}],"twitter_card":"summary_large_image","twitter_misc":{"Becs\u00fclt olvas\u00e1si id\u0151":"1 perc"},"schema":{"@context":"https:\/\/schema.org","@graph":[{"@type":"WebPage","@id":"https:\/\/artofcosy.com\/product\/neroli-candle\/","url":"https:\/\/artofcosy.com\/product\/neroli-candle\/","name":"N\u00e9roli Candle White - Art of Cosy","isPartOf":{"@id":"https:\/\/artofcosy.com\/#website"},"primaryImageOfPage":{"@id":"https:\/\/artofcosy.com\/product\/neroli-candle\/#primaryimage"},"image":{"@id":"https:\/\/artofcosy.com\/product\/neroli-candle\/#primaryimage"},"thumbnailUrl":"https:\/\/artofcosy.com\/wp-content\/uploads\/2025\/10\/WHITE-NEROLI-2.jpeg","datePublished":"2024-04-14T11:34:55+00:00","dateModified":"2025-11-08T14:48:45+00:00","breadcrumb":{"@id":"https:\/\/artofcosy.com\/product\/neroli-candle\/#breadcrumb"},"inLanguage":"hu","potentialAction":[{"@type":"ReadAction","target":["https:\/\/artofcosy.com\/product\/neroli-candle\/"]}]},{"@type":"ImageObject","inLanguage":"hu","@id":"https:\/\/artofcosy.com\/product\/neroli-candle\/#primaryimage","url":"https:\/\/artofcosy.com\/wp-content\/uploads\/2025\/10\/WHITE-NEROLI-2.jpeg","contentUrl":"https:\/\/artofcosy.com\/wp-content\/uploads\/2025\/10\/WHITE-NEROLI-2.jpeg","width":853,"height":1280},{"@type":"BreadcrumbList","@id":"https:\/\/artofcosy.com\/product\/neroli-candle\/#breadcrumb","itemListElement":[{"@type":"ListItem","position":1,"name":"Home","item":"https:\/\/artofcosy.com\/en\/"},{"@type":"ListItem","position":2,"name":"Products","item":"https:\/\/artofcosy.com\/shop__trashed\/"},{"@type":"ListItem","position":3,"name":"N\u00e9roli Candle White"}]},{"@type":"WebSite","@id":"https:\/\/artofcosy.com\/#website","url":"https:\/\/artofcosy.com\/","name":"Art of Cozy","description":"","publisher":{"@id":"https:\/\/artofcosy.com\/#organization"},"potentialAction":[{"@type":"SearchAction","target":{"@type":"EntryPoint","urlTemplate":"https:\/\/artofcosy.com\/?s={search_term_string}"},"query-input":{"@type":"PropertyValueSpecification","valueRequired":true,"valueName":"search_term_string"}}],"inLanguage":"hu"},{"@type":"Organization","@id":"https:\/\/artofcosy.com\/#organization","name":"Art of Cozy","url":"https:\/\/artofcosy.com\/","logo":{"@type":"ImageObject","inLanguage":"hu","@id":"https:\/\/artofcosy.com\/#\/schema\/logo\/image\/","url":"https:\/\/artofcosy.com\/wp-content\/uploads\/2023\/07\/AOC_new_logo-1.png","contentUrl":"https:\/\/artofcosy.com\/wp-content\/uploads\/2023\/07\/AOC_new_logo-1.png","width":1200,"height":703,"caption":"Art of Cosy"},"image":{"@id":"https:\/\/artofcosy.com\/#\/schema\/logo\/image\/"}}]}},"_links":{"self":[{"href":"https:\/\/artofcosy.com\/hu\/wp-json\/wp\/v2\/product\/3852","targetHints":{"allow":["GET"]}}],"collection":[{"href":"https:\/\/artofcosy.com\/hu\/wp-json\/wp\/v2\/product"}],"about":[{"href":"https:\/\/artofcosy.com\/hu\/wp-json\/wp\/v2\/types\/product"}],"version-history":[{"count":3,"href":"https:\/\/artofcosy.com\/hu\/wp-json\/wp\/v2\/product\/3852\/revisions"}],"predecessor-version":[{"id":5566,"href":"https:\/\/artofcosy.com\/hu\/wp-json\/wp\/v2\/product\/3852\/revisions\/5566"}],"wp:featuredmedia":[{"embeddable":true,"href":"https:\/\/artofcosy.com\/hu\/wp-json\/wp\/v2\/media\/4797"}],"wp:attachment":[{"href":"https:\/\/artofcosy.com\/hu\/wp-json\/wp\/v2\/media?parent=3852"}],"wp:term":[{"taxonomy":"product_cat","embeddable":true,"href":"https:\/\/artofcosy.com\/hu\/wp-json\/wp\/v2\/product_cat?post=3852"},{"taxonomy":"product_tag","embeddable":true,"href":"https:\/\/artofcosy.com\/hu\/wp-json\/wp\/v2\/product_tag?post=3852"}],"curies":[{"name":"wp","href":"https:\/\/api.w.org\/{rel}","templated":true}]}}