{"id":3733,"date":"2024-03-06T14:33:58","date_gmt":"2024-03-06T14:33:58","guid":{"rendered":"https:\/\/artofcosy.com\/?post_type=product&#038;p=3733"},"modified":"2025-11-25T23:10:03","modified_gmt":"2025-11-25T22:10:03","slug":"fig-jasmine-candle","status":"publish","type":"product","link":"https:\/\/artofcosy.com\/hu\/termek\/fig-jasmine-candle\/","title":{"rendered":"F\u00fcge \u00e9s j\u00e1zmin illatgyertya"},"content":{"rendered":"<p>Indulge in a rich allure of our luxury Fig &amp; Jasmine Soy Candle. Crafted with premium fragrance oil &amp; organic soy wax. Experience the warmth and elegance as the flickering flame releases a captivating aroma that fills your space with tranquility and style.<\/p>\n<p>K\u00e9zzel k\u00e9sz\u00fclt term\u00e9k. V\u00e1lassz a pamut vagy fa kan\u00f3cok k\u00f6z\u00fcl. Fa kan\u00f3c a ropog\u00f3 t\u0171z hangulat\u00e1t hozza el otthonodba, a len vagy pamut kan\u00f3c pedig a klasszikus gyertya csendes relax\u00e1ci\u00f3s \u00e9lm\u00e9ny\u00e9t.\n\n\nT\u00e1j\u00e9koztat\u00f3: Gyerty\u00e1ink maximum 80 n\u00e9gyzetm\u00e9teres helyis\u00e9get illatos\u00edtanak be kellemesen. A kan\u00f3cot mindig v\u00e1gjuk vissza, 4 \u00f3r\u00e1n\u00e1l t\u00f6bbet ne \u00e9gess\u00fck egyszerre. Term\u00e9kbiztons\u00e1gi tan\u00e1csokat a term\u00e9k doboz\u00e1n, illetve a csomagol\u00e1s belsej\u00e9ben tal\u00e1l.<\/p>\n<p><strong>Fejjegyek: F\u00fcge, K\u00f6rte<\/strong><\/p>\n<p><strong>Sz\u00edvjegyek: J\u00e1zmin, Ylang-Ylang<\/strong><\/p>\n<p><strong>Alapjegyek: Vetiver, Borosty\u00e1n, P\u00e9zsma<\/strong><\/p>\n<p>&nbsp;<\/p>","protected":false},"excerpt":{"rendered":"<p>Tedd egyediv\u00e9 otthonod hangulat\u00e1t a luxus F\u00fcge \u00e9s J\u00e1zmin sz\u00f3jagyerty\u00e1nk friss \u00e9s \u00fcde arom\u00e1j\u00e1val. Remek v\u00e1laszt\u00e1s, ha szereted a tisztas\u00e1g \u00e1that\u00f3 illat\u00e1t, amint belengi otthonod teljes ter\u00e9t.<\/p>\n<ul>\n<li><strong>100% Soy wax<\/strong><\/li>\n<li><strong>Paraben and SLS free<\/strong><\/li>\n<li><strong>Paraffin free<\/strong><\/li>\n<li><strong>Non-Toxic<\/strong><\/li>\n<li><strong>Long lasting fragrance<\/strong><\/li>\n<\/ul>\n<p><strong>F\u00fcge, J\u00e1zmin, Ylang-Ylang, Vetiver, Borosty\u00e1n, P\u00e9zsma<\/strong><\/p>","protected":false},"featured_media":4140,"template":"","meta":{"_acf_changed":false,"footnotes":""},"product_cat":[108,52],"product_tag":[],"class_list":{"0":"post-3733","1":"product","2":"type-product","3":"status-publish","4":"has-post-thumbnail","6":"product_cat-candles","7":"product_cat-home-decor","8":"product_shipping_class-candles","10":"first","11":"instock","12":"taxable","13":"shipping-taxable","14":"purchasable","15":"product-type-variable","16":"has-default-attributes"},"acf":[],"yoast_head":"<!-- This site is optimized with the Yoast SEO plugin v26.2 - https:\/\/yoast.com\/wordpress\/plugins\/seo\/ -->\n<title>Fig &amp; Jasmine Candle - Art of Cosy<\/title>\n<meta name=\"robots\" content=\"index, follow, max-snippet:-1, max-image-preview:large, max-video-preview:-1\" \/>\n<link rel=\"canonical\" href=\"https:\/\/artofcosy.com\/hu\/termek\/fig-jasmine-candle\/\" \/>\n<meta property=\"og:locale\" content=\"hu_HU\" \/>\n<meta property=\"og:type\" content=\"article\" \/>\n<meta property=\"og:title\" content=\"Fig &amp; Jasmine Candle - Art of Cosy\" \/>\n<meta property=\"og:description\" content=\"Elevate the ambience of your home with the timeless charm of our luxury Fig &amp; Jasmine Soy Candle.   100% Soy wax  Paraben and SLS free  Paraffin free  Non-Toxic  Long lasting fragrance  Fig, Jasmine, Ylang-Ylang, Vetiver, Amber, Musk\" \/>\n<meta property=\"og:url\" content=\"https:\/\/artofcosy.com\/hu\/termek\/fig-jasmine-candle\/\" \/>\n<meta property=\"og:site_name\" content=\"Art of Cosy\" \/>\n<meta property=\"article:modified_time\" content=\"2025-11-25T22:10:03+00:00\" \/>\n<meta property=\"og:image\" content=\"https:\/\/artofcosy.com\/wp-content\/uploads\/2024\/04\/Fig-jasmine-candle-scaled-e1729379592433.jpg\" \/>\n\t<meta property=\"og:image:width\" content=\"1617\" \/>\n\t<meta property=\"og:image:height\" content=\"1689\" \/>\n\t<meta property=\"og:image:type\" content=\"image\/jpeg\" \/>\n<meta name=\"twitter:card\" content=\"summary_large_image\" \/>\n<meta name=\"twitter:label1\" content=\"Becs\u00fclt olvas\u00e1si id\u0151\" \/>\n\t<meta name=\"twitter:data1\" content=\"1 perc\" \/>\n<script type=\"application\/ld+json\" class=\"yoast-schema-graph\">{\"@context\":\"https:\/\/schema.org\",\"@graph\":[{\"@type\":\"WebPage\",\"@id\":\"https:\/\/artofcosy.com\/product\/fig-jasmine-candle\/\",\"url\":\"https:\/\/artofcosy.com\/product\/fig-jasmine-candle\/\",\"name\":\"Fig & Jasmine Candle - Art of Cosy\",\"isPartOf\":{\"@id\":\"https:\/\/artofcosy.com\/#website\"},\"primaryImageOfPage\":{\"@id\":\"https:\/\/artofcosy.com\/product\/fig-jasmine-candle\/#primaryimage\"},\"image\":{\"@id\":\"https:\/\/artofcosy.com\/product\/fig-jasmine-candle\/#primaryimage\"},\"thumbnailUrl\":\"https:\/\/artofcosy.com\/wp-content\/uploads\/2024\/04\/Fig-jasmine-candle-scaled-e1729379592433.jpg\",\"datePublished\":\"2024-03-06T14:33:58+00:00\",\"dateModified\":\"2025-11-25T22:10:03+00:00\",\"breadcrumb\":{\"@id\":\"https:\/\/artofcosy.com\/product\/fig-jasmine-candle\/#breadcrumb\"},\"inLanguage\":\"hu\",\"potentialAction\":[{\"@type\":\"ReadAction\",\"target\":[\"https:\/\/artofcosy.com\/product\/fig-jasmine-candle\/\"]}]},{\"@type\":\"ImageObject\",\"inLanguage\":\"hu\",\"@id\":\"https:\/\/artofcosy.com\/product\/fig-jasmine-candle\/#primaryimage\",\"url\":\"https:\/\/artofcosy.com\/wp-content\/uploads\/2024\/04\/Fig-jasmine-candle-scaled-e1729379592433.jpg\",\"contentUrl\":\"https:\/\/artofcosy.com\/wp-content\/uploads\/2024\/04\/Fig-jasmine-candle-scaled-e1729379592433.jpg\",\"width\":1617,\"height\":1689},{\"@type\":\"BreadcrumbList\",\"@id\":\"https:\/\/artofcosy.com\/product\/fig-jasmine-candle\/#breadcrumb\",\"itemListElement\":[{\"@type\":\"ListItem\",\"position\":1,\"name\":\"Home\",\"item\":\"https:\/\/artofcosy.com\/en\/\"},{\"@type\":\"ListItem\",\"position\":2,\"name\":\"Products\",\"item\":\"https:\/\/artofcosy.com\/shop__trashed\/\"},{\"@type\":\"ListItem\",\"position\":3,\"name\":\"Fig &#038; Jasmine Candle\"}]},{\"@type\":\"WebSite\",\"@id\":\"https:\/\/artofcosy.com\/#website\",\"url\":\"https:\/\/artofcosy.com\/\",\"name\":\"Art of Cosy\",\"description\":\"\",\"publisher\":{\"@id\":\"https:\/\/artofcosy.com\/#organization\"},\"potentialAction\":[{\"@type\":\"SearchAction\",\"target\":{\"@type\":\"EntryPoint\",\"urlTemplate\":\"https:\/\/artofcosy.com\/?s={search_term_string}\"},\"query-input\":{\"@type\":\"PropertyValueSpecification\",\"valueRequired\":true,\"valueName\":\"search_term_string\"}}],\"inLanguage\":\"hu\"},{\"@type\":\"Organization\",\"@id\":\"https:\/\/artofcosy.com\/#organization\",\"name\":\"Art of Cosy\",\"url\":\"https:\/\/artofcosy.com\/\",\"logo\":{\"@type\":\"ImageObject\",\"inLanguage\":\"hu\",\"@id\":\"https:\/\/artofcosy.com\/#\/schema\/logo\/image\/\",\"url\":\"https:\/\/artofcosy.com\/wp-content\/uploads\/2023\/07\/AOC_new_logo-1.png\",\"contentUrl\":\"https:\/\/artofcosy.com\/wp-content\/uploads\/2023\/07\/AOC_new_logo-1.png\",\"width\":1200,\"height\":703,\"caption\":\"Art of Cosy\"},\"image\":{\"@id\":\"https:\/\/artofcosy.com\/#\/schema\/logo\/image\/\"}}]}<\/script>\n<!-- \/ Yoast SEO plugin. -->","yoast_head_json":{"title":"Fig & Jasmine Candle - Art of Cosy","robots":{"index":"index","follow":"follow","max-snippet":"max-snippet:-1","max-image-preview":"max-image-preview:large","max-video-preview":"max-video-preview:-1"},"canonical":"https:\/\/artofcosy.com\/hu\/termek\/fig-jasmine-candle\/","og_locale":"hu_HU","og_type":"article","og_title":"Fig & Jasmine Candle - Art of Cosy","og_description":"Elevate the ambience of your home with the timeless charm of our luxury Fig &amp; Jasmine Soy Candle.   100% Soy wax  Paraben and SLS free  Paraffin free  Non-Toxic  Long lasting fragrance  Fig, Jasmine, Ylang-Ylang, Vetiver, Amber, Musk","og_url":"https:\/\/artofcosy.com\/hu\/termek\/fig-jasmine-candle\/","og_site_name":"Art of Cosy","article_modified_time":"2025-11-25T22:10:03+00:00","og_image":[{"width":1617,"height":1689,"url":"https:\/\/artofcosy.com\/wp-content\/uploads\/2024\/04\/Fig-jasmine-candle-scaled-e1729379592433.jpg","type":"image\/jpeg"}],"twitter_card":"summary_large_image","twitter_misc":{"Becs\u00fclt olvas\u00e1si id\u0151":"1 perc"},"schema":{"@context":"https:\/\/schema.org","@graph":[{"@type":"WebPage","@id":"https:\/\/artofcosy.com\/product\/fig-jasmine-candle\/","url":"https:\/\/artofcosy.com\/product\/fig-jasmine-candle\/","name":"Fig & Jasmine Candle - Art of Cosy","isPartOf":{"@id":"https:\/\/artofcosy.com\/#website"},"primaryImageOfPage":{"@id":"https:\/\/artofcosy.com\/product\/fig-jasmine-candle\/#primaryimage"},"image":{"@id":"https:\/\/artofcosy.com\/product\/fig-jasmine-candle\/#primaryimage"},"thumbnailUrl":"https:\/\/artofcosy.com\/wp-content\/uploads\/2024\/04\/Fig-jasmine-candle-scaled-e1729379592433.jpg","datePublished":"2024-03-06T14:33:58+00:00","dateModified":"2025-11-25T22:10:03+00:00","breadcrumb":{"@id":"https:\/\/artofcosy.com\/product\/fig-jasmine-candle\/#breadcrumb"},"inLanguage":"hu","potentialAction":[{"@type":"ReadAction","target":["https:\/\/artofcosy.com\/product\/fig-jasmine-candle\/"]}]},{"@type":"ImageObject","inLanguage":"hu","@id":"https:\/\/artofcosy.com\/product\/fig-jasmine-candle\/#primaryimage","url":"https:\/\/artofcosy.com\/wp-content\/uploads\/2024\/04\/Fig-jasmine-candle-scaled-e1729379592433.jpg","contentUrl":"https:\/\/artofcosy.com\/wp-content\/uploads\/2024\/04\/Fig-jasmine-candle-scaled-e1729379592433.jpg","width":1617,"height":1689},{"@type":"BreadcrumbList","@id":"https:\/\/artofcosy.com\/product\/fig-jasmine-candle\/#breadcrumb","itemListElement":[{"@type":"ListItem","position":1,"name":"Home","item":"https:\/\/artofcosy.com\/en\/"},{"@type":"ListItem","position":2,"name":"Products","item":"https:\/\/artofcosy.com\/shop__trashed\/"},{"@type":"ListItem","position":3,"name":"Fig &#038; Jasmine Candle"}]},{"@type":"WebSite","@id":"https:\/\/artofcosy.com\/#website","url":"https:\/\/artofcosy.com\/","name":"Art of Cozy","description":"","publisher":{"@id":"https:\/\/artofcosy.com\/#organization"},"potentialAction":[{"@type":"SearchAction","target":{"@type":"EntryPoint","urlTemplate":"https:\/\/artofcosy.com\/?s={search_term_string}"},"query-input":{"@type":"PropertyValueSpecification","valueRequired":true,"valueName":"search_term_string"}}],"inLanguage":"hu"},{"@type":"Organization","@id":"https:\/\/artofcosy.com\/#organization","name":"Art of Cozy","url":"https:\/\/artofcosy.com\/","logo":{"@type":"ImageObject","inLanguage":"hu","@id":"https:\/\/artofcosy.com\/#\/schema\/logo\/image\/","url":"https:\/\/artofcosy.com\/wp-content\/uploads\/2023\/07\/AOC_new_logo-1.png","contentUrl":"https:\/\/artofcosy.com\/wp-content\/uploads\/2023\/07\/AOC_new_logo-1.png","width":1200,"height":703,"caption":"Art of Cosy"},"image":{"@id":"https:\/\/artofcosy.com\/#\/schema\/logo\/image\/"}}]}},"_links":{"self":[{"href":"https:\/\/artofcosy.com\/hu\/wp-json\/wp\/v2\/product\/3733","targetHints":{"allow":["GET"]}}],"collection":[{"href":"https:\/\/artofcosy.com\/hu\/wp-json\/wp\/v2\/product"}],"about":[{"href":"https:\/\/artofcosy.com\/hu\/wp-json\/wp\/v2\/types\/product"}],"version-history":[{"count":4,"href":"https:\/\/artofcosy.com\/hu\/wp-json\/wp\/v2\/product\/3733\/revisions"}],"predecessor-version":[{"id":4587,"href":"https:\/\/artofcosy.com\/hu\/wp-json\/wp\/v2\/product\/3733\/revisions\/4587"}],"wp:featuredmedia":[{"embeddable":true,"href":"https:\/\/artofcosy.com\/hu\/wp-json\/wp\/v2\/media\/4140"}],"wp:attachment":[{"href":"https:\/\/artofcosy.com\/hu\/wp-json\/wp\/v2\/media?parent=3733"}],"wp:term":[{"taxonomy":"product_cat","embeddable":true,"href":"https:\/\/artofcosy.com\/hu\/wp-json\/wp\/v2\/product_cat?post=3733"},{"taxonomy":"product_tag","embeddable":true,"href":"https:\/\/artofcosy.com\/hu\/wp-json\/wp\/v2\/product_tag?post=3733"}],"curies":[{"name":"wp","href":"https:\/\/api.w.org\/{rel}","templated":true}]}}