{"id":3586,"date":"2024-02-18T12:01:43","date_gmt":"2024-02-18T12:01:43","guid":{"rendered":"https:\/\/artofcosy.com\/?post_type=product&#038;p=3586"},"modified":"2026-02-04T00:04:20","modified_gmt":"2026-02-03T23:04:20","slug":"grey-terrazzo-stone-coffee-table-small","status":"publish","type":"product","link":"https:\/\/artofcosy.com\/hu\/termek\/grey-terrazzo-stone-coffee-table-small\/","title":{"rendered":"Grey Stone - doh\u00e1nyz\u00f3asztal"},"content":{"rendered":"<p>Grey Stone doh\u00e1nyz\u00f3asztalaink pr\u00e9mium min\u0151s\u00e9g\u0171 anyagb\u00f3l k\u00e9sz\u00fclnek.<\/p>\n<p>TERM\u00c9SZETES \u00e1sv\u00e1nyi anyagok \u00e9s k\u0151z\u00fazal\u00e9k kever\u00e9ke, ami \u00e1ltal egy fenntarthat\u00f3, hossz\u00fa \u00e9lettartam\u00fa \u00e9s \u00daJRAHASZNOS\u00cdTHAT\u00d3 term\u00e9k j\u00f6tt l\u00e9tre.<\/p>\n<p>K\u00f6nnyed\u00e9n tiszt\u00e1n tarthat\u00f3, folt- \u00e9s karc\u00e1ll\u00f3 doh\u00e1nyz\u00f3asztal. Amennyiben tetszik a diz\u00e1jn, de a m\u00e9ret nem illik a nappalidba, \u00edrj nek\u00fcnk \u00e9s mi testre szabjuk neked. K\u00fcl\u00f6nb\u00f6z\u0151 sz\u00ednekben \u00e9s anyagokkal is el\u00e9rhet\u0151. Szem\u00e9lyesen megtekinthet\u0151 szalonunkban. Budapest, 1024 keleti K\u00e1roly u. 12-14<\/p>\n<p>Ezek az asztalok 150\u00d775 cm-ig testre szabhat\u00f3k. Oszd meg vel\u00fcnk elk\u00e9pzel\u00e9sedet, mi pedig \u00e9letre keltj\u00fck.<\/p>","protected":false},"excerpt":{"rendered":"<p>K\u00fcl\u00f6nleges text\u00fara \u00e9s strukt\u00fara, ami egyedi eleganci\u00e1t k\u00f6lcs\u00f6n\u00f6z a nappalidnak. L\u00e1gy sz\u00fcrke sz\u00edne minden enteri\u0151rbe kellemesen beilleszkedik. Legkedveltebb asztalunk, amelyet minden v\u00e1s\u00e1rol\u00f3 kedvencek\u00e9nt emleget.<\/p>","protected":false},"featured_media":1721,"template":"","meta":{"_acf_changed":false,"footnotes":""},"product_cat":[50],"product_tag":[],"class_list":{"0":"post-3586","1":"product","2":"type-product","3":"status-publish","4":"has-post-thumbnail","6":"product_cat-coffee-table","7":"product_shipping_class-coffee-table","9":"first","10":"instock","11":"taxable","12":"shipping-taxable","13":"purchasable","14":"product-type-variable"},"acf":[],"yoast_head":"<!-- This site is optimized with the Yoast SEO plugin v26.2 - https:\/\/yoast.com\/wordpress\/plugins\/seo\/ -->\n<title>Grey Stone Coffee Table - Art of Cosy<\/title>\n<meta name=\"robots\" content=\"index, follow, max-snippet:-1, max-image-preview:large, max-video-preview:-1\" \/>\n<link rel=\"canonical\" href=\"https:\/\/artofcosy.com\/hu\/termek\/grey-terrazzo-stone-coffee-table-small\/\" \/>\n<meta property=\"og:locale\" content=\"hu_HU\" \/>\n<meta property=\"og:type\" content=\"article\" \/>\n<meta property=\"og:title\" content=\"Grey Stone Coffee Table - Art of Cosy\" \/>\n<meta property=\"og:description\" content=\"Stone textures and structures encompass the entire design. This stone table elegantly anchors the living room as its centerpiece.\" \/>\n<meta property=\"og:url\" content=\"https:\/\/artofcosy.com\/hu\/termek\/grey-terrazzo-stone-coffee-table-small\/\" \/>\n<meta property=\"og:site_name\" content=\"Art of Cosy\" \/>\n<meta property=\"article:modified_time\" content=\"2026-02-03T23:04:20+00:00\" \/>\n<meta property=\"og:image\" content=\"https:\/\/artofcosy.com\/wp-content\/uploads\/2023\/06\/0_grey-terrazzo-coffe-table4-.png\" \/>\n\t<meta property=\"og:image:width\" content=\"1200\" \/>\n\t<meta property=\"og:image:height\" content=\"1201\" \/>\n\t<meta property=\"og:image:type\" content=\"image\/png\" \/>\n<meta name=\"twitter:card\" content=\"summary_large_image\" \/>\n<meta name=\"twitter:label1\" content=\"Becs\u00fclt olvas\u00e1si id\u0151\" \/>\n\t<meta name=\"twitter:data1\" content=\"1 perc\" \/>\n<script type=\"application\/ld+json\" class=\"yoast-schema-graph\">{\"@context\":\"https:\/\/schema.org\",\"@graph\":[{\"@type\":\"WebPage\",\"@id\":\"https:\/\/artofcosy.com\/product\/grey-terrazzo-stone-coffee-table-small\/\",\"url\":\"https:\/\/artofcosy.com\/product\/grey-terrazzo-stone-coffee-table-small\/\",\"name\":\"Grey Stone Coffee Table - Art of Cosy\",\"isPartOf\":{\"@id\":\"https:\/\/artofcosy.com\/#website\"},\"primaryImageOfPage\":{\"@id\":\"https:\/\/artofcosy.com\/product\/grey-terrazzo-stone-coffee-table-small\/#primaryimage\"},\"image\":{\"@id\":\"https:\/\/artofcosy.com\/product\/grey-terrazzo-stone-coffee-table-small\/#primaryimage\"},\"thumbnailUrl\":\"https:\/\/artofcosy.com\/wp-content\/uploads\/2023\/06\/0_grey-terrazzo-coffe-table4-.png\",\"datePublished\":\"2024-02-18T12:01:43+00:00\",\"dateModified\":\"2026-02-03T23:04:20+00:00\",\"breadcrumb\":{\"@id\":\"https:\/\/artofcosy.com\/product\/grey-terrazzo-stone-coffee-table-small\/#breadcrumb\"},\"inLanguage\":\"hu\",\"potentialAction\":[{\"@type\":\"ReadAction\",\"target\":[\"https:\/\/artofcosy.com\/product\/grey-terrazzo-stone-coffee-table-small\/\"]}]},{\"@type\":\"ImageObject\",\"inLanguage\":\"hu\",\"@id\":\"https:\/\/artofcosy.com\/product\/grey-terrazzo-stone-coffee-table-small\/#primaryimage\",\"url\":\"https:\/\/artofcosy.com\/wp-content\/uploads\/2023\/06\/0_grey-terrazzo-coffe-table4-.png\",\"contentUrl\":\"https:\/\/artofcosy.com\/wp-content\/uploads\/2023\/06\/0_grey-terrazzo-coffe-table4-.png\",\"width\":1200,\"height\":1201},{\"@type\":\"BreadcrumbList\",\"@id\":\"https:\/\/artofcosy.com\/product\/grey-terrazzo-stone-coffee-table-small\/#breadcrumb\",\"itemListElement\":[{\"@type\":\"ListItem\",\"position\":1,\"name\":\"Home\",\"item\":\"https:\/\/artofcosy.com\/en\/\"},{\"@type\":\"ListItem\",\"position\":2,\"name\":\"Products\",\"item\":\"https:\/\/artofcosy.com\/shop__trashed\/\"},{\"@type\":\"ListItem\",\"position\":3,\"name\":\"Grey Stone Coffee Table\"}]},{\"@type\":\"WebSite\",\"@id\":\"https:\/\/artofcosy.com\/#website\",\"url\":\"https:\/\/artofcosy.com\/\",\"name\":\"Art of Cosy\",\"description\":\"\",\"publisher\":{\"@id\":\"https:\/\/artofcosy.com\/#organization\"},\"potentialAction\":[{\"@type\":\"SearchAction\",\"target\":{\"@type\":\"EntryPoint\",\"urlTemplate\":\"https:\/\/artofcosy.com\/?s={search_term_string}\"},\"query-input\":{\"@type\":\"PropertyValueSpecification\",\"valueRequired\":true,\"valueName\":\"search_term_string\"}}],\"inLanguage\":\"hu\"},{\"@type\":\"Organization\",\"@id\":\"https:\/\/artofcosy.com\/#organization\",\"name\":\"Art of Cosy\",\"url\":\"https:\/\/artofcosy.com\/\",\"logo\":{\"@type\":\"ImageObject\",\"inLanguage\":\"hu\",\"@id\":\"https:\/\/artofcosy.com\/#\/schema\/logo\/image\/\",\"url\":\"https:\/\/artofcosy.com\/wp-content\/uploads\/2023\/07\/AOC_new_logo-1.png\",\"contentUrl\":\"https:\/\/artofcosy.com\/wp-content\/uploads\/2023\/07\/AOC_new_logo-1.png\",\"width\":1200,\"height\":703,\"caption\":\"Art of Cosy\"},\"image\":{\"@id\":\"https:\/\/artofcosy.com\/#\/schema\/logo\/image\/\"}}]}<\/script>\n<!-- \/ Yoast SEO plugin. -->","yoast_head_json":{"title":"Grey Stone Coffee Table - Art of Cosy","robots":{"index":"index","follow":"follow","max-snippet":"max-snippet:-1","max-image-preview":"max-image-preview:large","max-video-preview":"max-video-preview:-1"},"canonical":"https:\/\/artofcosy.com\/hu\/termek\/grey-terrazzo-stone-coffee-table-small\/","og_locale":"hu_HU","og_type":"article","og_title":"Grey Stone Coffee Table - Art of Cosy","og_description":"Stone textures and structures encompass the entire design. This stone table elegantly anchors the living room as its centerpiece.","og_url":"https:\/\/artofcosy.com\/hu\/termek\/grey-terrazzo-stone-coffee-table-small\/","og_site_name":"Art of Cosy","article_modified_time":"2026-02-03T23:04:20+00:00","og_image":[{"width":1200,"height":1201,"url":"https:\/\/artofcosy.com\/wp-content\/uploads\/2023\/06\/0_grey-terrazzo-coffe-table4-.png","type":"image\/png"}],"twitter_card":"summary_large_image","twitter_misc":{"Becs\u00fclt olvas\u00e1si id\u0151":"1 perc"},"schema":{"@context":"https:\/\/schema.org","@graph":[{"@type":"WebPage","@id":"https:\/\/artofcosy.com\/product\/grey-terrazzo-stone-coffee-table-small\/","url":"https:\/\/artofcosy.com\/product\/grey-terrazzo-stone-coffee-table-small\/","name":"Grey Stone Coffee Table - Art of Cosy","isPartOf":{"@id":"https:\/\/artofcosy.com\/#website"},"primaryImageOfPage":{"@id":"https:\/\/artofcosy.com\/product\/grey-terrazzo-stone-coffee-table-small\/#primaryimage"},"image":{"@id":"https:\/\/artofcosy.com\/product\/grey-terrazzo-stone-coffee-table-small\/#primaryimage"},"thumbnailUrl":"https:\/\/artofcosy.com\/wp-content\/uploads\/2023\/06\/0_grey-terrazzo-coffe-table4-.png","datePublished":"2024-02-18T12:01:43+00:00","dateModified":"2026-02-03T23:04:20+00:00","breadcrumb":{"@id":"https:\/\/artofcosy.com\/product\/grey-terrazzo-stone-coffee-table-small\/#breadcrumb"},"inLanguage":"hu","potentialAction":[{"@type":"ReadAction","target":["https:\/\/artofcosy.com\/product\/grey-terrazzo-stone-coffee-table-small\/"]}]},{"@type":"ImageObject","inLanguage":"hu","@id":"https:\/\/artofcosy.com\/product\/grey-terrazzo-stone-coffee-table-small\/#primaryimage","url":"https:\/\/artofcosy.com\/wp-content\/uploads\/2023\/06\/0_grey-terrazzo-coffe-table4-.png","contentUrl":"https:\/\/artofcosy.com\/wp-content\/uploads\/2023\/06\/0_grey-terrazzo-coffe-table4-.png","width":1200,"height":1201},{"@type":"BreadcrumbList","@id":"https:\/\/artofcosy.com\/product\/grey-terrazzo-stone-coffee-table-small\/#breadcrumb","itemListElement":[{"@type":"ListItem","position":1,"name":"Home","item":"https:\/\/artofcosy.com\/en\/"},{"@type":"ListItem","position":2,"name":"Products","item":"https:\/\/artofcosy.com\/shop__trashed\/"},{"@type":"ListItem","position":3,"name":"Grey Stone Coffee Table"}]},{"@type":"WebSite","@id":"https:\/\/artofcosy.com\/#website","url":"https:\/\/artofcosy.com\/","name":"Art of Cozy","description":"","publisher":{"@id":"https:\/\/artofcosy.com\/#organization"},"potentialAction":[{"@type":"SearchAction","target":{"@type":"EntryPoint","urlTemplate":"https:\/\/artofcosy.com\/?s={search_term_string}"},"query-input":{"@type":"PropertyValueSpecification","valueRequired":true,"valueName":"search_term_string"}}],"inLanguage":"hu"},{"@type":"Organization","@id":"https:\/\/artofcosy.com\/#organization","name":"Art of Cozy","url":"https:\/\/artofcosy.com\/","logo":{"@type":"ImageObject","inLanguage":"hu","@id":"https:\/\/artofcosy.com\/#\/schema\/logo\/image\/","url":"https:\/\/artofcosy.com\/wp-content\/uploads\/2023\/07\/AOC_new_logo-1.png","contentUrl":"https:\/\/artofcosy.com\/wp-content\/uploads\/2023\/07\/AOC_new_logo-1.png","width":1200,"height":703,"caption":"Art of Cosy"},"image":{"@id":"https:\/\/artofcosy.com\/#\/schema\/logo\/image\/"}}]}},"_links":{"self":[{"href":"https:\/\/artofcosy.com\/hu\/wp-json\/wp\/v2\/product\/3586","targetHints":{"allow":["GET"]}}],"collection":[{"href":"https:\/\/artofcosy.com\/hu\/wp-json\/wp\/v2\/product"}],"about":[{"href":"https:\/\/artofcosy.com\/hu\/wp-json\/wp\/v2\/types\/product"}],"version-history":[{"count":4,"href":"https:\/\/artofcosy.com\/hu\/wp-json\/wp\/v2\/product\/3586\/revisions"}],"predecessor-version":[{"id":4030,"href":"https:\/\/artofcosy.com\/hu\/wp-json\/wp\/v2\/product\/3586\/revisions\/4030"}],"wp:featuredmedia":[{"embeddable":true,"href":"https:\/\/artofcosy.com\/hu\/wp-json\/wp\/v2\/media\/1721"}],"wp:attachment":[{"href":"https:\/\/artofcosy.com\/hu\/wp-json\/wp\/v2\/media?parent=3586"}],"wp:term":[{"taxonomy":"product_cat","embeddable":true,"href":"https:\/\/artofcosy.com\/hu\/wp-json\/wp\/v2\/product_cat?post=3586"},{"taxonomy":"product_tag","embeddable":true,"href":"https:\/\/artofcosy.com\/hu\/wp-json\/wp\/v2\/product_tag?post=3586"}],"curies":[{"name":"wp","href":"https:\/\/api.w.org\/{rel}","templated":true}]}}