{"id":3582,"date":"2024-02-18T11:16:58","date_gmt":"2024-02-18T11:16:58","guid":{"rendered":"https:\/\/artofcosy.com\/?post_type=product&#038;p=3582"},"modified":"2026-04-13T22:41:49","modified_gmt":"2026-04-13T20:41:49","slug":"black-marble-effect-ceramic-small","status":"publish","type":"product","link":"https:\/\/artofcosy.com\/hu\/termek\/black-marble-effect-ceramic-small\/","title":{"rendered":"Black Marble Effect Plinth"},"content":{"rendered":"<p>Introducing our matte finish Black Marble Effect Ceramic Side Table, Plinth, the epitome of sophistication and style. Elevate your decor with this timeless piece. Bring a touch of luxury to your space with the rich, dramatic beauty of black marble.<\/p>\n<p>Black Marble Effect Plinth is a high-end quality of ceramic stone product. However, there is an option to order it with Real Black Marble. The difference between Real Marble and Marble Stone Effect is significant.<\/p>\n<p>M\u00e1rv\u00e1nyk\u0151 \u00e1llv\u00e1nyunk egyed\u00fcl\u00e1ll\u00f3an sz\u00e9p, viszont a m\u00e1rv\u00e1ny egy nagyon \u00e9rz\u00e9keny, t\u00f6r\u00e9keny \u00e9s por\u00f3zus anyag, ami gondos odafigyel\u00e9st \u00e9s folyamatos karbantart\u00e1st ig\u00e9nyel. Pr\u00e9mium min\u0151s\u00e9g\u0171 m\u00e1rv\u00e1nyk\u0151 hat\u00e1s\u00fa ker\u00e1mia anyagunk viszont gy\u00f6ny\u00f6r\u0171, tart\u00f3s, folt\u00e1ll\u00f3 (m\u00e9g a borfoltnak is ellen\u00e1ll), kev\u00e9sb\u00e9 t\u00f6r\u00e9keny \u00e9s k\u00f6nnyebben tiszt\u00edthat\u00f3. Ezenk\u00edv\u00fcl egy fenntarthat\u00f3, \u00daJRAHASZNOS\u00cdTHAT\u00d3 term\u00e9k, aminek hossz\u00fa \u00e9lettartalma garant\u00e1lt. TERM\u00c9SZETES \u00e1sv\u00e1nyok kever\u00e9ke.<\/p>\n<p>Amennyiben tetszik a term\u00e9k, de a m\u00e9retei nem illeszkednek az otthonodba, \u00edrj nek\u00fcnk \u00e9s mi m\u00e9retre szabjuk neked.<\/p>\n<p>K\u00f6nnyed\u00e9n tiszt\u00e1n tarthat\u00f3, folt- \u00e9s karc\u00e1ll\u00f3 doh\u00e1nyz\u00f3asztal. Amennyiben tetszik a diz\u00e1jn, de a m\u00e9ret nem illik a nappalidba, \u00edrj nek\u00fcnk \u00e9s mi testre szabjuk neked. K\u00fcl\u00f6nb\u00f6z\u0151 sz\u00ednekben \u00e9s anyagokkal is el\u00e9rhet\u0151. Szem\u00e9lyesen megtekinthet\u0151 szalonunkban. Budapest, 1024 keleti K\u00e1roly u. 12-14<\/p>\n<p>&nbsp;<\/p>\n<p>&nbsp;<\/p>","protected":false},"excerpt":{"rendered":"<p>M\u00e1rv\u00e1ny hat\u00e1s\u00fa ker\u00e1mia \u00e1llv\u00e1ny, ami egyben gy\u00f6ny\u00f6r\u0171, eleg\u00e1ns \u00e9s modern st\u00edlust alkot. Val\u00f3di m\u00e1rv\u00e1ny t\u00f6k\u00e9letes m\u00e1sa.<\/p>","protected":false},"featured_media":2682,"template":"","meta":{"_acf_changed":false,"footnotes":""},"product_cat":[179],"product_tag":[235,260,259,238,244,230],"class_list":{"0":"post-3582","1":"product","2":"type-product","3":"status-publish","4":"has-post-thumbnail","6":"product_cat-side-table","7":"product_tag-black-marble","8":"product_tag-black-marble-ceramic","9":"product_tag-marble-effect-side-table","10":"product_tag-nero-marquina","11":"product_tag-pedestal","12":"product_tag-plinth","13":"product_shipping_class-side-table","15":"first","16":"instock","17":"taxable","18":"shipping-taxable","19":"purchasable","20":"product-type-variable"},"acf":[],"yoast_head":"<!-- This site is optimized with the Yoast SEO plugin v26.2 - https:\/\/yoast.com\/wordpress\/plugins\/seo\/ -->\n<title>Black Marble Effect Plinth - Art of Cosy<\/title>\n<meta name=\"description\" content=\"Elegant black marble effect plinth for modern interiors. A minimalist ceramic display piece to elevate your d\u00e9cor with a refined, timeless aesthetic.\" \/>\n<meta name=\"robots\" content=\"index, follow, max-snippet:-1, max-image-preview:large, max-video-preview:-1\" \/>\n<link rel=\"canonical\" href=\"https:\/\/artofcosy.com\/hu\/termek\/black-marble-effect-ceramic-small\/\" \/>\n<meta property=\"og:locale\" content=\"hu_HU\" \/>\n<meta property=\"og:type\" content=\"article\" \/>\n<meta property=\"og:title\" content=\"Black Marble Effect Plinth - Art of Cosy\" \/>\n<meta property=\"og:description\" content=\"Elegant black marble effect plinth for modern interiors. A minimalist ceramic display piece to elevate your d\u00e9cor with a refined, timeless aesthetic.\" \/>\n<meta property=\"og:url\" content=\"https:\/\/artofcosy.com\/hu\/termek\/black-marble-effect-ceramic-small\/\" \/>\n<meta property=\"og:site_name\" content=\"Art of Cosy\" \/>\n<meta property=\"article:modified_time\" content=\"2026-04-13T20:41:49+00:00\" \/>\n<meta property=\"og:image\" content=\"https:\/\/artofcosy.com\/wp-content\/uploads\/2023\/06\/4_Pro-Capture-One-0497_CUT.png\" \/>\n\t<meta property=\"og:image:width\" content=\"2000\" \/>\n\t<meta property=\"og:image:height\" content=\"2000\" \/>\n\t<meta property=\"og:image:type\" content=\"image\/png\" \/>\n<meta name=\"twitter:card\" content=\"summary_large_image\" \/>\n<meta name=\"twitter:label1\" content=\"Becs\u00fclt olvas\u00e1si id\u0151\" \/>\n\t<meta name=\"twitter:data1\" content=\"2 perc\" \/>\n<script type=\"application\/ld+json\" class=\"yoast-schema-graph\">{\"@context\":\"https:\/\/schema.org\",\"@graph\":[{\"@type\":\"WebPage\",\"@id\":\"https:\/\/artofcosy.com\/product\/black-marble-effect-ceramic-small\/\",\"url\":\"https:\/\/artofcosy.com\/product\/black-marble-effect-ceramic-small\/\",\"name\":\"Black Marble Effect Plinth - Art of Cosy\",\"isPartOf\":{\"@id\":\"https:\/\/artofcosy.com\/#website\"},\"primaryImageOfPage\":{\"@id\":\"https:\/\/artofcosy.com\/product\/black-marble-effect-ceramic-small\/#primaryimage\"},\"image\":{\"@id\":\"https:\/\/artofcosy.com\/product\/black-marble-effect-ceramic-small\/#primaryimage\"},\"thumbnailUrl\":\"https:\/\/artofcosy.com\/wp-content\/uploads\/2023\/06\/4_Pro-Capture-One-0497_CUT.png\",\"datePublished\":\"2024-02-18T11:16:58+00:00\",\"dateModified\":\"2026-04-13T20:41:49+00:00\",\"description\":\"Elegant black marble effect plinth for modern interiors. A minimalist ceramic display piece to elevate your d\u00e9cor with a refined, timeless aesthetic.\",\"breadcrumb\":{\"@id\":\"https:\/\/artofcosy.com\/product\/black-marble-effect-ceramic-small\/#breadcrumb\"},\"inLanguage\":\"hu\",\"potentialAction\":[{\"@type\":\"ReadAction\",\"target\":[\"https:\/\/artofcosy.com\/product\/black-marble-effect-ceramic-small\/\"]}]},{\"@type\":\"ImageObject\",\"inLanguage\":\"hu\",\"@id\":\"https:\/\/artofcosy.com\/product\/black-marble-effect-ceramic-small\/#primaryimage\",\"url\":\"https:\/\/artofcosy.com\/wp-content\/uploads\/2023\/06\/4_Pro-Capture-One-0497_CUT.png\",\"contentUrl\":\"https:\/\/artofcosy.com\/wp-content\/uploads\/2023\/06\/4_Pro-Capture-One-0497_CUT.png\",\"width\":2000,\"height\":2000},{\"@type\":\"BreadcrumbList\",\"@id\":\"https:\/\/artofcosy.com\/product\/black-marble-effect-ceramic-small\/#breadcrumb\",\"itemListElement\":[{\"@type\":\"ListItem\",\"position\":1,\"name\":\"Home\",\"item\":\"https:\/\/artofcosy.com\/en\/\"},{\"@type\":\"ListItem\",\"position\":2,\"name\":\"Products\",\"item\":\"https:\/\/artofcosy.com\/shop__trashed\/\"},{\"@type\":\"ListItem\",\"position\":3,\"name\":\"Black Marble Effect Plinth\"}]},{\"@type\":\"WebSite\",\"@id\":\"https:\/\/artofcosy.com\/#website\",\"url\":\"https:\/\/artofcosy.com\/\",\"name\":\"Art of Cosy\",\"description\":\"\",\"publisher\":{\"@id\":\"https:\/\/artofcosy.com\/#organization\"},\"potentialAction\":[{\"@type\":\"SearchAction\",\"target\":{\"@type\":\"EntryPoint\",\"urlTemplate\":\"https:\/\/artofcosy.com\/?s={search_term_string}\"},\"query-input\":{\"@type\":\"PropertyValueSpecification\",\"valueRequired\":true,\"valueName\":\"search_term_string\"}}],\"inLanguage\":\"hu\"},{\"@type\":\"Organization\",\"@id\":\"https:\/\/artofcosy.com\/#organization\",\"name\":\"Art of Cosy\",\"url\":\"https:\/\/artofcosy.com\/\",\"logo\":{\"@type\":\"ImageObject\",\"inLanguage\":\"hu\",\"@id\":\"https:\/\/artofcosy.com\/#\/schema\/logo\/image\/\",\"url\":\"https:\/\/artofcosy.com\/wp-content\/uploads\/2023\/07\/AOC_new_logo-1.png\",\"contentUrl\":\"https:\/\/artofcosy.com\/wp-content\/uploads\/2023\/07\/AOC_new_logo-1.png\",\"width\":1200,\"height\":703,\"caption\":\"Art of Cosy\"},\"image\":{\"@id\":\"https:\/\/artofcosy.com\/#\/schema\/logo\/image\/\"}}]}<\/script>\n<!-- \/ Yoast SEO plugin. -->","yoast_head_json":{"title":"Black Marble Effect Plinth - Art of Cosy","description":"Elegant black marble effect plinth for modern interiors. A minimalist ceramic display piece to elevate your d\u00e9cor with a refined, timeless aesthetic.","robots":{"index":"index","follow":"follow","max-snippet":"max-snippet:-1","max-image-preview":"max-image-preview:large","max-video-preview":"max-video-preview:-1"},"canonical":"https:\/\/artofcosy.com\/hu\/termek\/black-marble-effect-ceramic-small\/","og_locale":"hu_HU","og_type":"article","og_title":"Black Marble Effect Plinth - Art of Cosy","og_description":"Elegant black marble effect plinth for modern interiors. A minimalist ceramic display piece to elevate your d\u00e9cor with a refined, timeless aesthetic.","og_url":"https:\/\/artofcosy.com\/hu\/termek\/black-marble-effect-ceramic-small\/","og_site_name":"Art of Cosy","article_modified_time":"2026-04-13T20:41:49+00:00","og_image":[{"width":2000,"height":2000,"url":"https:\/\/artofcosy.com\/wp-content\/uploads\/2023\/06\/4_Pro-Capture-One-0497_CUT.png","type":"image\/png"}],"twitter_card":"summary_large_image","twitter_misc":{"Becs\u00fclt olvas\u00e1si id\u0151":"2 perc"},"schema":{"@context":"https:\/\/schema.org","@graph":[{"@type":"WebPage","@id":"https:\/\/artofcosy.com\/product\/black-marble-effect-ceramic-small\/","url":"https:\/\/artofcosy.com\/product\/black-marble-effect-ceramic-small\/","name":"Black Marble Effect Plinth - Art of Cosy","isPartOf":{"@id":"https:\/\/artofcosy.com\/#website"},"primaryImageOfPage":{"@id":"https:\/\/artofcosy.com\/product\/black-marble-effect-ceramic-small\/#primaryimage"},"image":{"@id":"https:\/\/artofcosy.com\/product\/black-marble-effect-ceramic-small\/#primaryimage"},"thumbnailUrl":"https:\/\/artofcosy.com\/wp-content\/uploads\/2023\/06\/4_Pro-Capture-One-0497_CUT.png","datePublished":"2024-02-18T11:16:58+00:00","dateModified":"2026-04-13T20:41:49+00:00","description":"Elegant black marble effect plinth for modern interiors. A minimalist ceramic display piece to elevate your d\u00e9cor with a refined, timeless aesthetic.","breadcrumb":{"@id":"https:\/\/artofcosy.com\/product\/black-marble-effect-ceramic-small\/#breadcrumb"},"inLanguage":"hu","potentialAction":[{"@type":"ReadAction","target":["https:\/\/artofcosy.com\/product\/black-marble-effect-ceramic-small\/"]}]},{"@type":"ImageObject","inLanguage":"hu","@id":"https:\/\/artofcosy.com\/product\/black-marble-effect-ceramic-small\/#primaryimage","url":"https:\/\/artofcosy.com\/wp-content\/uploads\/2023\/06\/4_Pro-Capture-One-0497_CUT.png","contentUrl":"https:\/\/artofcosy.com\/wp-content\/uploads\/2023\/06\/4_Pro-Capture-One-0497_CUT.png","width":2000,"height":2000},{"@type":"BreadcrumbList","@id":"https:\/\/artofcosy.com\/product\/black-marble-effect-ceramic-small\/#breadcrumb","itemListElement":[{"@type":"ListItem","position":1,"name":"Home","item":"https:\/\/artofcosy.com\/en\/"},{"@type":"ListItem","position":2,"name":"Products","item":"https:\/\/artofcosy.com\/shop__trashed\/"},{"@type":"ListItem","position":3,"name":"Black Marble Effect Plinth"}]},{"@type":"WebSite","@id":"https:\/\/artofcosy.com\/#website","url":"https:\/\/artofcosy.com\/","name":"Art of Cozy","description":"","publisher":{"@id":"https:\/\/artofcosy.com\/#organization"},"potentialAction":[{"@type":"SearchAction","target":{"@type":"EntryPoint","urlTemplate":"https:\/\/artofcosy.com\/?s={search_term_string}"},"query-input":{"@type":"PropertyValueSpecification","valueRequired":true,"valueName":"search_term_string"}}],"inLanguage":"hu"},{"@type":"Organization","@id":"https:\/\/artofcosy.com\/#organization","name":"Art of Cozy","url":"https:\/\/artofcosy.com\/","logo":{"@type":"ImageObject","inLanguage":"hu","@id":"https:\/\/artofcosy.com\/#\/schema\/logo\/image\/","url":"https:\/\/artofcosy.com\/wp-content\/uploads\/2023\/07\/AOC_new_logo-1.png","contentUrl":"https:\/\/artofcosy.com\/wp-content\/uploads\/2023\/07\/AOC_new_logo-1.png","width":1200,"height":703,"caption":"Art of Cosy"},"image":{"@id":"https:\/\/artofcosy.com\/#\/schema\/logo\/image\/"}}]}},"_links":{"self":[{"href":"https:\/\/artofcosy.com\/hu\/wp-json\/wp\/v2\/product\/3582","targetHints":{"allow":["GET"]}}],"collection":[{"href":"https:\/\/artofcosy.com\/hu\/wp-json\/wp\/v2\/product"}],"about":[{"href":"https:\/\/artofcosy.com\/hu\/wp-json\/wp\/v2\/types\/product"}],"version-history":[{"count":5,"href":"https:\/\/artofcosy.com\/hu\/wp-json\/wp\/v2\/product\/3582\/revisions"}],"predecessor-version":[{"id":6594,"href":"https:\/\/artofcosy.com\/hu\/wp-json\/wp\/v2\/product\/3582\/revisions\/6594"}],"wp:featuredmedia":[{"embeddable":true,"href":"https:\/\/artofcosy.com\/hu\/wp-json\/wp\/v2\/media\/2682"}],"wp:attachment":[{"href":"https:\/\/artofcosy.com\/hu\/wp-json\/wp\/v2\/media?parent=3582"}],"wp:term":[{"taxonomy":"product_cat","embeddable":true,"href":"https:\/\/artofcosy.com\/hu\/wp-json\/wp\/v2\/product_cat?post=3582"},{"taxonomy":"product_tag","embeddable":true,"href":"https:\/\/artofcosy.com\/hu\/wp-json\/wp\/v2\/product_tag?post=3582"}],"curies":[{"name":"wp","href":"https:\/\/api.w.org\/{rel}","templated":true}]}}