{"id":3581,"date":"2024-02-18T10:55:24","date_gmt":"2024-02-18T10:55:24","guid":{"rendered":"https:\/\/artofcosy.com\/?post_type=product&#038;p=3581"},"modified":"2026-03-11T22:57:36","modified_gmt":"2026-03-11T21:57:36","slug":"black-marble-stone-coffee-table","status":"publish","type":"product","link":"https:\/\/artofcosy.com\/hu\/termek\/black-marble-stone-coffee-table\/","title":{"rendered":"Fekete M\u00e1rv\u00e1ny k\u0151 asztal"},"content":{"rendered":"<p><strong>Fekete M\u00e1rv\u00e1ny k\u0151 doh\u00e1nyz\u00f3 asztal <\/strong>Term\u00e9szetes Nero Marquina vagy New Saint Laurent m\u00e1rv\u00e1nyb\u00f3l k\u00e9sz\u00edtj\u00fck. Minden fekete m\u00e1rv\u00e1ny doh\u00e1nyz\u00f3asztalunk egyedi mint\u00e1zattal \u00e9s karakterrel rendelkezik.<\/p>\n<p>This variety of marbles gets its black color from naturally-occurring bitumen. It has a fine and compact grain with a black background and white veins, matte finish. Minimalist aesthetic that fits effortlessly into contemporary and luxury spaces.<\/p>\n<p>A black marble stone coffee table is more than a functional piece of furniture, it is a timeless design element that brings natural elegance and character into modern interiors. The deep black surface and natural veining create a sophisticated focal point in any living room.<\/p>\n<p>Because natural marble is delicate and porous material, it requires mindful care to preserve its beauty over time.<\/p>\n<p>Every piece is <strong>K\u00c9ZZEL K\u00c9SZ\u00cdTETT TERM\u00c9K.<\/strong> with attention to perfection. Please <strong>FIGYELEM! <\/strong>that every piece is different, one-of-a-kind.<\/p>\n<p>Custom sizes and finishes are available. Share your vision with us, and we will bring it to life. <strong>Info@artofcosy.com<\/strong><\/p>\n<p>&nbsp;<\/p>\n<p>&nbsp;<\/p>","protected":false},"excerpt":{"rendered":"<p>Eleg\u00e1ns \u00e9s elb\u0171v\u00f6l\u0151 - term\u00e9szetes olasz m\u00e1rv\u00e1ny asztal, mely text\u00far\u00e1ja egyed\u00fcl\u00e1ll\u00f3 vizu\u00e1lis \u00e9lm\u00e9nyt k\u00edn\u00e1l. <strong>Testre szabhat\u00f3 term\u00e9k, \u00edrj nek\u00fcnk \u00e9s mi elk\u00e9sz\u00edtj\u00fck az ide\u00e1lis m\u00e9retet neked.<\/strong><\/p>","protected":false},"featured_media":5378,"template":"","meta":{"_acf_changed":false,"footnotes":""},"product_cat":[50],"product_tag":[237,212,236,238],"class_list":{"0":"post-3581","1":"product","2":"type-product","3":"status-publish","4":"has-post-thumbnail","6":"product_cat-coffee-table","7":"product_tag-black-marble-table","8":"product_tag-coffee-table","9":"product_tag-marble-stone-table","10":"product_tag-nero-marquina","11":"product_shipping_class-coffee-table","13":"first","14":"instock","15":"taxable","16":"shipping-taxable","17":"purchasable","18":"product-type-variable"},"acf":[],"yoast_head":"<!-- This site is optimized with the Yoast SEO plugin v26.2 - https:\/\/yoast.com\/wordpress\/plugins\/seo\/ -->\n<title>Black Marble Stone Table - Art of Cosy<\/title>\n<meta name=\"description\" content=\"Luxury black marble coffee table crafted from Nero Marquina or New Saint Laurent stone. Handcrafted contemporary design table for modern interior style.\" \/>\n<meta name=\"robots\" content=\"index, follow, max-snippet:-1, max-image-preview:large, max-video-preview:-1\" \/>\n<link rel=\"canonical\" href=\"https:\/\/artofcosy.com\/hu\/termek\/black-marble-stone-coffee-table\/\" \/>\n<meta property=\"og:locale\" content=\"hu_HU\" \/>\n<meta property=\"og:type\" content=\"article\" \/>\n<meta property=\"og:title\" content=\"Black Marble Stone Table - Art of Cosy\" \/>\n<meta property=\"og:description\" content=\"Luxury black marble coffee table crafted from Nero Marquina or New Saint Laurent stone. Handcrafted contemporary design table for modern interior style.\" \/>\n<meta property=\"og:url\" content=\"https:\/\/artofcosy.com\/hu\/termek\/black-marble-stone-coffee-table\/\" \/>\n<meta property=\"og:site_name\" content=\"Art of Cosy\" \/>\n<meta property=\"article:modified_time\" content=\"2026-03-11T21:57:36+00:00\" \/>\n<meta property=\"og:image\" content=\"https:\/\/artofcosy.com\/wp-content\/uploads\/2024\/02\/4-scaled-e1761473767244.png\" \/>\n\t<meta property=\"og:image:width\" content=\"2048\" \/>\n\t<meta property=\"og:image:height\" content=\"2048\" \/>\n\t<meta property=\"og:image:type\" content=\"image\/png\" \/>\n<meta name=\"twitter:card\" content=\"summary_large_image\" \/>\n<meta name=\"twitter:label1\" content=\"Becs\u00fclt olvas\u00e1si id\u0151\" \/>\n\t<meta name=\"twitter:data1\" content=\"2 perc\" \/>\n<script type=\"application\/ld+json\" class=\"yoast-schema-graph\">{\"@context\":\"https:\/\/schema.org\",\"@graph\":[{\"@type\":\"WebPage\",\"@id\":\"https:\/\/artofcosy.com\/product\/black-marble-stone-coffee-table\/\",\"url\":\"https:\/\/artofcosy.com\/product\/black-marble-stone-coffee-table\/\",\"name\":\"Black Marble Stone Table - Art of Cosy\",\"isPartOf\":{\"@id\":\"https:\/\/artofcosy.com\/#website\"},\"primaryImageOfPage\":{\"@id\":\"https:\/\/artofcosy.com\/product\/black-marble-stone-coffee-table\/#primaryimage\"},\"image\":{\"@id\":\"https:\/\/artofcosy.com\/product\/black-marble-stone-coffee-table\/#primaryimage\"},\"thumbnailUrl\":\"https:\/\/artofcosy.com\/wp-content\/uploads\/2024\/02\/4-scaled-e1761473767244.png\",\"datePublished\":\"2024-02-18T10:55:24+00:00\",\"dateModified\":\"2026-03-11T21:57:36+00:00\",\"description\":\"Luxury black marble coffee table crafted from Nero Marquina or New Saint Laurent stone. Handcrafted contemporary design table for modern interior style.\",\"breadcrumb\":{\"@id\":\"https:\/\/artofcosy.com\/product\/black-marble-stone-coffee-table\/#breadcrumb\"},\"inLanguage\":\"hu\",\"potentialAction\":[{\"@type\":\"ReadAction\",\"target\":[\"https:\/\/artofcosy.com\/product\/black-marble-stone-coffee-table\/\"]}]},{\"@type\":\"ImageObject\",\"inLanguage\":\"hu\",\"@id\":\"https:\/\/artofcosy.com\/product\/black-marble-stone-coffee-table\/#primaryimage\",\"url\":\"https:\/\/artofcosy.com\/wp-content\/uploads\/2024\/02\/4-scaled-e1761473767244.png\",\"contentUrl\":\"https:\/\/artofcosy.com\/wp-content\/uploads\/2024\/02\/4-scaled-e1761473767244.png\",\"width\":2048,\"height\":2048},{\"@type\":\"BreadcrumbList\",\"@id\":\"https:\/\/artofcosy.com\/product\/black-marble-stone-coffee-table\/#breadcrumb\",\"itemListElement\":[{\"@type\":\"ListItem\",\"position\":1,\"name\":\"Home\",\"item\":\"https:\/\/artofcosy.com\/en\/\"},{\"@type\":\"ListItem\",\"position\":2,\"name\":\"Products\",\"item\":\"https:\/\/artofcosy.com\/shop__trashed\/\"},{\"@type\":\"ListItem\",\"position\":3,\"name\":\"Black Marble Stone Table\"}]},{\"@type\":\"WebSite\",\"@id\":\"https:\/\/artofcosy.com\/#website\",\"url\":\"https:\/\/artofcosy.com\/\",\"name\":\"Art of Cosy\",\"description\":\"\",\"publisher\":{\"@id\":\"https:\/\/artofcosy.com\/#organization\"},\"potentialAction\":[{\"@type\":\"SearchAction\",\"target\":{\"@type\":\"EntryPoint\",\"urlTemplate\":\"https:\/\/artofcosy.com\/?s={search_term_string}\"},\"query-input\":{\"@type\":\"PropertyValueSpecification\",\"valueRequired\":true,\"valueName\":\"search_term_string\"}}],\"inLanguage\":\"hu\"},{\"@type\":\"Organization\",\"@id\":\"https:\/\/artofcosy.com\/#organization\",\"name\":\"Art of Cosy\",\"url\":\"https:\/\/artofcosy.com\/\",\"logo\":{\"@type\":\"ImageObject\",\"inLanguage\":\"hu\",\"@id\":\"https:\/\/artofcosy.com\/#\/schema\/logo\/image\/\",\"url\":\"https:\/\/artofcosy.com\/wp-content\/uploads\/2023\/07\/AOC_new_logo-1.png\",\"contentUrl\":\"https:\/\/artofcosy.com\/wp-content\/uploads\/2023\/07\/AOC_new_logo-1.png\",\"width\":1200,\"height\":703,\"caption\":\"Art of Cosy\"},\"image\":{\"@id\":\"https:\/\/artofcosy.com\/#\/schema\/logo\/image\/\"}}]}<\/script>\n<!-- \/ Yoast SEO plugin. -->","yoast_head_json":{"title":"Black Marble Stone Table - Art of Cosy","description":"Luxury black marble coffee table crafted from Nero Marquina or New Saint Laurent stone. Handcrafted contemporary design table for modern interior style.","robots":{"index":"index","follow":"follow","max-snippet":"max-snippet:-1","max-image-preview":"max-image-preview:large","max-video-preview":"max-video-preview:-1"},"canonical":"https:\/\/artofcosy.com\/hu\/termek\/black-marble-stone-coffee-table\/","og_locale":"hu_HU","og_type":"article","og_title":"Black Marble Stone Table - Art of Cosy","og_description":"Luxury black marble coffee table crafted from Nero Marquina or New Saint Laurent stone. Handcrafted contemporary design table for modern interior style.","og_url":"https:\/\/artofcosy.com\/hu\/termek\/black-marble-stone-coffee-table\/","og_site_name":"Art of Cosy","article_modified_time":"2026-03-11T21:57:36+00:00","og_image":[{"width":2048,"height":2048,"url":"https:\/\/artofcosy.com\/wp-content\/uploads\/2024\/02\/4-scaled-e1761473767244.png","type":"image\/png"}],"twitter_card":"summary_large_image","twitter_misc":{"Becs\u00fclt olvas\u00e1si id\u0151":"2 perc"},"schema":{"@context":"https:\/\/schema.org","@graph":[{"@type":"WebPage","@id":"https:\/\/artofcosy.com\/product\/black-marble-stone-coffee-table\/","url":"https:\/\/artofcosy.com\/product\/black-marble-stone-coffee-table\/","name":"Black Marble Stone Table - Art of Cosy","isPartOf":{"@id":"https:\/\/artofcosy.com\/#website"},"primaryImageOfPage":{"@id":"https:\/\/artofcosy.com\/product\/black-marble-stone-coffee-table\/#primaryimage"},"image":{"@id":"https:\/\/artofcosy.com\/product\/black-marble-stone-coffee-table\/#primaryimage"},"thumbnailUrl":"https:\/\/artofcosy.com\/wp-content\/uploads\/2024\/02\/4-scaled-e1761473767244.png","datePublished":"2024-02-18T10:55:24+00:00","dateModified":"2026-03-11T21:57:36+00:00","description":"Luxury black marble coffee table crafted from Nero Marquina or New Saint Laurent stone. Handcrafted contemporary design table for modern interior style.","breadcrumb":{"@id":"https:\/\/artofcosy.com\/product\/black-marble-stone-coffee-table\/#breadcrumb"},"inLanguage":"hu","potentialAction":[{"@type":"ReadAction","target":["https:\/\/artofcosy.com\/product\/black-marble-stone-coffee-table\/"]}]},{"@type":"ImageObject","inLanguage":"hu","@id":"https:\/\/artofcosy.com\/product\/black-marble-stone-coffee-table\/#primaryimage","url":"https:\/\/artofcosy.com\/wp-content\/uploads\/2024\/02\/4-scaled-e1761473767244.png","contentUrl":"https:\/\/artofcosy.com\/wp-content\/uploads\/2024\/02\/4-scaled-e1761473767244.png","width":2048,"height":2048},{"@type":"BreadcrumbList","@id":"https:\/\/artofcosy.com\/product\/black-marble-stone-coffee-table\/#breadcrumb","itemListElement":[{"@type":"ListItem","position":1,"name":"Home","item":"https:\/\/artofcosy.com\/en\/"},{"@type":"ListItem","position":2,"name":"Products","item":"https:\/\/artofcosy.com\/shop__trashed\/"},{"@type":"ListItem","position":3,"name":"Black Marble Stone Table"}]},{"@type":"WebSite","@id":"https:\/\/artofcosy.com\/#website","url":"https:\/\/artofcosy.com\/","name":"Art of Cozy","description":"","publisher":{"@id":"https:\/\/artofcosy.com\/#organization"},"potentialAction":[{"@type":"SearchAction","target":{"@type":"EntryPoint","urlTemplate":"https:\/\/artofcosy.com\/?s={search_term_string}"},"query-input":{"@type":"PropertyValueSpecification","valueRequired":true,"valueName":"search_term_string"}}],"inLanguage":"hu"},{"@type":"Organization","@id":"https:\/\/artofcosy.com\/#organization","name":"Art of Cozy","url":"https:\/\/artofcosy.com\/","logo":{"@type":"ImageObject","inLanguage":"hu","@id":"https:\/\/artofcosy.com\/#\/schema\/logo\/image\/","url":"https:\/\/artofcosy.com\/wp-content\/uploads\/2023\/07\/AOC_new_logo-1.png","contentUrl":"https:\/\/artofcosy.com\/wp-content\/uploads\/2023\/07\/AOC_new_logo-1.png","width":1200,"height":703,"caption":"Art of Cosy"},"image":{"@id":"https:\/\/artofcosy.com\/#\/schema\/logo\/image\/"}}]}},"_links":{"self":[{"href":"https:\/\/artofcosy.com\/hu\/wp-json\/wp\/v2\/product\/3581","targetHints":{"allow":["GET"]}}],"collection":[{"href":"https:\/\/artofcosy.com\/hu\/wp-json\/wp\/v2\/product"}],"about":[{"href":"https:\/\/artofcosy.com\/hu\/wp-json\/wp\/v2\/types\/product"}],"version-history":[{"count":5,"href":"https:\/\/artofcosy.com\/hu\/wp-json\/wp\/v2\/product\/3581\/revisions"}],"predecessor-version":[{"id":6396,"href":"https:\/\/artofcosy.com\/hu\/wp-json\/wp\/v2\/product\/3581\/revisions\/6396"}],"wp:featuredmedia":[{"embeddable":true,"href":"https:\/\/artofcosy.com\/hu\/wp-json\/wp\/v2\/media\/5378"}],"wp:attachment":[{"href":"https:\/\/artofcosy.com\/hu\/wp-json\/wp\/v2\/media?parent=3581"}],"wp:term":[{"taxonomy":"product_cat","embeddable":true,"href":"https:\/\/artofcosy.com\/hu\/wp-json\/wp\/v2\/product_cat?post=3581"},{"taxonomy":"product_tag","embeddable":true,"href":"https:\/\/artofcosy.com\/hu\/wp-json\/wp\/v2\/product_tag?post=3581"}],"curies":[{"name":"wp","href":"https:\/\/api.w.org\/{rel}","templated":true}]}}