{"id":317,"date":"2023-06-19T17:16:52","date_gmt":"2023-06-19T17:16:52","guid":{"rendered":"https:\/\/aoc.allusion.hu\/?post_type=product&#038;p=317"},"modified":"2025-11-13T23:49:15","modified_gmt":"2025-11-13T22:49:15","slug":"travertine-small-side-table","status":"publish","type":"product","link":"https:\/\/artofcosy.com\/hu\/termek\/travertine-small-side-table\/","title":{"rendered":"Travertin \u00e1llv\u00e1ny - S"},"content":{"rendered":"<p>Travertin m\u00e9szk\u0151 \u00e1llv\u00e1ny kollekci\u00f3nk id\u0151tlen, letiszult vonalaival igaz\u00e1n k\u00fcl\u00f6nleges diz\u00e1jnt testes\u00edti meg, Term\u00e9szetes text\u00far\u00e1j\u00e1val \u00e9s finom vil\u00e1gos b\u00e9zs palett\u00e1j\u00e1val lehengerl\u0151 harm\u00f3ni\u00e1t \u00e9s egy igaz\u00e1n felejthetetlen eszt\u00e9tikai \u00e9lm\u00e9nyt alkot.<\/p>\n<p>Lebilincsel\u0151 \u00e9s k\u00fcl\u00f6nleges darabjainkat az\u00e9rt alkottuk meg, hogy emelj\u00e9k otthonod hangulat\u00e1t. Travertinb\u0151l k\u00e9sz\u00fclt \u00e1llv\u00e1nyaink mindegyike finom eleganci\u00e1t \u00e1raszt. V\u00edz\u00e1ll\u00f3s\u00e1ga miatt belt\u00e9ri \u00e9s k\u00fclt\u00e9ri haszn\u00e1latra egyar\u00e1nt alkalmas.<\/p>\n<p>K\u00c9ZZEL K\u00c9SZ\u00dcLT TERM\u00c9K.<\/p>\n<p>Minden \u00e1llv\u00e1ny saj\u00e1t jellegzetes text\u00far\u00e1val \u00e9s \u00e1rnyalattal b\u00fcszk\u00e9lkedik, hiszen a term\u00e9szet alkotja \u0151ket.<\/p>\n<p>Minden darabot a legnagyobb precizit\u00e1ssal v\u00e1lasztunk ki, figyelve az azonos \u00e1rnyalatok p\u00e1ros\u00edt\u00e1s\u00e1ra, mert mi hisz\u00fcnk a r\u00e9szletek fontoss\u00e1g\u00e1ban.<\/p>","protected":false},"excerpt":{"rendered":"<p>Val\u00f3di travertin m\u00e9szk\u0151 \u00e1llv\u00e1ny var\u00e1zslatos sz\u00e9s\u00e9g\u00e9vel cs\u00e1b\u00edt. Praktikus lerak\u00f3asztal, csod\u00e1latos dekor elem, egy m\u0171t\u00e1rgy vagy ak\u00e1r egy v\u00e1za k\u00fcl\u00f6nleges talapzata. \u00c1ll\u00edtva, fektetve, sz\u00e1mos m\u00f3don haszn\u00e1lhat\u00f3d mik\u00f6zben egyediv\u00e9 teszi \u00e9lettered.<\/p>","protected":false},"featured_media":2667,"template":"","meta":{"_acf_changed":false,"footnotes":""},"product_cat":[179,51],"product_tag":[],"class_list":{"0":"post-317","1":"product","2":"type-product","3":"status-publish","4":"has-post-thumbnail","6":"product_cat-side-table","7":"product_cat-plinth","8":"product_shipping_class-side-table","10":"first","11":"instock","12":"taxable","13":"shipping-taxable","14":"purchasable","15":"product-type-simple"},"acf":[],"yoast_head":"<!-- This site is optimized with the Yoast SEO plugin v26.2 - https:\/\/yoast.com\/wordpress\/plugins\/seo\/ -->\n<title>Travertine Stone Side Table Small - Art of Cosy<\/title>\n<meta name=\"robots\" content=\"index, follow, max-snippet:-1, max-image-preview:large, max-video-preview:-1\" \/>\n<link rel=\"canonical\" href=\"https:\/\/artofcosy.com\/hu\/termek\/travertine-small-side-table\/\" \/>\n<meta property=\"og:locale\" content=\"hu_HU\" \/>\n<meta property=\"og:type\" content=\"article\" \/>\n<meta property=\"og:title\" content=\"Travertine Stone Side Table Small - Art of Cosy\" \/>\n<meta property=\"og:description\" content=\"Real Travertine stone side table. The serene beauty of nature brings a sense of tranquility to your home.\" \/>\n<meta property=\"og:url\" content=\"https:\/\/artofcosy.com\/hu\/termek\/travertine-small-side-table\/\" \/>\n<meta property=\"og:site_name\" content=\"Art of Cosy\" \/>\n<meta property=\"article:modified_time\" content=\"2025-11-13T22:49:15+00:00\" \/>\n<meta property=\"og:image\" content=\"https:\/\/artofcosy.com\/wp-content\/uploads\/2023\/06\/3_Pro-Capture-One-0478_CUT.png\" \/>\n\t<meta property=\"og:image:width\" content=\"2000\" \/>\n\t<meta property=\"og:image:height\" content=\"2000\" \/>\n\t<meta property=\"og:image:type\" content=\"image\/png\" \/>\n<meta name=\"twitter:card\" content=\"summary_large_image\" \/>\n<meta name=\"twitter:label1\" content=\"Becs\u00fclt olvas\u00e1si id\u0151\" \/>\n\t<meta name=\"twitter:data1\" content=\"1 perc\" \/>\n<script type=\"application\/ld+json\" class=\"yoast-schema-graph\">{\"@context\":\"https:\/\/schema.org\",\"@graph\":[{\"@type\":\"WebPage\",\"@id\":\"https:\/\/artofcosy.com\/product\/travertine-small-side-table\/\",\"url\":\"https:\/\/artofcosy.com\/product\/travertine-small-side-table\/\",\"name\":\"Travertine Stone Side Table Small - Art of Cosy\",\"isPartOf\":{\"@id\":\"https:\/\/artofcosy.com\/#website\"},\"primaryImageOfPage\":{\"@id\":\"https:\/\/artofcosy.com\/product\/travertine-small-side-table\/#primaryimage\"},\"image\":{\"@id\":\"https:\/\/artofcosy.com\/product\/travertine-small-side-table\/#primaryimage\"},\"thumbnailUrl\":\"https:\/\/artofcosy.com\/wp-content\/uploads\/2023\/06\/3_Pro-Capture-One-0478_CUT.png\",\"datePublished\":\"2023-06-19T17:16:52+00:00\",\"dateModified\":\"2025-11-13T22:49:15+00:00\",\"breadcrumb\":{\"@id\":\"https:\/\/artofcosy.com\/product\/travertine-small-side-table\/#breadcrumb\"},\"inLanguage\":\"hu\",\"potentialAction\":[{\"@type\":\"ReadAction\",\"target\":[\"https:\/\/artofcosy.com\/product\/travertine-small-side-table\/\"]}]},{\"@type\":\"ImageObject\",\"inLanguage\":\"hu\",\"@id\":\"https:\/\/artofcosy.com\/product\/travertine-small-side-table\/#primaryimage\",\"url\":\"https:\/\/artofcosy.com\/wp-content\/uploads\/2023\/06\/3_Pro-Capture-One-0478_CUT.png\",\"contentUrl\":\"https:\/\/artofcosy.com\/wp-content\/uploads\/2023\/06\/3_Pro-Capture-One-0478_CUT.png\",\"width\":2000,\"height\":2000},{\"@type\":\"BreadcrumbList\",\"@id\":\"https:\/\/artofcosy.com\/product\/travertine-small-side-table\/#breadcrumb\",\"itemListElement\":[{\"@type\":\"ListItem\",\"position\":1,\"name\":\"Home\",\"item\":\"https:\/\/artofcosy.com\/en\/\"},{\"@type\":\"ListItem\",\"position\":2,\"name\":\"Products\",\"item\":\"https:\/\/artofcosy.com\/shop__trashed\/\"},{\"@type\":\"ListItem\",\"position\":3,\"name\":\"Travertine Stone Side Table Small\"}]},{\"@type\":\"WebSite\",\"@id\":\"https:\/\/artofcosy.com\/#website\",\"url\":\"https:\/\/artofcosy.com\/\",\"name\":\"Art of Cosy\",\"description\":\"\",\"publisher\":{\"@id\":\"https:\/\/artofcosy.com\/#organization\"},\"potentialAction\":[{\"@type\":\"SearchAction\",\"target\":{\"@type\":\"EntryPoint\",\"urlTemplate\":\"https:\/\/artofcosy.com\/?s={search_term_string}\"},\"query-input\":{\"@type\":\"PropertyValueSpecification\",\"valueRequired\":true,\"valueName\":\"search_term_string\"}}],\"inLanguage\":\"hu\"},{\"@type\":\"Organization\",\"@id\":\"https:\/\/artofcosy.com\/#organization\",\"name\":\"Art of Cosy\",\"url\":\"https:\/\/artofcosy.com\/\",\"logo\":{\"@type\":\"ImageObject\",\"inLanguage\":\"hu\",\"@id\":\"https:\/\/artofcosy.com\/#\/schema\/logo\/image\/\",\"url\":\"https:\/\/artofcosy.com\/wp-content\/uploads\/2023\/07\/AOC_new_logo-1.png\",\"contentUrl\":\"https:\/\/artofcosy.com\/wp-content\/uploads\/2023\/07\/AOC_new_logo-1.png\",\"width\":1200,\"height\":703,\"caption\":\"Art of Cosy\"},\"image\":{\"@id\":\"https:\/\/artofcosy.com\/#\/schema\/logo\/image\/\"}}]}<\/script>\n<!-- \/ Yoast SEO plugin. -->","yoast_head_json":{"title":"Travertine Stone Side Table Small - Art of Cosy","robots":{"index":"index","follow":"follow","max-snippet":"max-snippet:-1","max-image-preview":"max-image-preview:large","max-video-preview":"max-video-preview:-1"},"canonical":"https:\/\/artofcosy.com\/hu\/termek\/travertine-small-side-table\/","og_locale":"hu_HU","og_type":"article","og_title":"Travertine Stone Side Table Small - Art of Cosy","og_description":"Real Travertine stone side table. The serene beauty of nature brings a sense of tranquility to your home.","og_url":"https:\/\/artofcosy.com\/hu\/termek\/travertine-small-side-table\/","og_site_name":"Art of Cosy","article_modified_time":"2025-11-13T22:49:15+00:00","og_image":[{"width":2000,"height":2000,"url":"https:\/\/artofcosy.com\/wp-content\/uploads\/2023\/06\/3_Pro-Capture-One-0478_CUT.png","type":"image\/png"}],"twitter_card":"summary_large_image","twitter_misc":{"Becs\u00fclt olvas\u00e1si id\u0151":"1 perc"},"schema":{"@context":"https:\/\/schema.org","@graph":[{"@type":"WebPage","@id":"https:\/\/artofcosy.com\/product\/travertine-small-side-table\/","url":"https:\/\/artofcosy.com\/product\/travertine-small-side-table\/","name":"Travertine Stone Side Table Small - Art of Cosy","isPartOf":{"@id":"https:\/\/artofcosy.com\/#website"},"primaryImageOfPage":{"@id":"https:\/\/artofcosy.com\/product\/travertine-small-side-table\/#primaryimage"},"image":{"@id":"https:\/\/artofcosy.com\/product\/travertine-small-side-table\/#primaryimage"},"thumbnailUrl":"https:\/\/artofcosy.com\/wp-content\/uploads\/2023\/06\/3_Pro-Capture-One-0478_CUT.png","datePublished":"2023-06-19T17:16:52+00:00","dateModified":"2025-11-13T22:49:15+00:00","breadcrumb":{"@id":"https:\/\/artofcosy.com\/product\/travertine-small-side-table\/#breadcrumb"},"inLanguage":"hu","potentialAction":[{"@type":"ReadAction","target":["https:\/\/artofcosy.com\/product\/travertine-small-side-table\/"]}]},{"@type":"ImageObject","inLanguage":"hu","@id":"https:\/\/artofcosy.com\/product\/travertine-small-side-table\/#primaryimage","url":"https:\/\/artofcosy.com\/wp-content\/uploads\/2023\/06\/3_Pro-Capture-One-0478_CUT.png","contentUrl":"https:\/\/artofcosy.com\/wp-content\/uploads\/2023\/06\/3_Pro-Capture-One-0478_CUT.png","width":2000,"height":2000},{"@type":"BreadcrumbList","@id":"https:\/\/artofcosy.com\/product\/travertine-small-side-table\/#breadcrumb","itemListElement":[{"@type":"ListItem","position":1,"name":"Home","item":"https:\/\/artofcosy.com\/en\/"},{"@type":"ListItem","position":2,"name":"Products","item":"https:\/\/artofcosy.com\/shop__trashed\/"},{"@type":"ListItem","position":3,"name":"Travertine Stone Side Table Small"}]},{"@type":"WebSite","@id":"https:\/\/artofcosy.com\/#website","url":"https:\/\/artofcosy.com\/","name":"Art of Cozy","description":"","publisher":{"@id":"https:\/\/artofcosy.com\/#organization"},"potentialAction":[{"@type":"SearchAction","target":{"@type":"EntryPoint","urlTemplate":"https:\/\/artofcosy.com\/?s={search_term_string}"},"query-input":{"@type":"PropertyValueSpecification","valueRequired":true,"valueName":"search_term_string"}}],"inLanguage":"hu"},{"@type":"Organization","@id":"https:\/\/artofcosy.com\/#organization","name":"Art of Cozy","url":"https:\/\/artofcosy.com\/","logo":{"@type":"ImageObject","inLanguage":"hu","@id":"https:\/\/artofcosy.com\/#\/schema\/logo\/image\/","url":"https:\/\/artofcosy.com\/wp-content\/uploads\/2023\/07\/AOC_new_logo-1.png","contentUrl":"https:\/\/artofcosy.com\/wp-content\/uploads\/2023\/07\/AOC_new_logo-1.png","width":1200,"height":703,"caption":"Art of Cosy"},"image":{"@id":"https:\/\/artofcosy.com\/#\/schema\/logo\/image\/"}}]}},"_links":{"self":[{"href":"https:\/\/artofcosy.com\/hu\/wp-json\/wp\/v2\/product\/317","targetHints":{"allow":["GET"]}}],"collection":[{"href":"https:\/\/artofcosy.com\/hu\/wp-json\/wp\/v2\/product"}],"about":[{"href":"https:\/\/artofcosy.com\/hu\/wp-json\/wp\/v2\/types\/product"}],"version-history":[{"count":8,"href":"https:\/\/artofcosy.com\/hu\/wp-json\/wp\/v2\/product\/317\/revisions"}],"predecessor-version":[{"id":5573,"href":"https:\/\/artofcosy.com\/hu\/wp-json\/wp\/v2\/product\/317\/revisions\/5573"}],"wp:featuredmedia":[{"embeddable":true,"href":"https:\/\/artofcosy.com\/hu\/wp-json\/wp\/v2\/media\/2667"}],"wp:attachment":[{"href":"https:\/\/artofcosy.com\/hu\/wp-json\/wp\/v2\/media?parent=317"}],"wp:term":[{"taxonomy":"product_cat","embeddable":true,"href":"https:\/\/artofcosy.com\/hu\/wp-json\/wp\/v2\/product_cat?post=317"},{"taxonomy":"product_tag","embeddable":true,"href":"https:\/\/artofcosy.com\/hu\/wp-json\/wp\/v2\/product_tag?post=317"}],"curies":[{"name":"wp","href":"https:\/\/api.w.org\/{rel}","templated":true}]}}