{"id":309,"date":"2023-06-19T17:07:50","date_gmt":"2023-06-19T17:07:50","guid":{"rendered":"https:\/\/aoc.allusion.hu\/?post_type=product&#038;p=309"},"modified":"2025-10-28T13:37:09","modified_gmt":"2025-10-28T12:37:09","slug":"black-terrazzo-side-table","status":"publish","type":"product","link":"https:\/\/artofcosy.com\/hu\/termek\/black-terrazzo-side-table\/","title":{"rendered":"Black Stone \u00e1llv\u00e1ny"},"content":{"rendered":"<p class=\"p1\">\u00c1llv\u00e1nyaink pr\u00e9mium min\u0151s\u00e9g\u0171 olasz kermi\u00e1b\u00f3l k\u00e9sz\u00fclnek. Fenntarthat\u00f3, \u00daJRAHASZNOS\u00cdTHAT\u00d3 term\u00e9k, aminek hossz\u00fa \u00e9lettartalma garant\u00e1lt. TERM\u00c9SZETES \u00e1sv\u00e1nyok kever\u00e9ke.<\/p>\n<p class=\"p1\">K\u00f6nnyed\u00e9n tiszt\u00e1n tarthat\u00f3, folt- \u00e9s karc\u00e1ll\u00f3 doh\u00e1nyz\u00f3asztal. Amennyiben tetszik a diz\u00e1jn, de a m\u00e9ret nem illik a nappalidba, \u00edrj nek\u00fcnk \u00e9s mi testre szabjuk neked. K\u00fcl\u00f6nb\u00f6z\u0151 sz\u00ednekben \u00e9s anyagokkal is el\u00e9rhet\u0151. Szem\u00e9lyesen megtekinthet\u0151 szalonunkban. Budapest, 1024 keleti K\u00e1roly u. 12-14<\/p>\n<p class=\"p1\">Szem\u00e9lyre szabhat\u00f3 term\u00e9k, keress minket bizalommal.<\/p>","protected":false},"excerpt":{"rendered":"<p>Black Stone \u00e1llv\u00e1ny mely egyedi, lend\u00fcletes \u00e9s fiatalos megjelen\u00e9st ny\u00fajt. Ak\u00e1r klasszikus a st\u00edlusod, modern vagy boh\u00e9m, sz\u00e1mos enteri\u0151rbe beillesztheted.<\/p>","protected":false},"featured_media":2683,"template":"","meta":{"_acf_changed":false,"footnotes":""},"product_cat":[51],"product_tag":[],"class_list":{"0":"post-309","1":"product","2":"type-product","3":"status-publish","4":"has-post-thumbnail","6":"product_cat-plinth","7":"product_shipping_class-plinth","9":"first","10":"instock","11":"taxable","12":"shipping-taxable","13":"purchasable","14":"product-type-simple"},"acf":[],"yoast_head":"<!-- This site is optimized with the Yoast SEO plugin v26.2 - https:\/\/yoast.com\/wordpress\/plugins\/seo\/ -->\n<title>Black Stone Plinth - Art of Cosy<\/title>\n<meta name=\"robots\" content=\"index, follow, max-snippet:-1, max-image-preview:large, max-video-preview:-1\" \/>\n<link rel=\"canonical\" href=\"https:\/\/artofcosy.com\/hu\/termek\/black-terrazzo-side-table\/\" \/>\n<meta property=\"og:locale\" content=\"hu_HU\" \/>\n<meta property=\"og:type\" content=\"article\" \/>\n<meta property=\"og:title\" content=\"Black Stone Plinth - Art of Cosy\" \/>\n<meta property=\"og:description\" content=\"Stone textures Plinth, Side table. This plinth with its natural stone effect, will infuse your home with a sense of harmony.\" \/>\n<meta property=\"og:url\" content=\"https:\/\/artofcosy.com\/hu\/termek\/black-terrazzo-side-table\/\" \/>\n<meta property=\"og:site_name\" content=\"Art of Cosy\" \/>\n<meta property=\"article:modified_time\" content=\"2025-10-28T12:37:09+00:00\" \/>\n<meta property=\"og:image\" content=\"https:\/\/artofcosy.com\/wp-content\/uploads\/2023\/06\/5_Pro-Capture-One-0509_CUT.png\" \/>\n\t<meta property=\"og:image:width\" content=\"2000\" \/>\n\t<meta property=\"og:image:height\" content=\"2000\" \/>\n\t<meta property=\"og:image:type\" content=\"image\/png\" \/>\n<meta name=\"twitter:card\" content=\"summary_large_image\" \/>\n<meta name=\"twitter:label1\" content=\"Becs\u00fclt olvas\u00e1si id\u0151\" \/>\n\t<meta name=\"twitter:data1\" content=\"1 perc\" \/>\n<script type=\"application\/ld+json\" class=\"yoast-schema-graph\">{\"@context\":\"https:\/\/schema.org\",\"@graph\":[{\"@type\":\"WebPage\",\"@id\":\"https:\/\/artofcosy.com\/product\/black-terrazzo-side-table\/\",\"url\":\"https:\/\/artofcosy.com\/product\/black-terrazzo-side-table\/\",\"name\":\"Black Stone Plinth - Art of Cosy\",\"isPartOf\":{\"@id\":\"https:\/\/artofcosy.com\/#website\"},\"primaryImageOfPage\":{\"@id\":\"https:\/\/artofcosy.com\/product\/black-terrazzo-side-table\/#primaryimage\"},\"image\":{\"@id\":\"https:\/\/artofcosy.com\/product\/black-terrazzo-side-table\/#primaryimage\"},\"thumbnailUrl\":\"https:\/\/artofcosy.com\/wp-content\/uploads\/2023\/06\/5_Pro-Capture-One-0509_CUT.png\",\"datePublished\":\"2023-06-19T17:07:50+00:00\",\"dateModified\":\"2025-10-28T12:37:09+00:00\",\"breadcrumb\":{\"@id\":\"https:\/\/artofcosy.com\/product\/black-terrazzo-side-table\/#breadcrumb\"},\"inLanguage\":\"hu\",\"potentialAction\":[{\"@type\":\"ReadAction\",\"target\":[\"https:\/\/artofcosy.com\/product\/black-terrazzo-side-table\/\"]}]},{\"@type\":\"ImageObject\",\"inLanguage\":\"hu\",\"@id\":\"https:\/\/artofcosy.com\/product\/black-terrazzo-side-table\/#primaryimage\",\"url\":\"https:\/\/artofcosy.com\/wp-content\/uploads\/2023\/06\/5_Pro-Capture-One-0509_CUT.png\",\"contentUrl\":\"https:\/\/artofcosy.com\/wp-content\/uploads\/2023\/06\/5_Pro-Capture-One-0509_CUT.png\",\"width\":2000,\"height\":2000},{\"@type\":\"BreadcrumbList\",\"@id\":\"https:\/\/artofcosy.com\/product\/black-terrazzo-side-table\/#breadcrumb\",\"itemListElement\":[{\"@type\":\"ListItem\",\"position\":1,\"name\":\"Home\",\"item\":\"https:\/\/artofcosy.com\/en\/\"},{\"@type\":\"ListItem\",\"position\":2,\"name\":\"Products\",\"item\":\"https:\/\/artofcosy.com\/shop__trashed\/\"},{\"@type\":\"ListItem\",\"position\":3,\"name\":\"Black Stone Plinth\"}]},{\"@type\":\"WebSite\",\"@id\":\"https:\/\/artofcosy.com\/#website\",\"url\":\"https:\/\/artofcosy.com\/\",\"name\":\"Art of Cosy\",\"description\":\"\",\"publisher\":{\"@id\":\"https:\/\/artofcosy.com\/#organization\"},\"potentialAction\":[{\"@type\":\"SearchAction\",\"target\":{\"@type\":\"EntryPoint\",\"urlTemplate\":\"https:\/\/artofcosy.com\/?s={search_term_string}\"},\"query-input\":{\"@type\":\"PropertyValueSpecification\",\"valueRequired\":true,\"valueName\":\"search_term_string\"}}],\"inLanguage\":\"hu\"},{\"@type\":\"Organization\",\"@id\":\"https:\/\/artofcosy.com\/#organization\",\"name\":\"Art of Cosy\",\"url\":\"https:\/\/artofcosy.com\/\",\"logo\":{\"@type\":\"ImageObject\",\"inLanguage\":\"hu\",\"@id\":\"https:\/\/artofcosy.com\/#\/schema\/logo\/image\/\",\"url\":\"https:\/\/artofcosy.com\/wp-content\/uploads\/2023\/07\/AOC_new_logo-1.png\",\"contentUrl\":\"https:\/\/artofcosy.com\/wp-content\/uploads\/2023\/07\/AOC_new_logo-1.png\",\"width\":1200,\"height\":703,\"caption\":\"Art of Cosy\"},\"image\":{\"@id\":\"https:\/\/artofcosy.com\/#\/schema\/logo\/image\/\"}}]}<\/script>\n<!-- \/ Yoast SEO plugin. -->","yoast_head_json":{"title":"Black Stone Plinth - Art of Cosy","robots":{"index":"index","follow":"follow","max-snippet":"max-snippet:-1","max-image-preview":"max-image-preview:large","max-video-preview":"max-video-preview:-1"},"canonical":"https:\/\/artofcosy.com\/hu\/termek\/black-terrazzo-side-table\/","og_locale":"hu_HU","og_type":"article","og_title":"Black Stone Plinth - Art of Cosy","og_description":"Stone textures Plinth, Side table. This plinth with its natural stone effect, will infuse your home with a sense of harmony.","og_url":"https:\/\/artofcosy.com\/hu\/termek\/black-terrazzo-side-table\/","og_site_name":"Art of Cosy","article_modified_time":"2025-10-28T12:37:09+00:00","og_image":[{"width":2000,"height":2000,"url":"https:\/\/artofcosy.com\/wp-content\/uploads\/2023\/06\/5_Pro-Capture-One-0509_CUT.png","type":"image\/png"}],"twitter_card":"summary_large_image","twitter_misc":{"Becs\u00fclt olvas\u00e1si id\u0151":"1 perc"},"schema":{"@context":"https:\/\/schema.org","@graph":[{"@type":"WebPage","@id":"https:\/\/artofcosy.com\/product\/black-terrazzo-side-table\/","url":"https:\/\/artofcosy.com\/product\/black-terrazzo-side-table\/","name":"Black Stone Plinth - Art of Cosy","isPartOf":{"@id":"https:\/\/artofcosy.com\/#website"},"primaryImageOfPage":{"@id":"https:\/\/artofcosy.com\/product\/black-terrazzo-side-table\/#primaryimage"},"image":{"@id":"https:\/\/artofcosy.com\/product\/black-terrazzo-side-table\/#primaryimage"},"thumbnailUrl":"https:\/\/artofcosy.com\/wp-content\/uploads\/2023\/06\/5_Pro-Capture-One-0509_CUT.png","datePublished":"2023-06-19T17:07:50+00:00","dateModified":"2025-10-28T12:37:09+00:00","breadcrumb":{"@id":"https:\/\/artofcosy.com\/product\/black-terrazzo-side-table\/#breadcrumb"},"inLanguage":"hu","potentialAction":[{"@type":"ReadAction","target":["https:\/\/artofcosy.com\/product\/black-terrazzo-side-table\/"]}]},{"@type":"ImageObject","inLanguage":"hu","@id":"https:\/\/artofcosy.com\/product\/black-terrazzo-side-table\/#primaryimage","url":"https:\/\/artofcosy.com\/wp-content\/uploads\/2023\/06\/5_Pro-Capture-One-0509_CUT.png","contentUrl":"https:\/\/artofcosy.com\/wp-content\/uploads\/2023\/06\/5_Pro-Capture-One-0509_CUT.png","width":2000,"height":2000},{"@type":"BreadcrumbList","@id":"https:\/\/artofcosy.com\/product\/black-terrazzo-side-table\/#breadcrumb","itemListElement":[{"@type":"ListItem","position":1,"name":"Home","item":"https:\/\/artofcosy.com\/en\/"},{"@type":"ListItem","position":2,"name":"Products","item":"https:\/\/artofcosy.com\/shop__trashed\/"},{"@type":"ListItem","position":3,"name":"Black Stone Plinth"}]},{"@type":"WebSite","@id":"https:\/\/artofcosy.com\/#website","url":"https:\/\/artofcosy.com\/","name":"Art of Cozy","description":"","publisher":{"@id":"https:\/\/artofcosy.com\/#organization"},"potentialAction":[{"@type":"SearchAction","target":{"@type":"EntryPoint","urlTemplate":"https:\/\/artofcosy.com\/?s={search_term_string}"},"query-input":{"@type":"PropertyValueSpecification","valueRequired":true,"valueName":"search_term_string"}}],"inLanguage":"hu"},{"@type":"Organization","@id":"https:\/\/artofcosy.com\/#organization","name":"Art of Cozy","url":"https:\/\/artofcosy.com\/","logo":{"@type":"ImageObject","inLanguage":"hu","@id":"https:\/\/artofcosy.com\/#\/schema\/logo\/image\/","url":"https:\/\/artofcosy.com\/wp-content\/uploads\/2023\/07\/AOC_new_logo-1.png","contentUrl":"https:\/\/artofcosy.com\/wp-content\/uploads\/2023\/07\/AOC_new_logo-1.png","width":1200,"height":703,"caption":"Art of Cosy"},"image":{"@id":"https:\/\/artofcosy.com\/#\/schema\/logo\/image\/"}}]}},"_links":{"self":[{"href":"https:\/\/artofcosy.com\/hu\/wp-json\/wp\/v2\/product\/309","targetHints":{"allow":["GET"]}}],"collection":[{"href":"https:\/\/artofcosy.com\/hu\/wp-json\/wp\/v2\/product"}],"about":[{"href":"https:\/\/artofcosy.com\/hu\/wp-json\/wp\/v2\/types\/product"}],"version-history":[{"count":5,"href":"https:\/\/artofcosy.com\/hu\/wp-json\/wp\/v2\/product\/309\/revisions"}],"predecessor-version":[{"id":4016,"href":"https:\/\/artofcosy.com\/hu\/wp-json\/wp\/v2\/product\/309\/revisions\/4016"}],"wp:featuredmedia":[{"embeddable":true,"href":"https:\/\/artofcosy.com\/hu\/wp-json\/wp\/v2\/media\/2683"}],"wp:attachment":[{"href":"https:\/\/artofcosy.com\/hu\/wp-json\/wp\/v2\/media?parent=309"}],"wp:term":[{"taxonomy":"product_cat","embeddable":true,"href":"https:\/\/artofcosy.com\/hu\/wp-json\/wp\/v2\/product_cat?post=309"},{"taxonomy":"product_tag","embeddable":true,"href":"https:\/\/artofcosy.com\/hu\/wp-json\/wp\/v2\/product_tag?post=309"}],"curies":[{"name":"wp","href":"https:\/\/api.w.org\/{rel}","templated":true}]}}