{"id":110,"date":"2023-06-13T17:07:23","date_gmt":"2023-06-13T17:07:23","guid":{"rendered":"https:\/\/aoc.allusion.hu\/about-us\/"},"modified":"2025-11-05T10:43:38","modified_gmt":"2025-11-05T09:43:38","slug":"rolam","status":"publish","type":"page","link":"https:\/\/artofcosy.com\/hu\/rolam\/","title":{"rendered":"R\u00f3lunk"},"content":{"rendered":"<div data-elementor-type=\"wp-post\" data-elementor-id=\"110\" class=\"elementor elementor-110\" data-elementor-post-type=\"page\">\n\t\t\t\t\t\t<section class=\"elementor-section elementor-top-section elementor-element elementor-element-45f3866 elementor-section-boxed elementor-section-height-default elementor-section-height-default\" data-id=\"45f3866\" data-element_type=\"section\" data-e-type=\"section\">\n\t\t\t\t\t\t<div class=\"elementor-container elementor-column-gap-default\">\n\t\t\t\t\t<div class=\"elementor-column elementor-col-100 elementor-top-column elementor-element elementor-element-555a3ec\" data-id=\"555a3ec\" data-element_type=\"column\" data-e-type=\"column\">\n\t\t\t<div class=\"elementor-column-wrap--555a3ec elementor-widget-wrap elementor-element-populated\">\n\t\t\t\t\t\t<div class=\"elementor-element elementor-element-4d1018b elementor-widget elementor-widget-heading\" data-id=\"4d1018b\" data-element_type=\"widget\" data-e-type=\"widget\" data-widget_type=\"heading.default\">\n\t\t\t\t<div class=\"elementor-widget-container\">\n\t\t\t\t\t<h1 class=\"elementor-heading-title elementor-size-xxl\">R\u00f3lunk<\/h1>\t\t\t\t<\/div>\n\t\t\t\t<\/div>\n\t\t\t\t<div class=\"elementor-element elementor-element-4562e4b elementor-widget__width-initial --il--stretch --il--tablet-stretch elementor-widget elementor-widget-text-editor\" data-id=\"4562e4b\" data-element_type=\"widget\" data-e-type=\"widget\" data-widget_type=\"text-editor.default\">\n\t\t\t\t<div class=\"elementor-widget-container\">\n\t\t\t\t\t\t\t\t\t<p>Az Art of Cosy Home egy kis v\u00e1llalat, amely 2022-23-ban alakult. K\u00e9zzel k\u00e9sz\u00edtett term\u00e9kek, sz\u00e9khelye Eur\u00f3p\u00e1ban tal\u00e1lhat\u00f3.<\/p>\t\t\t\t\t\t\t\t<\/div>\n\t\t\t\t<\/div>\n\t\t\t\t\t<\/div>\n\t\t<\/div>\n\t\t\t\t\t<\/div>\n\t\t<\/section>\n\t\t\t\t<section class=\"elementor-section elementor-top-section elementor-element elementor-element-5f408dd elementor-section-content-middle elementor-section-boxed elementor-section-height-default elementor-section-height-default\" data-id=\"5f408dd\" data-element_type=\"section\" data-e-type=\"section\">\n\t\t\t\t\t\t<div class=\"elementor-container elementor-column-gap-wider\">\n\t\t\t\t\t<div class=\"elementor-column elementor-col-50 elementor-top-column elementor-element elementor-element-389ec97\" data-id=\"389ec97\" data-element_type=\"column\" data-e-type=\"column\">\n\t\t\t<div class=\"elementor-column-wrap--389ec97 elementor-widget-wrap elementor-element-populated\">\n\t\t\t\t\t\t<div class=\"elementor-element elementor-element-5ad98c7 elementor-widget__width-auto elementor-absolute elementor-hidden-tablet elementor-hidden-phone elementor-widget-divider--view-line elementor-widget elementor-widget-divider\" data-id=\"5ad98c7\" data-element_type=\"widget\" data-e-type=\"widget\" data-settings=\"{&quot;_position&quot;:&quot;absolute&quot;}\" data-widget_type=\"divider.default\">\n\t\t\t\t<div class=\"elementor-widget-container\">\n\t\t\t\t\t\t\t<div class=\"elementor-divider\">\n\t\t\t<span class=\"elementor-divider-separator\">\n\t\t\t\t\t\t<\/span>\n\t\t<\/div>\n\t\t\t\t\t\t<\/div>\n\t\t\t\t<\/div>\n\t\t\t\t<div class=\"elementor-element elementor-element-2794ec8 elementor-widget elementor-widget-heading\" data-id=\"2794ec8\" data-element_type=\"widget\" data-e-type=\"widget\" data-widget_type=\"heading.default\">\n\t\t\t\t<div class=\"elementor-widget-container\">\n\t\t\t\t\t<h2 class=\"elementor-heading-title elementor-size-default\">Kezdetek<\/h2>\t\t\t\t<\/div>\n\t\t\t\t<\/div>\n\t\t\t\t<div class=\"elementor-element elementor-element-87b1f7f elementor-widget elementor-widget-text-editor\" data-id=\"87b1f7f\" data-element_type=\"widget\" data-e-type=\"widget\" data-widget_type=\"text-editor.default\">\n\t\t\t\t<div class=\"elementor-widget-container\">\n\t\t\t\t\t\t\t\t\t<p>Alap\u00edt\u00e1sunk els\u0151 h\u00f3napjaiban k\u00e9sz\u00fclt b\u00fatoraink napjainkban m\u00e1r otthonokat \u00e9s m\u00e1s tereket \u00e9kes\u00edtenek, a k\u00e9zm\u0171vess\u00e9g ir\u00e1nti elk\u00f6telezetts\u00e9g\u00fcnk csendes szimb\u00f3lumaik\u00e9nt. Tarts vel\u00fcnk Te is, \u00e9s ismerd meg az egyedi k\u00e9zm\u0171ves munk\u00e1nk csod\u00e1j\u00e1t.<\/p>\t\t\t\t\t\t\t\t<\/div>\n\t\t\t\t<\/div>\n\t\t\t\t\t<\/div>\n\t\t<\/div>\n\t\t\t\t<div class=\"elementor-column elementor-col-50 elementor-top-column elementor-element elementor-element-542d17e\" data-id=\"542d17e\" data-element_type=\"column\" data-e-type=\"column\">\n\t\t\t<div class=\"elementor-column-wrap--542d17e elementor-widget-wrap elementor-element-populated\">\n\t\t\t\t\t\t<div class=\"elementor-element elementor-element-1d896f9 u-hover-img-animation --zindexed-1 elementor-widget elementor-widget-image\" data-id=\"1d896f9\" data-element_type=\"widget\" data-e-type=\"widget\" data-widget_type=\"image.default\">\n\t\t\t\t<div class=\"elementor-widget-container\">\n\t\t\t\t\t\t\t\t\t\t\t\t\t\t\t\t<a href=\"#\">\n\t\t\t\t\t\t\t<img fetchpriority=\"high\" decoding=\"async\" width=\"768\" height=\"576\" src=\"https:\/\/artofcosy.com\/wp-content\/uploads\/2025\/10\/IMG_0607-2-768x576.jpg\" class=\"attachment-medium_large size-medium_large wp-image-4998\" alt=\"\" srcset=\"https:\/\/artofcosy.com\/wp-content\/uploads\/2025\/10\/IMG_0607-2-768x576.jpg 768w, https:\/\/artofcosy.com\/wp-content\/uploads\/2025\/10\/IMG_0607-2-800x600.jpg 800w, https:\/\/artofcosy.com\/wp-content\/uploads\/2025\/10\/IMG_0607-2-300x225.jpg 300w, https:\/\/artofcosy.com\/wp-content\/uploads\/2025\/10\/IMG_0607-2-1024x768.jpg 1024w, https:\/\/artofcosy.com\/wp-content\/uploads\/2025\/10\/IMG_0607-2-1536x1152.jpg 1536w, https:\/\/artofcosy.com\/wp-content\/uploads\/2025\/10\/IMG_0607-2-16x12.jpg 16w, https:\/\/artofcosy.com\/wp-content\/uploads\/2025\/10\/IMG_0607-2.jpg 2048w\" sizes=\"(max-width: 768px) 100vw, 768px\" \/>\t\t\t\t\t\t\t\t<\/a>\n\t\t\t\t\t\t\t\t\t\t\t\t\t\t\t<\/div>\n\t\t\t\t<\/div>\n\t\t\t\t\t<\/div>\n\t\t<\/div>\n\t\t\t\t\t<\/div>\n\t\t<\/section>\n\t\t\t\t<section class=\"elementor-section elementor-top-section elementor-element elementor-element-5c39817 elementor-section-content-middle elementor-section-boxed elementor-section-height-default elementor-section-height-default\" data-id=\"5c39817\" data-element_type=\"section\" data-e-type=\"section\">\n\t\t\t\t\t\t<div class=\"elementor-container elementor-column-gap-default\">\n\t\t\t\t\t<div class=\"elementor-column elementor-col-50 elementor-top-column elementor-element elementor-element-943050f\" data-id=\"943050f\" data-element_type=\"column\" data-e-type=\"column\">\n\t\t\t<div class=\"elementor-column-wrap--943050f elementor-widget-wrap elementor-element-populated\">\n\t\t\t\t\t\t<div class=\"elementor-element elementor-element-f9c9760 elementor-widget elementor-widget-video\" data-id=\"f9c9760\" data-element_type=\"widget\" data-e-type=\"widget\" data-settings=\"{&quot;video_type&quot;:&quot;hosted&quot;,&quot;start&quot;:1,&quot;autoplay&quot;:&quot;yes&quot;,&quot;play_on_mobile&quot;:&quot;yes&quot;,&quot;loop&quot;:&quot;yes&quot;}\" data-widget_type=\"video.default\">\n\t\t\t\t<div class=\"elementor-widget-container\">\n\t\t\t\t\t\t\t<div class=\"e-hosted-video elementor-wrapper elementor-open-inline\">\n\t\t\t\t\t<video class=\"elementor-video\" src=\"https:\/\/artofcosy.com\/wp-content\/uploads\/2025\/10\/AOC-Aesthetic-Minimalist-Spot-12.mp4#t=1\" autoplay=\"\" loop=\"\" playsinline=\"\" controlslist=\"nodownload\"><\/video>\n\t\t\t\t<\/div>\n\t\t\t\t\t\t<\/div>\n\t\t\t\t<\/div>\n\t\t\t\t\t<\/div>\n\t\t<\/div>\n\t\t\t\t<div class=\"elementor-column elementor-col-50 elementor-top-column elementor-element elementor-element-5413c9b\" data-id=\"5413c9b\" data-element_type=\"column\" data-e-type=\"column\">\n\t\t\t<div class=\"elementor-column-wrap--5413c9b elementor-widget-wrap elementor-element-populated\">\n\t\t\t\t\t\t<div class=\"elementor-element elementor-element-41ec5c1 elementor-widget elementor-widget-text-editor\" data-id=\"41ec5c1\" data-element_type=\"widget\" data-e-type=\"widget\" data-widget_type=\"text-editor.default\">\n\t\t\t\t<div class=\"elementor-widget-container\">\n\t\t\t\t\t\t\t\t\t<p>Minden egyes Art of Cosy term\u00e9k k\u00e9zzel k\u00e9sz\u00fcl, a legmagasabb min\u0151s\u00e9gi k\u00f6vetelm\u00e9nyeknek megfelel\u0151en. Term\u00e9keink f\u0151k\u00e9nt term\u00e9szetes k\u0151b\u0151l, f\u00e1b\u00f3l vagy kiv\u00e1l\u00f3 min\u0151s\u00e9g\u0171, k\u0151hat\u00e1s\u00fa porcel\u00e1nb\u00f3l k\u00e9sz\u00fclnek. A k\u00f6veket a legnagyobb gondoss\u00e1ggal v\u00e1lasztjuk ki, \u00e9s igyeksz\u00fcnk fenntartani a magas szint\u0171 eszt\u00e9tik\u00e1t \u00e9s min\u0151s\u00e9get. St\u00edlusunk tiszta, modern, minimalista, egy csipetnyi eleganci\u00e1val, sz\u00edneink monokr\u00f3mok, a finom \u00e1rnyalatok \u00e9s a f\u00f6ld sz\u00ednei a term\u00e9szetb\u0151l mer\u00edtenek ihletet. Term\u00e9keinket limit\u00e1lt mennyis\u00e9gben, megrendel\u00e9sre gy\u00e1rtjuk.<\/p>\t\t\t\t\t\t\t\t<\/div>\n\t\t\t\t<\/div>\n\t\t\t\t<div class=\"elementor-element elementor-element-60d69f0 elementor-mobile-align-center elementor-widget elementor-widget-button\" data-id=\"60d69f0\" data-element_type=\"widget\" data-e-type=\"widget\" data-widget_type=\"button.default\">\n\t\t\t\t<div class=\"elementor-widget-container\">\n\t\t\t\t\t\t\t\t\t<div class=\"elementor-button-wrapper\">\n\t\t\t\t\t<a class=\"elementor-button elementor-button-link elementor-size-sm\" href=\"https:\/\/artofcosy.com\/contact-us\/\">\n\t\t\t\t\t\t<span class=\"elementor-button-content-wrapper\">\n\t\t\t\t\t\t\t\t\t<span class=\"elementor-button-text\">contact me<\/span>\n\t\t\t\t\t<\/span>\n\t\t\t\t\t<\/a>\n\t\t\t\t<\/div>\n\t\t\t\t\t\t\t\t<\/div>\n\t\t\t\t<\/div>\n\t\t\t\t\t<\/div>\n\t\t<\/div>\n\t\t\t\t\t<\/div>\n\t\t<\/section>\n\t\t\t\t<section class=\"elementor-section elementor-top-section elementor-element elementor-element-6572fbc8 rey-section-stretched elementor-section-content-bottom rey-flexWrap rey-section-bg--classic elementor-section-boxed elementor-section-height-default elementor-section-height-default\" data-id=\"6572fbc8\" data-element_type=\"section\" data-e-type=\"section\" data-settings=\"{&quot;background_background&quot;:&quot;classic&quot;}\">\n\t\t\t\t\t\t<div class=\"elementor-container elementor-column-gap-no\">\n\t\t\t\t\t<div class=\"elementor-column elementor-col-33 elementor-top-column elementor-element elementor-element-5a2f40d2 rey-colbg--classic\" data-id=\"5a2f40d2\" data-element_type=\"column\" data-e-type=\"column\" data-settings=\"{&quot;background_background&quot;:&quot;classic&quot;}\">\n\t\t\t<div class=\"elementor-column-wrap--5a2f40d2 elementor-widget-wrap elementor-element-populated\">\n\t\t\t\t\t\t<div class=\"elementor-element elementor-element-58a3e3b --zindexed-1 elementor-widget elementor-widget-image\" data-id=\"58a3e3b\" data-element_type=\"widget\" data-e-type=\"widget\" data-widget_type=\"image.default\">\n\t\t\t\t<div class=\"elementor-widget-container\">\n\t\t\t\t\t\t\t\t\t\t\t\t\t\t\t<img decoding=\"async\" width=\"768\" height=\"1152\" src=\"https:\/\/artofcosy.com\/wp-content\/uploads\/2025\/10\/DSC2525_FIN_FIN-4-768x1152.jpg\" class=\"attachment-medium_large size-medium_large wp-image-5040\" alt=\"\" srcset=\"https:\/\/artofcosy.com\/wp-content\/uploads\/2025\/10\/DSC2525_FIN_FIN-4-768x1152.jpg 768w, https:\/\/artofcosy.com\/wp-content\/uploads\/2025\/10\/DSC2525_FIN_FIN-4-800x1200.jpg 800w, https:\/\/artofcosy.com\/wp-content\/uploads\/2025\/10\/DSC2525_FIN_FIN-4-200x300.jpg 200w, https:\/\/artofcosy.com\/wp-content\/uploads\/2025\/10\/DSC2525_FIN_FIN-4-683x1024.jpg 683w, https:\/\/artofcosy.com\/wp-content\/uploads\/2025\/10\/DSC2525_FIN_FIN-4-8x12.jpg 8w, https:\/\/artofcosy.com\/wp-content\/uploads\/2025\/10\/DSC2525_FIN_FIN-4.jpg 1000w\" sizes=\"(max-width: 768px) 100vw, 768px\" \/>\t\t\t\t\t\t\t\t\t\t\t\t\t\t\t<\/div>\n\t\t\t\t<\/div>\n\t\t\t\t\t<\/div>\n\t\t<\/div>\n\t\t\t\t<div class=\"elementor-column elementor-col-33 elementor-top-column elementor-element elementor-element-65bd74fe rey-colbg--classic\" data-id=\"65bd74fe\" data-element_type=\"column\" data-e-type=\"column\" data-settings=\"{&quot;background_background&quot;:&quot;classic&quot;}\">\n\t\t\t<div class=\"elementor-column-wrap--65bd74fe elementor-widget-wrap elementor-element-populated\">\n\t\t\t\t\t\t<div class=\"elementor-element elementor-element-20360d0 elementor-widget elementor-widget-text-editor\" data-id=\"20360d0\" data-element_type=\"widget\" data-e-type=\"widget\" data-widget_type=\"text-editor.default\">\n\t\t\t\t<div class=\"elementor-widget-container\">\n\t\t\t\t\t\t\t\t\t<p>Kreat\u00edv p\u00e1lyafut\u00e1som a nemzetk\u00f6zi filmiparban kezd\u0151d\u00f6tt, mint protetikus sminkes.<\/p><p>A legragyog\u00f3bb filmszt\u00e1rok mellett elt\u00f6lt\u00f6tt 24 csod\u00e1latos\u00e9v ut\u00e1n, most egy csendesebb \u00e9let nyugalma motiv\u00e1lt a v\u00e1lt\u00e1sra. \u00c1tt\u00e9rve a kis b\u00fatortervez\u00e9s kreat\u00edv vil\u00e1g\u00e1ba, abban a kiv\u00e1lts\u00e1gban volt r\u00e9szem, hogy a h\u00edres <strong>Unversity of the Arts London<\/strong> <strong>M\u0171v\u00e9szeti Iskola<\/strong>\u00a0design b\u00fatortervez\u0151 kurzus\u00e1n v\u00e9gezhettem. Saj\u00e1t m\u00e1rk\u00e1mat b\u00fcszk\u00e9n bemutatva k\u00fcldet\u00e9sem, hogy b\u00fatoraimmal t\u00e1mogassam a st\u00edlusos lakberendez\u00e9s fontoss\u00e1g\u00e1nak \u00e9rt\u00e9keit, gazdag\u00edt\u00f3 \u00e9lm\u00e9nyt k\u00edn\u00e1lva azoknak, akiknek otthonuk kisug\u00e1rz\u00e1sa \u00e9ppoly fontos, mint nekem.<\/p>\t\t\t\t\t\t\t\t<\/div>\n\t\t\t\t<\/div>\n\t\t\t\t<div class=\"elementor-element elementor-element-1c3661dc elementor-widget elementor-widget-image\" data-id=\"1c3661dc\" data-element_type=\"widget\" data-e-type=\"widget\" data-widget_type=\"image.default\">\n\t\t\t\t<div class=\"elementor-widget-container\">\n\t\t\t\t\t\t\t\t\t\t\t\t\t\t\t<img decoding=\"async\" width=\"750\" height=\"156\" src=\"https:\/\/artofcosy.com\/wp-content\/uploads\/2023\/08\/rrh.png\" class=\"attachment-full size-full wp-image-2097\" alt=\"\" srcset=\"https:\/\/artofcosy.com\/wp-content\/uploads\/2023\/08\/rrh.png 750w, https:\/\/artofcosy.com\/wp-content\/uploads\/2023\/08\/rrh-300x62.png 300w\" sizes=\"(max-width: 750px) 100vw, 750px\" \/>\t\t\t\t\t\t\t\t\t\t\t\t\t\t\t<\/div>\n\t\t\t\t<\/div>\n\t\t\t\t\t<\/div>\n\t\t<\/div>\n\t\t\t\t<div class=\"elementor-column elementor-col-33 elementor-top-column elementor-element elementor-element-3d3fb922 elementor-hidden-phone\" data-id=\"3d3fb922\" data-element_type=\"column\" data-e-type=\"column\">\n\t\t\t<div class=\"elementor-column-wrap--3d3fb922 elementor-widget-wrap elementor-element-populated\">\n\t\t\t\t\t\t<div class=\"elementor-element elementor-element-57b2dd05 elementor-widget-divider--view-line elementor-widget elementor-widget-divider\" data-id=\"57b2dd05\" data-element_type=\"widget\" data-e-type=\"widget\" data-widget_type=\"divider.default\">\n\t\t\t\t<div class=\"elementor-widget-container\">\n\t\t\t\t\t\t\t<div class=\"elementor-divider\">\n\t\t\t<span class=\"elementor-divider-separator\">\n\t\t\t\t\t\t<\/span>\n\t\t<\/div>\n\t\t\t\t\t\t<\/div>\n\t\t\t\t<\/div>\n\t\t\t\t\t<\/div>\n\t\t<\/div>\n\t\t\t\t\t<\/div>\n\t\t<\/section>\n\t\t\t\t<\/div>","protected":false},"excerpt":{"rendered":"<p>Our Story Art of Cosy home is a small company, started in 2022-23. Handmade manufacture, based in Europe. Humble beginnings Our furniture, born from those humble beginnings, now graces homes and spaces, a silent narrator of our commitment to craftsmanship. Join us on this journey where every piece carries the essence of our modest roots, [&hellip;]<\/p>","protected":false},"author":1,"featured_media":0,"parent":0,"menu_order":0,"comment_status":"closed","ping_status":"closed","template":"template-builder.php","meta":{"_acf_changed":false,"footnotes":""},"class_list":["post-110","page","type-page","status-publish","hentry"],"acf":[],"yoast_head":"<!-- This site is optimized with the Yoast SEO plugin v26.2 - https:\/\/yoast.com\/wordpress\/plugins\/seo\/ -->\n<title>About - Art of Cosy<\/title>\n<meta name=\"robots\" content=\"index, follow, max-snippet:-1, max-image-preview:large, max-video-preview:-1\" \/>\n<link rel=\"canonical\" href=\"https:\/\/artofcosy.com\/hu\/rolam\/\" \/>\n<meta property=\"og:locale\" content=\"hu_HU\" \/>\n<meta property=\"og:type\" content=\"article\" \/>\n<meta property=\"og:title\" content=\"About - Art of Cosy\" \/>\n<meta property=\"og:description\" content=\"Our Story Art of Cosy home is a small company, started in 2022-23. Handmade manufacture, based in Europe. Humble beginnings Our furniture, born from those humble beginnings, now graces homes and spaces, a silent narrator of our commitment to craftsmanship. Join us on this journey where every piece carries the essence of our modest roots, [&hellip;]\" \/>\n<meta property=\"og:url\" content=\"https:\/\/artofcosy.com\/hu\/rolam\/\" \/>\n<meta property=\"og:site_name\" content=\"Art of Cosy\" \/>\n<meta property=\"article:modified_time\" content=\"2025-11-05T09:43:38+00:00\" \/>\n<meta property=\"og:image\" content=\"https:\/\/artofcosy.com\/wp-content\/uploads\/2025\/10\/IMG_0607-2.jpg\" \/>\n\t<meta property=\"og:image:width\" content=\"2048\" \/>\n\t<meta property=\"og:image:height\" content=\"1536\" \/>\n\t<meta property=\"og:image:type\" content=\"image\/jpeg\" \/>\n<meta name=\"twitter:card\" content=\"summary_large_image\" \/>\n<meta name=\"twitter:label1\" content=\"Becs\u00fclt olvas\u00e1si id\u0151\" \/>\n\t<meta name=\"twitter:data1\" content=\"2 perc\" \/>\n<script type=\"application\/ld+json\" class=\"yoast-schema-graph\">{\"@context\":\"https:\/\/schema.org\",\"@graph\":[{\"@type\":\"WebPage\",\"@id\":\"https:\/\/artofcosy.com\/about-us\/\",\"url\":\"https:\/\/artofcosy.com\/about-us\/\",\"name\":\"About - Art of Cosy\",\"isPartOf\":{\"@id\":\"https:\/\/artofcosy.com\/#website\"},\"primaryImageOfPage\":{\"@id\":\"https:\/\/artofcosy.com\/about-us\/#primaryimage\"},\"image\":{\"@id\":\"https:\/\/artofcosy.com\/about-us\/#primaryimage\"},\"thumbnailUrl\":\"https:\/\/artofcosy.com\/wp-content\/uploads\/2025\/10\/IMG_0607-2-768x576.jpg\",\"datePublished\":\"2023-06-13T17:07:23+00:00\",\"dateModified\":\"2025-11-05T09:43:38+00:00\",\"breadcrumb\":{\"@id\":\"https:\/\/artofcosy.com\/about-us\/#breadcrumb\"},\"inLanguage\":\"hu\",\"potentialAction\":[{\"@type\":\"ReadAction\",\"target\":[\"https:\/\/artofcosy.com\/about-us\/\"]}]},{\"@type\":\"ImageObject\",\"inLanguage\":\"hu\",\"@id\":\"https:\/\/artofcosy.com\/about-us\/#primaryimage\",\"url\":\"https:\/\/artofcosy.com\/wp-content\/uploads\/2025\/10\/IMG_0607-2-768x576.jpg\",\"contentUrl\":\"https:\/\/artofcosy.com\/wp-content\/uploads\/2025\/10\/IMG_0607-2-768x576.jpg\"},{\"@type\":\"BreadcrumbList\",\"@id\":\"https:\/\/artofcosy.com\/about-us\/#breadcrumb\",\"itemListElement\":[{\"@type\":\"ListItem\",\"position\":1,\"name\":\"Home\",\"item\":\"https:\/\/artofcosy.com\/en\/\"},{\"@type\":\"ListItem\",\"position\":2,\"name\":\"About\"}]},{\"@type\":\"WebSite\",\"@id\":\"https:\/\/artofcosy.com\/#website\",\"url\":\"https:\/\/artofcosy.com\/\",\"name\":\"Art of Cosy\",\"description\":\"\",\"publisher\":{\"@id\":\"https:\/\/artofcosy.com\/#organization\"},\"potentialAction\":[{\"@type\":\"SearchAction\",\"target\":{\"@type\":\"EntryPoint\",\"urlTemplate\":\"https:\/\/artofcosy.com\/?s={search_term_string}\"},\"query-input\":{\"@type\":\"PropertyValueSpecification\",\"valueRequired\":true,\"valueName\":\"search_term_string\"}}],\"inLanguage\":\"hu\"},{\"@type\":\"Organization\",\"@id\":\"https:\/\/artofcosy.com\/#organization\",\"name\":\"Art of Cosy\",\"url\":\"https:\/\/artofcosy.com\/\",\"logo\":{\"@type\":\"ImageObject\",\"inLanguage\":\"hu\",\"@id\":\"https:\/\/artofcosy.com\/#\/schema\/logo\/image\/\",\"url\":\"https:\/\/artofcosy.com\/wp-content\/uploads\/2023\/07\/AOC_new_logo-1.png\",\"contentUrl\":\"https:\/\/artofcosy.com\/wp-content\/uploads\/2023\/07\/AOC_new_logo-1.png\",\"width\":1200,\"height\":703,\"caption\":\"Art of Cosy\"},\"image\":{\"@id\":\"https:\/\/artofcosy.com\/#\/schema\/logo\/image\/\"}}]}<\/script>\n<!-- \/ Yoast SEO plugin. -->","yoast_head_json":{"title":"About - Art of Cosy","robots":{"index":"index","follow":"follow","max-snippet":"max-snippet:-1","max-image-preview":"max-image-preview:large","max-video-preview":"max-video-preview:-1"},"canonical":"https:\/\/artofcosy.com\/hu\/rolam\/","og_locale":"hu_HU","og_type":"article","og_title":"About - Art of Cosy","og_description":"Our Story Art of Cosy home is a small company, started in 2022-23. Handmade manufacture, based in Europe. Humble beginnings Our furniture, born from those humble beginnings, now graces homes and spaces, a silent narrator of our commitment to craftsmanship. Join us on this journey where every piece carries the essence of our modest roots, [&hellip;]","og_url":"https:\/\/artofcosy.com\/hu\/rolam\/","og_site_name":"Art of Cosy","article_modified_time":"2025-11-05T09:43:38+00:00","og_image":[{"width":2048,"height":1536,"url":"https:\/\/artofcosy.com\/wp-content\/uploads\/2025\/10\/IMG_0607-2.jpg","type":"image\/jpeg"}],"twitter_card":"summary_large_image","twitter_misc":{"Becs\u00fclt olvas\u00e1si id\u0151":"2 perc"},"schema":{"@context":"https:\/\/schema.org","@graph":[{"@type":"WebPage","@id":"https:\/\/artofcosy.com\/about-us\/","url":"https:\/\/artofcosy.com\/about-us\/","name":"About - Art of Cosy","isPartOf":{"@id":"https:\/\/artofcosy.com\/#website"},"primaryImageOfPage":{"@id":"https:\/\/artofcosy.com\/about-us\/#primaryimage"},"image":{"@id":"https:\/\/artofcosy.com\/about-us\/#primaryimage"},"thumbnailUrl":"https:\/\/artofcosy.com\/wp-content\/uploads\/2025\/10\/IMG_0607-2-768x576.jpg","datePublished":"2023-06-13T17:07:23+00:00","dateModified":"2025-11-05T09:43:38+00:00","breadcrumb":{"@id":"https:\/\/artofcosy.com\/about-us\/#breadcrumb"},"inLanguage":"hu","potentialAction":[{"@type":"ReadAction","target":["https:\/\/artofcosy.com\/about-us\/"]}]},{"@type":"ImageObject","inLanguage":"hu","@id":"https:\/\/artofcosy.com\/about-us\/#primaryimage","url":"https:\/\/artofcosy.com\/wp-content\/uploads\/2025\/10\/IMG_0607-2-768x576.jpg","contentUrl":"https:\/\/artofcosy.com\/wp-content\/uploads\/2025\/10\/IMG_0607-2-768x576.jpg"},{"@type":"BreadcrumbList","@id":"https:\/\/artofcosy.com\/about-us\/#breadcrumb","itemListElement":[{"@type":"ListItem","position":1,"name":"Home","item":"https:\/\/artofcosy.com\/en\/"},{"@type":"ListItem","position":2,"name":"About"}]},{"@type":"WebSite","@id":"https:\/\/artofcosy.com\/#website","url":"https:\/\/artofcosy.com\/","name":"Art of Cozy","description":"","publisher":{"@id":"https:\/\/artofcosy.com\/#organization"},"potentialAction":[{"@type":"SearchAction","target":{"@type":"EntryPoint","urlTemplate":"https:\/\/artofcosy.com\/?s={search_term_string}"},"query-input":{"@type":"PropertyValueSpecification","valueRequired":true,"valueName":"search_term_string"}}],"inLanguage":"hu"},{"@type":"Organization","@id":"https:\/\/artofcosy.com\/#organization","name":"Art of Cozy","url":"https:\/\/artofcosy.com\/","logo":{"@type":"ImageObject","inLanguage":"hu","@id":"https:\/\/artofcosy.com\/#\/schema\/logo\/image\/","url":"https:\/\/artofcosy.com\/wp-content\/uploads\/2023\/07\/AOC_new_logo-1.png","contentUrl":"https:\/\/artofcosy.com\/wp-content\/uploads\/2023\/07\/AOC_new_logo-1.png","width":1200,"height":703,"caption":"Art of Cosy"},"image":{"@id":"https:\/\/artofcosy.com\/#\/schema\/logo\/image\/"}}]}},"_links":{"self":[{"href":"https:\/\/artofcosy.com\/hu\/wp-json\/wp\/v2\/pages\/110","targetHints":{"allow":["GET"]}}],"collection":[{"href":"https:\/\/artofcosy.com\/hu\/wp-json\/wp\/v2\/pages"}],"about":[{"href":"https:\/\/artofcosy.com\/hu\/wp-json\/wp\/v2\/types\/page"}],"author":[{"embeddable":true,"href":"https:\/\/artofcosy.com\/hu\/wp-json\/wp\/v2\/users\/1"}],"replies":[{"embeddable":true,"href":"https:\/\/artofcosy.com\/hu\/wp-json\/wp\/v2\/comments?post=110"}],"version-history":[{"count":143,"href":"https:\/\/artofcosy.com\/hu\/wp-json\/wp\/v2\/pages\/110\/revisions"}],"predecessor-version":[{"id":5675,"href":"https:\/\/artofcosy.com\/hu\/wp-json\/wp\/v2\/pages\/110\/revisions\/5675"}],"wp:attachment":[{"href":"https:\/\/artofcosy.com\/hu\/wp-json\/wp\/v2\/media?parent=110"}],"curies":[{"name":"wp","href":"https:\/\/api.w.org\/{rel}","templated":true}]}}