{"id":108,"date":"2023-06-13T17:07:23","date_gmt":"2023-06-13T17:07:23","guid":{"rendered":"https:\/\/aoc.allusion.hu\/privacy-policy-2\/"},"modified":"2023-06-13T17:07:23","modified_gmt":"2023-06-13T17:07:23","slug":"privacy-policy-2","status":"publish","type":"page","link":"https:\/\/artofcosy.com\/hu\/privacy-policy-2\/","title":{"rendered":"Adatv\u00e9delmi ir\u00e1nyelvek"},"content":{"rendered":"<p>Az Art of Cosyn\u00e1l nagyon komolyan vessz\u00fck szem\u00e9lyes adatai kezel\u00e9s\u00e9t. Nem adunk el \u00e9s nem osztunk meg semmilyen szem\u00e9lyes adatot semmilyen k\u00fcls\u0151 \u00fcgyn\u00f6ks\u00e9ggel vagy szervezettel, kiv\u00e9ve, ha az az \u00fczleti tranzakci\u00f3inak v\u00e9grehajt\u00e1s\u00e1hoz sz\u00fcks\u00e9ges (p\u00e9ld\u00e1ul hitelk\u00e1rtya-feldolgoz\u00e1s vagy sz\u00e1ll\u00edt\u00e1si c\u00edm).<\/p>\n\n\n\n<p>Id\u0151nk\u00e9nt inform\u00e1ci\u00f3kat k\u00fcldhet\u00fcnk az akci\u00f3kr\u00f3l \u00e9s egy\u00e9b esem\u00e9nyekr\u0151l. Leiratkozni az ilyen kapcsolatfelv\u00e9telr\u0151l az e-mail alj\u00e1n tal\u00e1lhat\u00f3 linkre kattintva lehet. A h\u00edrlev\u00e9l be\u00e1ll\u00edt\u00e1sok a fi\u00f3kba val\u00f3 bejelentkez\u00e9ssel is kezelhet\u0151ek.<\/p>\n\n\n\n<p>Rendszer\u00fcnkben meg\u0151rizz\u00fck a fi\u00f3kadatokat, p\u00e9ld\u00e1ul az e-mail c\u00edmet, nevet \u00e9s c\u00edmet, hogy gyorsabb\u00e1 \u00e9s k\u00e9nyelmesebb\u00e9 tegy\u00fck a v\u00e1s\u00e1rl\u00e1st \u00e9s a rendel\u00e9st. Az ilyen inform\u00e1ci\u00f3kat a info@artofcosy.com e-mail c\u00edmre k\u00fcld\u00f6tt e-mailben vagy az \u00fczlet\u00fcnk c\u00edm\u00e9re k\u00fcld\u00f6tt \u00edr\u00e1sbeli k\u00e9r\u00e9ssel lehet elt\u00e1vol\u00edtani rendszer\u00fcnkb\u0151l.<\/p>","protected":false},"excerpt":{"rendered":"<p>Nagyon komolyan vessz\u00fck az \u00d6n adatainak v\u00e9delm\u00e9t itt: . Nem adunk el \u00e9s nem osztunk meg semmilyen szem\u00e9lyes adatot semmilyen k\u00fcls\u0151 \u00fcgyn\u00f6ks\u00e9ggel vagy szervezettel, kiv\u00e9ve, ha az az \u00d6n \u00fczleti tranzakci\u00f3inak v\u00e9grehajt\u00e1s\u00e1hoz sz\u00fcks\u00e9ges (p\u00e9ld\u00e1ul hitelk\u00e1rtya-feldolgoz\u00e1s vagy sz\u00e1ll\u00edt\u00e1si c\u00edm). Id\u0151nk\u00e9nt inform\u00e1ci\u00f3kat k\u00fcldhet\u00fcnk \u00d6nnek az akci\u00f3kr\u00f3l, akci\u00f3kr\u00f3l vagy egy\u00e9b esem\u00e9nyekr\u0151l. Te [\u2026]<\/p>","protected":false},"author":1,"featured_media":0,"parent":0,"menu_order":0,"comment_status":"closed","ping_status":"closed","template":"template-compact.php","meta":{"_acf_changed":false,"footnotes":""},"class_list":["post-108","page","type-page","status-publish","hentry"],"acf":[],"yoast_head":"<!-- This site is optimized with the Yoast SEO plugin v26.2 - https:\/\/yoast.com\/wordpress\/plugins\/seo\/ -->\n<title>Privacy Policy - Art of Cosy<\/title>\n<meta name=\"robots\" content=\"index, follow, max-snippet:-1, max-image-preview:large, max-video-preview:-1\" \/>\n<link rel=\"canonical\" href=\"https:\/\/artofcosy.com\/hu\/privacy-policy-2\/\" \/>\n<meta property=\"og:locale\" content=\"hu_HU\" \/>\n<meta property=\"og:type\" content=\"article\" \/>\n<meta property=\"og:title\" content=\"Privacy Policy - Art of Cosy\" \/>\n<meta property=\"og:description\" content=\"We take your privacy very seriously at . We do not sell nor share any personal data collected with any outside agency or organization other than as necessary to complete your business transactions (such as credit card processing or shipping address). We may at times send you information about sales, specials, or other events. You [&hellip;]\" \/>\n<meta property=\"og:url\" content=\"https:\/\/artofcosy.com\/hu\/privacy-policy-2\/\" \/>\n<meta property=\"og:site_name\" content=\"Art of Cosy\" \/>\n<meta name=\"twitter:card\" content=\"summary_large_image\" \/>\n<meta name=\"twitter:label1\" content=\"Becs\u00fclt olvas\u00e1si id\u0151\" \/>\n\t<meta name=\"twitter:data1\" content=\"1 perc\" \/>\n<script type=\"application\/ld+json\" class=\"yoast-schema-graph\">{\"@context\":\"https:\/\/schema.org\",\"@graph\":[{\"@type\":\"WebPage\",\"@id\":\"https:\/\/artofcosy.com\/privacy-policy-2\/\",\"url\":\"https:\/\/artofcosy.com\/privacy-policy-2\/\",\"name\":\"Privacy Policy - Art of Cosy\",\"isPartOf\":{\"@id\":\"https:\/\/artofcosy.com\/#website\"},\"datePublished\":\"2023-06-13T17:07:23+00:00\",\"breadcrumb\":{\"@id\":\"https:\/\/artofcosy.com\/privacy-policy-2\/#breadcrumb\"},\"inLanguage\":\"hu\",\"potentialAction\":[{\"@type\":\"ReadAction\",\"target\":[\"https:\/\/artofcosy.com\/privacy-policy-2\/\"]}]},{\"@type\":\"BreadcrumbList\",\"@id\":\"https:\/\/artofcosy.com\/privacy-policy-2\/#breadcrumb\",\"itemListElement\":[{\"@type\":\"ListItem\",\"position\":1,\"name\":\"Home\",\"item\":\"https:\/\/artofcosy.com\/en\/\"},{\"@type\":\"ListItem\",\"position\":2,\"name\":\"Privacy Policy\"}]},{\"@type\":\"WebSite\",\"@id\":\"https:\/\/artofcosy.com\/#website\",\"url\":\"https:\/\/artofcosy.com\/\",\"name\":\"Art of Cosy\",\"description\":\"\",\"publisher\":{\"@id\":\"https:\/\/artofcosy.com\/#organization\"},\"potentialAction\":[{\"@type\":\"SearchAction\",\"target\":{\"@type\":\"EntryPoint\",\"urlTemplate\":\"https:\/\/artofcosy.com\/?s={search_term_string}\"},\"query-input\":{\"@type\":\"PropertyValueSpecification\",\"valueRequired\":true,\"valueName\":\"search_term_string\"}}],\"inLanguage\":\"hu\"},{\"@type\":\"Organization\",\"@id\":\"https:\/\/artofcosy.com\/#organization\",\"name\":\"Art of Cosy\",\"url\":\"https:\/\/artofcosy.com\/\",\"logo\":{\"@type\":\"ImageObject\",\"inLanguage\":\"hu\",\"@id\":\"https:\/\/artofcosy.com\/#\/schema\/logo\/image\/\",\"url\":\"https:\/\/artofcosy.com\/wp-content\/uploads\/2023\/07\/AOC_new_logo-1.png\",\"contentUrl\":\"https:\/\/artofcosy.com\/wp-content\/uploads\/2023\/07\/AOC_new_logo-1.png\",\"width\":1200,\"height\":703,\"caption\":\"Art of Cosy\"},\"image\":{\"@id\":\"https:\/\/artofcosy.com\/#\/schema\/logo\/image\/\"}}]}<\/script>\n<!-- \/ Yoast SEO plugin. -->","yoast_head_json":{"title":"Privacy Policy - Art of Cosy","robots":{"index":"index","follow":"follow","max-snippet":"max-snippet:-1","max-image-preview":"max-image-preview:large","max-video-preview":"max-video-preview:-1"},"canonical":"https:\/\/artofcosy.com\/hu\/privacy-policy-2\/","og_locale":"hu_HU","og_type":"article","og_title":"Privacy Policy - Art of Cosy","og_description":"We take your privacy very seriously at . We do not sell nor share any personal data collected with any outside agency or organization other than as necessary to complete your business transactions (such as credit card processing or shipping address). We may at times send you information about sales, specials, or other events. You [&hellip;]","og_url":"https:\/\/artofcosy.com\/hu\/privacy-policy-2\/","og_site_name":"Art of Cosy","twitter_card":"summary_large_image","twitter_misc":{"Becs\u00fclt olvas\u00e1si id\u0151":"1 perc"},"schema":{"@context":"https:\/\/schema.org","@graph":[{"@type":"WebPage","@id":"https:\/\/artofcosy.com\/privacy-policy-2\/","url":"https:\/\/artofcosy.com\/privacy-policy-2\/","name":"Privacy Policy - Art of Cosy","isPartOf":{"@id":"https:\/\/artofcosy.com\/#website"},"datePublished":"2023-06-13T17:07:23+00:00","breadcrumb":{"@id":"https:\/\/artofcosy.com\/privacy-policy-2\/#breadcrumb"},"inLanguage":"hu","potentialAction":[{"@type":"ReadAction","target":["https:\/\/artofcosy.com\/privacy-policy-2\/"]}]},{"@type":"BreadcrumbList","@id":"https:\/\/artofcosy.com\/privacy-policy-2\/#breadcrumb","itemListElement":[{"@type":"ListItem","position":1,"name":"Home","item":"https:\/\/artofcosy.com\/en\/"},{"@type":"ListItem","position":2,"name":"Privacy Policy"}]},{"@type":"WebSite","@id":"https:\/\/artofcosy.com\/#website","url":"https:\/\/artofcosy.com\/","name":"Art of Cozy","description":"","publisher":{"@id":"https:\/\/artofcosy.com\/#organization"},"potentialAction":[{"@type":"SearchAction","target":{"@type":"EntryPoint","urlTemplate":"https:\/\/artofcosy.com\/?s={search_term_string}"},"query-input":{"@type":"PropertyValueSpecification","valueRequired":true,"valueName":"search_term_string"}}],"inLanguage":"hu"},{"@type":"Organization","@id":"https:\/\/artofcosy.com\/#organization","name":"Art of Cozy","url":"https:\/\/artofcosy.com\/","logo":{"@type":"ImageObject","inLanguage":"hu","@id":"https:\/\/artofcosy.com\/#\/schema\/logo\/image\/","url":"https:\/\/artofcosy.com\/wp-content\/uploads\/2023\/07\/AOC_new_logo-1.png","contentUrl":"https:\/\/artofcosy.com\/wp-content\/uploads\/2023\/07\/AOC_new_logo-1.png","width":1200,"height":703,"caption":"Art of Cosy"},"image":{"@id":"https:\/\/artofcosy.com\/#\/schema\/logo\/image\/"}}]}},"_links":{"self":[{"href":"https:\/\/artofcosy.com\/hu\/wp-json\/wp\/v2\/pages\/108","targetHints":{"allow":["GET"]}}],"collection":[{"href":"https:\/\/artofcosy.com\/hu\/wp-json\/wp\/v2\/pages"}],"about":[{"href":"https:\/\/artofcosy.com\/hu\/wp-json\/wp\/v2\/types\/page"}],"author":[{"embeddable":true,"href":"https:\/\/artofcosy.com\/hu\/wp-json\/wp\/v2\/users\/1"}],"replies":[{"embeddable":true,"href":"https:\/\/artofcosy.com\/hu\/wp-json\/wp\/v2\/comments?post=108"}],"version-history":[{"count":0,"href":"https:\/\/artofcosy.com\/hu\/wp-json\/wp\/v2\/pages\/108\/revisions"}],"wp:attachment":[{"href":"https:\/\/artofcosy.com\/hu\/wp-json\/wp\/v2\/media?parent=108"}],"curies":[{"name":"wp","href":"https:\/\/api.w.org\/{rel}","templated":true}]}}