{"id":106,"date":"2023-06-13T17:07:23","date_gmt":"2023-06-13T17:07:23","guid":{"rendered":"https:\/\/aoc.allusion.hu\/shipping-returns\/"},"modified":"2025-02-23T15:32:32","modified_gmt":"2025-02-23T14:32:32","slug":"shipping-returns","status":"publish","type":"page","link":"https:\/\/artofcosy.com\/hu\/shipping-returns\/","title":{"rendered":"Sz\u00e1ll\u00edt\u00e1si \u00e9s visszak\u00fcld\u00e9si felt\u00e9telek"},"content":{"rendered":"<div data-elementor-type=\"wp-page\" data-elementor-id=\"106\" class=\"elementor elementor-106\" data-elementor-post-type=\"page\">\n\t\t\t\t<div class=\"e-con-top elementor-element elementor-element-6f7fdd99 e-flex e-con-boxed e-con e-parent\" data-id=\"6f7fdd99\" data-element_type=\"container\" data-e-type=\"container\">\n\t\t\t\t\t<div class=\"e-con-inner\">\n\t\t\t\t<div class=\"elementor-element elementor-element-76a6496c elementor-widget elementor-widget-text-editor\" data-id=\"76a6496c\" data-element_type=\"widget\" data-e-type=\"widget\" data-widget_type=\"text-editor.default\">\n\t\t\t\t<div class=\"elementor-widget-container\">\n\t\t\t\t\t\t\t\t\t\n<h3 class=\"wp-block-heading\">Sz\u00e1ll\u00edt\u00e1si inform\u00e1ci\u00f3k<\/h3>\n\n<p>Order processing takes usually 1-2 business days. Once your order has been processed, and your payment completed, we\u2019ll send you all the information about the shipment. Some of our items are not on stock. Production usually takes about 1-2 weeks.<\/p>\n<p>Orders are not shipped or delivered on weekends or holidays. Shipping rates are determined by weight and destination. We ship Europe-wide, using GLS, FedEx.<\/p>\n\n<p>Miut\u00e1n a term\u00e9ket \u00e1tadjuk a csomagk\u00fcld\u0151 szolg\u00e1latnak, e-mail-ben \u00e9rtes\u00edtj\u00fck a v\u00e1s\u00e1rl\u00f3t. Az e-mail tartalmazza a k\u00fcldem\u00e9ny nyomon k\u00f6vet\u00e9si sz\u00e1m\u00e1t, aminek seg\u00edts\u00e9g\u00e9vel online is k\u00f6vethet\u0151 a csomag aktu\u00e1lis \u00e1llapota.<\/p>\n\n<h3 class=\"wp-block-heading\">Ingyenes sz\u00e1ll\u00edt\u00e1s<\/h3>\n\n<p>We offer free domestic shipping via GLS over 100\u20ac.<\/p>\n<p>Dekor t\u00e1rgyakra ingyenes eur\u00f3pai kisz\u00e1ll\u00edt\u00e1st v\u00e1llalunk 100EUR meghalad\u00f3 rendel\u00e9s eset\u00e9n.<\/p>\n<p>Az ingyenes sz\u00e1ll\u00edt\u00e1s (a term\u00e9k gy\u00e1rt\u00e1s\u00e1t k\u00f6vet\u0151en) 3\u20137 munkanapot vesz ig\u00e9nybe. Minden rendel\u00e9s online nyomon k\u00f6vethet\u0151, \u00e9s csomagbiztos\u00edt\u00e1st is tartalmaz.<\/p>\n\n<h3 class=\"wp-block-heading\">Nemzetk\u00f6zi sz\u00e1ll\u00edt\u00e1s<\/h3>\n\n<p>Nemzetk\u00f6zi sz\u00e1ll\u00edt\u00e1s jelenleg EUR\u00d3PA SZERTE el\u00e9rhet\u0151. (Kiv\u00e9telt k\u00e9pez: M\u00e1lta, Ciprus, Sv\u00e1jc. Ig\u00e9ny eset\u00e9n fel\u00e1r ellen\u00e9ben ezek orsz\u00e1gokba is sz\u00e1ll\u00edtunk.)<\/p>\n<p>We ship internationally with FedEx.<\/p>\n<p>We ship the items fully insured and listed at full retail value. Fed-ex, Express Mail generally takes 2 to 5 business days, not including any customs delays.<\/p>\n<p>Ha a csomagot a v\u00e1mhat\u00f3s\u00e1g megtagadja \u00e9s visszak\u00fcldi hozz\u00e1nk, visszat\u00e9r\u00edtj\u00fck a t\u00e9tel \u00e1r\u00e1t, de a sz\u00e1ll\u00edt\u00e1si k\u00f6lts\u00e9geket nem t\u00e9r\u00edtj\u00fck vissza.<br \/><b> Please note that you need to inspect the items while the delivery person is present and report any demages immediately.<\/b><\/p>\n\n<h3 class=\"wp-block-heading\">Visszak\u00fcld\u00e9si felt\u00e9telek<\/h3>\n\n<p>A webes visszak\u00fcld\u00e9sek a megrendel\u00e9s k\u00e9zbes\u00edt\u00e9s\u00e9t\u0151l sz\u00e1m\u00edtott 14 napon bel\u00fcl cser\u00e9re vagy visszat\u00e9r\u00edt\u00e9sre jogosultak.\u00a0<\/p>\n\n<p>The goods must be free from use, stains, demage, or any condition that would prevent them from being sold as new.<\/p>\n<p>K\u00fcl\u00f6nleges megrendel\u00e9sek, egyedi b\u00fatorok valamint az otthoni ill\u00f3anyagok nem jogosultak visszak\u00fcld\u00e9sre.<\/p>\n\n<p>Tov\u00e1bbi k\u00e9rd\u00e9seket a support@artofcosy.com e-mail c\u00edmre v\u00e1rjuk.<\/p>\n\n<p><strong>Visszak\u00fcld\u00e9si c\u00edm<\/strong><br \/>2045, T\u00f6r\u00f6kb\u00e1lint, Balassi B\u00e1lint utca 2. Magyarorsz\u00e1g\u00a0<\/p>\n\n<p>A visszak\u00fcld\u00f6tt term\u00e9kekhez csatold a sz\u00e1ml\u00e1t, amelyen t\u00fcntesd fel a visszak\u00fcld\u00e9s ok\u00e1t is (csere vagy visszat\u00e9r\u00edt\u00e9s).<\/p>\n\n<p>A visszak\u00fcld\u00e9s sz\u00e1ll\u00edt\u00e1si k\u00f6lts\u00e9geit a v\u00e1s\u00e1rl\u00f3t terhelik. Nem v\u00e1llalunk felel\u0151ss\u00e9get a sz\u00e1ll\u00edt\u00e1s sor\u00e1n elveszett csomagok k\u00f6lts\u00e9g\u00e9nek megt\u00e9r\u00edt\u00e9s\u00e9\u00e9rt vagy k\u00e1rt\u00e9r\u00edt\u00e9s\u00e9\u00e9rt, ha a sz\u00e1ll\u00edt\u00f3k nem igazolj\u00e1k a k\u00e9zbes\u00edt\u00e9st.<\/p>\n\n<p>If all conditions are met, the original form of payment will be credited, if not, all items will be shipped back to the customer with an explanation. Customer incurs all shipping costs for all returned items.<\/p>\n\n<p>Term\u00e9k\u00fcnk kifog\u00e1stalan \u00e1llapotban ker\u00fcl \u00e9rt\u00e9kes\u00edt\u00e9sre. A term\u00e9kek \u00e9rz\u00e9kenyek a s\u00e9r\u00fcl\u00e9sekre, ez\u00e9rt el\u0151zetes int\u00e9zked\u00e9seket \u00e9s karbantart\u00e1st ig\u00e9nyelnek.\u00a0<\/p>\n\n<p>\u00a0<\/p>\n\t\t\t\t\t\t\t\t<\/div>\n\t\t\t\t<\/div>\n\t\t\t\t\t<\/div>\n\t\t\t\t<\/div>\n\t\t\t\t<\/div>","protected":false},"excerpt":{"rendered":"<p>Shipping Order processing takes usually 1-2 business days. Once your order has been processed, and your payment completed, we\u2019ll send you all the information about the shipment. Some of our items are not on stock. Production usually takes about 1-2 weeks. Orders are not shipped or delivered on weekends or holidays. Shipping rates are determined [&hellip;]<\/p>","protected":false},"author":1,"featured_media":0,"parent":0,"menu_order":0,"comment_status":"closed","ping_status":"closed","template":"template-compact.php","meta":{"_acf_changed":false,"footnotes":""},"class_list":["post-106","page","type-page","status-publish","hentry"],"acf":[],"yoast_head":"<!-- This site is optimized with the Yoast SEO plugin v26.2 - https:\/\/yoast.com\/wordpress\/plugins\/seo\/ -->\n<title>Shipping &amp; Return - Art of Cosy<\/title>\n<meta name=\"robots\" content=\"index, follow, max-snippet:-1, max-image-preview:large, max-video-preview:-1\" \/>\n<link rel=\"canonical\" href=\"https:\/\/artofcosy.com\/hu\/shipping-returns\/\" \/>\n<meta property=\"og:locale\" content=\"hu_HU\" \/>\n<meta property=\"og:type\" content=\"article\" \/>\n<meta property=\"og:title\" content=\"Shipping &amp; Return - Art of Cosy\" \/>\n<meta property=\"og:description\" content=\"Shipping Order processing takes usually 1-2 business days. Once your order has been processed, and your payment completed, we\u2019ll send you all the information about the shipment. Some of our items are not on stock. Production usually takes about 1-2 weeks. Orders are not shipped or delivered on weekends or holidays. Shipping rates are determined [&hellip;]\" \/>\n<meta property=\"og:url\" content=\"https:\/\/artofcosy.com\/hu\/shipping-returns\/\" \/>\n<meta property=\"og:site_name\" content=\"Art of Cosy\" \/>\n<meta property=\"article:modified_time\" content=\"2025-02-23T14:32:32+00:00\" \/>\n<meta name=\"twitter:card\" content=\"summary_large_image\" \/>\n<meta name=\"twitter:label1\" content=\"Becs\u00fclt olvas\u00e1si id\u0151\" \/>\n\t<meta name=\"twitter:data1\" content=\"2 perc\" \/>\n<script type=\"application\/ld+json\" class=\"yoast-schema-graph\">{\"@context\":\"https:\/\/schema.org\",\"@graph\":[{\"@type\":\"WebPage\",\"@id\":\"https:\/\/artofcosy.com\/shipping-returns\/\",\"url\":\"https:\/\/artofcosy.com\/shipping-returns\/\",\"name\":\"Shipping & Return - Art of Cosy\",\"isPartOf\":{\"@id\":\"https:\/\/artofcosy.com\/#website\"},\"datePublished\":\"2023-06-13T17:07:23+00:00\",\"dateModified\":\"2025-02-23T14:32:32+00:00\",\"breadcrumb\":{\"@id\":\"https:\/\/artofcosy.com\/shipping-returns\/#breadcrumb\"},\"inLanguage\":\"hu\",\"potentialAction\":[{\"@type\":\"ReadAction\",\"target\":[\"https:\/\/artofcosy.com\/shipping-returns\/\"]}]},{\"@type\":\"BreadcrumbList\",\"@id\":\"https:\/\/artofcosy.com\/shipping-returns\/#breadcrumb\",\"itemListElement\":[{\"@type\":\"ListItem\",\"position\":1,\"name\":\"Home\",\"item\":\"https:\/\/artofcosy.com\/en\/\"},{\"@type\":\"ListItem\",\"position\":2,\"name\":\"Shipping &#038; Return\"}]},{\"@type\":\"WebSite\",\"@id\":\"https:\/\/artofcosy.com\/#website\",\"url\":\"https:\/\/artofcosy.com\/\",\"name\":\"Art of Cosy\",\"description\":\"\",\"publisher\":{\"@id\":\"https:\/\/artofcosy.com\/#organization\"},\"potentialAction\":[{\"@type\":\"SearchAction\",\"target\":{\"@type\":\"EntryPoint\",\"urlTemplate\":\"https:\/\/artofcosy.com\/?s={search_term_string}\"},\"query-input\":{\"@type\":\"PropertyValueSpecification\",\"valueRequired\":true,\"valueName\":\"search_term_string\"}}],\"inLanguage\":\"hu\"},{\"@type\":\"Organization\",\"@id\":\"https:\/\/artofcosy.com\/#organization\",\"name\":\"Art of Cosy\",\"url\":\"https:\/\/artofcosy.com\/\",\"logo\":{\"@type\":\"ImageObject\",\"inLanguage\":\"hu\",\"@id\":\"https:\/\/artofcosy.com\/#\/schema\/logo\/image\/\",\"url\":\"https:\/\/artofcosy.com\/wp-content\/uploads\/2023\/07\/AOC_new_logo-1.png\",\"contentUrl\":\"https:\/\/artofcosy.com\/wp-content\/uploads\/2023\/07\/AOC_new_logo-1.png\",\"width\":1200,\"height\":703,\"caption\":\"Art of Cosy\"},\"image\":{\"@id\":\"https:\/\/artofcosy.com\/#\/schema\/logo\/image\/\"}}]}<\/script>\n<!-- \/ Yoast SEO plugin. -->","yoast_head_json":{"title":"Shipping & Return - Art of Cosy","robots":{"index":"index","follow":"follow","max-snippet":"max-snippet:-1","max-image-preview":"max-image-preview:large","max-video-preview":"max-video-preview:-1"},"canonical":"https:\/\/artofcosy.com\/hu\/shipping-returns\/","og_locale":"hu_HU","og_type":"article","og_title":"Shipping & Return - Art of Cosy","og_description":"Shipping Order processing takes usually 1-2 business days. Once your order has been processed, and your payment completed, we\u2019ll send you all the information about the shipment. Some of our items are not on stock. Production usually takes about 1-2 weeks. Orders are not shipped or delivered on weekends or holidays. Shipping rates are determined [&hellip;]","og_url":"https:\/\/artofcosy.com\/hu\/shipping-returns\/","og_site_name":"Art of Cosy","article_modified_time":"2025-02-23T14:32:32+00:00","twitter_card":"summary_large_image","twitter_misc":{"Becs\u00fclt olvas\u00e1si id\u0151":"2 perc"},"schema":{"@context":"https:\/\/schema.org","@graph":[{"@type":"WebPage","@id":"https:\/\/artofcosy.com\/shipping-returns\/","url":"https:\/\/artofcosy.com\/shipping-returns\/","name":"Shipping & Return - Art of Cosy","isPartOf":{"@id":"https:\/\/artofcosy.com\/#website"},"datePublished":"2023-06-13T17:07:23+00:00","dateModified":"2025-02-23T14:32:32+00:00","breadcrumb":{"@id":"https:\/\/artofcosy.com\/shipping-returns\/#breadcrumb"},"inLanguage":"hu","potentialAction":[{"@type":"ReadAction","target":["https:\/\/artofcosy.com\/shipping-returns\/"]}]},{"@type":"BreadcrumbList","@id":"https:\/\/artofcosy.com\/shipping-returns\/#breadcrumb","itemListElement":[{"@type":"ListItem","position":1,"name":"Home","item":"https:\/\/artofcosy.com\/en\/"},{"@type":"ListItem","position":2,"name":"Shipping &#038; Return"}]},{"@type":"WebSite","@id":"https:\/\/artofcosy.com\/#website","url":"https:\/\/artofcosy.com\/","name":"Art of Cozy","description":"","publisher":{"@id":"https:\/\/artofcosy.com\/#organization"},"potentialAction":[{"@type":"SearchAction","target":{"@type":"EntryPoint","urlTemplate":"https:\/\/artofcosy.com\/?s={search_term_string}"},"query-input":{"@type":"PropertyValueSpecification","valueRequired":true,"valueName":"search_term_string"}}],"inLanguage":"hu"},{"@type":"Organization","@id":"https:\/\/artofcosy.com\/#organization","name":"Art of Cozy","url":"https:\/\/artofcosy.com\/","logo":{"@type":"ImageObject","inLanguage":"hu","@id":"https:\/\/artofcosy.com\/#\/schema\/logo\/image\/","url":"https:\/\/artofcosy.com\/wp-content\/uploads\/2023\/07\/AOC_new_logo-1.png","contentUrl":"https:\/\/artofcosy.com\/wp-content\/uploads\/2023\/07\/AOC_new_logo-1.png","width":1200,"height":703,"caption":"Art of Cosy"},"image":{"@id":"https:\/\/artofcosy.com\/#\/schema\/logo\/image\/"}}]}},"_links":{"self":[{"href":"https:\/\/artofcosy.com\/hu\/wp-json\/wp\/v2\/pages\/106","targetHints":{"allow":["GET"]}}],"collection":[{"href":"https:\/\/artofcosy.com\/hu\/wp-json\/wp\/v2\/pages"}],"about":[{"href":"https:\/\/artofcosy.com\/hu\/wp-json\/wp\/v2\/types\/page"}],"author":[{"embeddable":true,"href":"https:\/\/artofcosy.com\/hu\/wp-json\/wp\/v2\/users\/1"}],"replies":[{"embeddable":true,"href":"https:\/\/artofcosy.com\/hu\/wp-json\/wp\/v2\/comments?post=106"}],"version-history":[{"count":14,"href":"https:\/\/artofcosy.com\/hu\/wp-json\/wp\/v2\/pages\/106\/revisions"}],"predecessor-version":[{"id":4390,"href":"https:\/\/artofcosy.com\/hu\/wp-json\/wp\/v2\/pages\/106\/revisions\/4390"}],"wp:attachment":[{"href":"https:\/\/artofcosy.com\/hu\/wp-json\/wp\/v2\/media?parent=106"}],"curies":[{"name":"wp","href":"https:\/\/api.w.org\/{rel}","templated":true}]}}